{"id":313309,"date":"2024-02-15T16:02:10","date_gmt":"2024-02-15T15:02:10","guid":{"rendered":"https:\/\/www.moskito.cz\/?post_type=product&#038;p=313309"},"modified":"2025-05-07T11:02:45","modified_gmt":"2025-05-07T10:02:45","slug":"vystrelovaci-nuz-heretic-knives-colossus-h039-10a-gray","status":"publish","type":"product","link":"https:\/\/www.moskito.cz\/es\/produkt\/vystrelovaci-nuz-heretic-knives-colossus-h039-10a-gray\/","title":{"rendered":"Vyst\u0159elovac\u00ed N\u016f\u017e Heretic Knives Colossus H039-10A-GRAY"},"content":{"rendered":"<p>Vyst\u0159elovac\u00ed N\u016f\u017e <strong>Heretic Knives<\/strong> Colossus H039-10A-GRAY.<\/p>\n<p>Tento dvoj\u010dinn\u00fd OTF Auto se vyzna\u010duje slo\u017eit\u011b brou\u0161enou \u010depel\u00ed, p\u0159ehnanou hou\u017eevnatost\u00ed, rychlej\u0161\u00ed ne\u017e bleskovou akc\u00ed a p\u0159izp\u016fsoben\u00edm a povrchovou \u00fapravou, kterou byste o\u010dek\u00e1vali od \u0161pi\u010dkov\u00e9ho zak\u00e1zkov\u00e9ho no\u017ee. Tony Jr. studoval um\u011bn\u00ed grindu od jednoho z nejlep\u0161\u00edch, co kdy \u017eil, a tato dvoubarevn\u00e1 taktick\u00e1 \u010depel s jedn\u00edm ost\u0159\u00edm je jedn\u00edm z nejlep\u0161\u00edch styl\u016f EDC, kter\u00e9 lze za pen\u00edze koupit. Heretic Knives Colossus je takticky inspirovan\u00e1 dvou\u010dinn\u00e1, p\u0159edn\u00ed automatick\u00e1, kter\u00e1 se nach\u00e1z\u00ed t\u011bsn\u011b pod d\u00e9lkou Manticore-X pro snadn\u00e9 p\u0159en\u00e1\u0161en\u00ed a z\u00e1rove\u0148 je robustn\u011bj\u0161\u00ed. Rukojeti z eloxovan\u00e9ho leteck\u00e9ho hlin\u00edku jsou obrobeny se strategick\u00fdmi vroubky pro trakci, kter\u00e9 poskytuj\u00ed jist\u00fd \u00fachop pro ovl\u00e1d\u00e1n\u00ed \u010depele S\/E prost\u0159ednictv\u00edm dvoj\u010dinn\u00e9ho mechanismu.<\/p>\n<p>Heretic <strong>Knives Colossus<\/strong> Two-Tone Black S\/E, \u0161ed\u00e1 rukoje\u0165, \u010dern\u00fd klip a hardware H039-10A-GRAY Specifikace:<\/p>\n<p>D\u00e9lka \u010depele: 9 cm<br \/>\nCelkov\u00e1 d\u00e9lka: 22 cm<br \/>\nMateri\u00e1l rukojeti: Eloxovan\u00fd hlin\u00edk<br \/>\nMateri\u00e1l \u010depele: Magnacut<br \/>\nStyl \u010depele: Single Edge<br \/>\nPovrchov\u00e1 \u00faprava: dvoubarevn\u00e1 \u010dern\u00e1<br \/>\nBarva: \u0160ed\u00e1<br \/>\nHmotnost: 4,5 oz<\/p>\n<p><iframe title=\"Heretic Shop Video\" width=\"800\" height=\"450\" src=\"https:\/\/www.youtube.com\/embed\/7qUL5q7Cvgo?feature=oembed\" frameborder=\"0\" allow=\"accelerometer; autoplay; clipboard-write; encrypted-media; gyroscope; picture-in-picture; web-share\" referrerpolicy=\"strict-origin-when-cross-origin\" allowfullscreen><\/iframe><\/p>\n<p>&nbsp;<\/p>\n","protected":false},"excerpt":{"rendered":"<div class=\"elementor-element elementor-element-bbb542b elementor-widget elementor-widget-woocommerce-product-short-description\" data-id=\"bbb542b\" data-element_type=\"widget\" data-widget_type=\"woocommerce-product-short-description.default\">\n<div class=\"elementor-widget-container\">\n<div class=\"woocommerce-product-details__short-description\">\n<div class=\"elementor-element elementor-element-bbb542b elementor-widget elementor-widget-woocommerce-product-short-description\" data-id=\"bbb542b\" data-element_type=\"widget\" data-widget_type=\"woocommerce-product-short-description.default\">\n<div class=\"elementor-widget-container\">\n<div class=\"woocommerce-product-details__short-description\">\n<p><strong>V\u0161echny na\u0161e no\u017ee jsou vyrobeny v USA a tak to zachov\u00e1me. Kdy\u017e si koup\u00edte n\u011bkter\u00fd z na\u0161ich no\u017e\u016f, m\u016f\u017eete m\u00edt d\u016fv\u011bru ve sv\u016fj n\u00e1stroj s v\u011bdom\u00edm, \u017ee je podporov\u00e1n americkou spole\u010dnost\u00ed. Na\u0161e no\u017ee jsou vyr\u00e1b\u011bny v mal\u00fdch s\u00e9ri\u00edch, abychom zajistili, \u017ee dostanete kvalitn\u00ed n\u016f\u017e, kter\u00e9mu se dost\u00e1v\u00e1 pozornosti, jak\u00e9 se nedost\u00e1v\u00e1 jin\u00fdm s\u00e9riov\u011b vyr\u00e1b\u011bn\u00fdm no\u017e\u016fm!!<\/strong><\/p>\n<p><strong>Doprava zdarma.<\/strong><\/p>\n<\/div>\n<\/div>\n<\/div>\n<\/div>\n<\/div>\n<\/div>\n","protected":false},"featured_media":313310,"comment_status":"open","ping_status":"closed","template":"","meta":[],"pwb-brand":[318],"product_brand":[],"product_cat":[2019,17],"product_tag":[],"class_list":{"0":"post-313309","1":"product","2":"type-product","3":"status-publish","4":"has-post-thumbnail","6":"pwb-brand-heretic-knives","7":"product_cat-vystrelovaci-noze","8":"product_cat-noze","10":"first","11":"instock","12":"taxable","13":"shipping-taxable","14":"purchasable","15":"product-type-simple"},"brands":[{"id":318,"name":"Heretic Knives","slug":"heretic-knives"}],"_links":{"self":[{"href":"https:\/\/www.moskito.cz\/es\/wp-json\/wp\/v2\/product\/313309","targetHints":{"allow":["GET"]}}],"collection":[{"href":"https:\/\/www.moskito.cz\/es\/wp-json\/wp\/v2\/product"}],"about":[{"href":"https:\/\/www.moskito.cz\/es\/wp-json\/wp\/v2\/types\/product"}],"replies":[{"embeddable":true,"href":"https:\/\/www.moskito.cz\/es\/wp-json\/wp\/v2\/comments?post=313309"}],"wp:featuredmedia":[{"embeddable":true,"href":"https:\/\/www.moskito.cz\/es\/wp-json\/wp\/v2\/media\/313310"}],"wp:attachment":[{"href":"https:\/\/www.moskito.cz\/es\/wp-json\/wp\/v2\/media?parent=313309"}],"wp:term":[{"taxonomy":"pwb-brand","embeddable":true,"href":"https:\/\/www.moskito.cz\/es\/wp-json\/wp\/v2\/pwb-brand?post=313309"},{"taxonomy":"product_brand","embeddable":true,"href":"https:\/\/www.moskito.cz\/es\/wp-json\/wp\/v2\/product_brand?post=313309"},{"taxonomy":"product_cat","embeddable":true,"href":"https:\/\/www.moskito.cz\/es\/wp-json\/wp\/v2\/product_cat?post=313309"},{"taxonomy":"product_tag","embeddable":true,"href":"https:\/\/www.moskito.cz\/es\/wp-json\/wp\/v2\/product_tag?post=313309"}],"curies":[{"name":"wp","href":"https:\/\/api.w.org\/{rel}","templated":true}]}}