{"id":313770,"date":"2023-12-11T20:55:51","date_gmt":"2024-02-20T13:44:44","guid":{"rendered":"https:\/\/www.moskito.cz\/produkt\/cuchillo-de-cierre-microtech-msi-apocalyptic-210t-10appmbk\/"},"modified":"2025-05-07T11:02:48","modified_gmt":"2025-05-07T10:02:48","slug":"cuchillo-de-cierre-microtech-msi-apocalyptic-210t-10appmbk","status":"publish","type":"product","link":"https:\/\/www.moskito.cz\/es\/produkt\/cuchillo-de-cierre-microtech-msi-apocalyptic-210t-10appmbk\/","title":{"rendered":"Cuchillo de cierre Microtech MSI Apocalyptic 210T-10APPMBK"},"content":{"rendered":"<p>Cuchillo de cierre <strong>Microtech<\/strong> MSI Apocalyptic 210T-10APPMBK<\/p>\n<p>Lanzado en 2023, <strong>el MSI<\/strong> (Microtech Standard Issue) es el primer cuchillo de <strong>Microtech<\/strong> que presenta la fant\u00e1stica tecnolog\u00eda RAM-LOK. Esta cerradura de barra transversal de aspecto resistente presenta el patr\u00f3n de pasos caracter\u00edstico de Microtech que se hizo famoso por la serie de interruptores de control Ultratech. El gran corte de la hoja proporciona mucho espacio para un movimiento hacia atr\u00e1s con el dedo medio, as\u00ed como para una apertura lenta est\u00e1ndar del pulgar con o sin guantes. Si no se siente c\u00f3modo con ninguno de estos, simplemente tire del RAM-LOK y la hoja se abrir\u00e1 con un simple movimiento de mu\u00f1eca. Los pu\u00f1os inyectados son suaves y ligeramente pegajosos, lo que proporciona un gran potencial de agarre tanto en pu\u00f1os est\u00e1ndar como invertidos. Resistente, duradero, de valor extremadamente alto y fabricado en los EE. UU.; Sabemos que MSI se convertir\u00e1 r\u00e1pidamente en un favorito de los fan\u00e1ticos entre todos los miembros de la comunidad de cuchillos.<\/p>\n<p>Especificaciones:<br \/>\nLongitud total: 22,7 cm<br \/>\nLongitud de la hoja: 9,9 cm<br \/>\nGrosor de la hoja: 0,4 cm.<br \/>\nAcero de la hoja: acero inoxidable Bohler M390MK<br \/>\nGrosor de la hoja: 0,158&#8243;<br \/>\nEstilo de hoja: pie de oveja modificado<br \/>\nRectificado de la hoja: Plano<br \/>\nAcabado de la hoja: Apocal\u00edptico<br \/>\nMaterial del mango: Pol\u00edmero moldeado por inyecci\u00f3n negro<br \/>\nMaterial de inserci\u00f3n: acero inoxidable<br \/>\nGrosor del mango: 0,545&#8243;<br \/>\nMecanismo de bloqueo: RAM-LOK<br \/>\nClip de bolsillo: Acero inoxidable (plegable, desgaste hacia la izquierda\/derecha)<br \/>\nPeso: 4,52 onzas.<br \/>\nDise\u00f1ador: Tony Marfione<br \/>\nHecho en EE.UU<\/p>\n<p><iframe title=\"Microtech Combat Troodon Torture Test\" width=\"800\" height=\"450\" src=\"https:\/\/www.youtube.com\/embed\/xE9TeOFYEjg?feature=oembed\" frameborder=\"0\" allow=\"accelerometer; autoplay; clipboard-write; encrypted-media; gyroscope; picture-in-picture; web-share\" allowfullscreen><\/iframe><\/p>\n<p>&nbsp;<\/p>\n","protected":false},"excerpt":{"rendered":"<p><strong>A lo largo de los a\u00f1os, Microtech\u00ae Knives ha llenado los cuchillos con pasi\u00f3n y habilidad para crear casi obras de arte que son el pin\u00e1culo de la funcionalidad. Todas las piezas se fabrican en los EE. UU.<\/strong><br \/>\n<strong>Todos los cuchillos Microtech vienen con una garant\u00eda de por vida.<\/strong><\/p>\n<p><strong>Env\u00edo gratis.<\/strong><\/p>\n","protected":false},"featured_media":313771,"comment_status":"open","ping_status":"closed","template":"","meta":[],"pwb-brand":[3752],"product_brand":[],"product_cat":[3730,3726],"product_tag":[3756],"class_list":{"0":"post-313770","1":"product","2":"type-product","3":"status-publish","4":"has-post-thumbnail","6":"pwb-brand-microtecnologia","7":"product_cat-cuchillas-de-cierre","8":"product_cat-cuchillos","9":"product_tag-b2b-es","11":"first","12":"outofstock","13":"taxable","14":"shipping-taxable","15":"purchasable","16":"product-type-simple"},"brands":[{"id":3752,"name":"microtecnolog\u00eda","slug":"microtecnologia"}],"_links":{"self":[{"href":"https:\/\/www.moskito.cz\/es\/wp-json\/wp\/v2\/product\/313770","targetHints":{"allow":["GET"]}}],"collection":[{"href":"https:\/\/www.moskito.cz\/es\/wp-json\/wp\/v2\/product"}],"about":[{"href":"https:\/\/www.moskito.cz\/es\/wp-json\/wp\/v2\/types\/product"}],"replies":[{"embeddable":true,"href":"https:\/\/www.moskito.cz\/es\/wp-json\/wp\/v2\/comments?post=313770"}],"wp:featuredmedia":[{"embeddable":true,"href":"https:\/\/www.moskito.cz\/es\/wp-json\/wp\/v2\/media\/313771"}],"wp:attachment":[{"href":"https:\/\/www.moskito.cz\/es\/wp-json\/wp\/v2\/media?parent=313770"}],"wp:term":[{"taxonomy":"pwb-brand","embeddable":true,"href":"https:\/\/www.moskito.cz\/es\/wp-json\/wp\/v2\/pwb-brand?post=313770"},{"taxonomy":"product_brand","embeddable":true,"href":"https:\/\/www.moskito.cz\/es\/wp-json\/wp\/v2\/product_brand?post=313770"},{"taxonomy":"product_cat","embeddable":true,"href":"https:\/\/www.moskito.cz\/es\/wp-json\/wp\/v2\/product_cat?post=313770"},{"taxonomy":"product_tag","embeddable":true,"href":"https:\/\/www.moskito.cz\/es\/wp-json\/wp\/v2\/product_tag?post=313770"}],"curies":[{"name":"wp","href":"https:\/\/api.w.org\/{rel}","templated":true}]}}