{"id":313983,"date":"2021-09-23T13:13:14","date_gmt":"2024-02-29T10:17:23","guid":{"rendered":"https:\/\/www.moskito.cz\/produkt\/cuchillo-de-tiro-microtech-exocet-sandtrooper-157-1sa\/"},"modified":"2025-05-07T11:02:49","modified_gmt":"2025-05-07T10:02:49","slug":"cuchillo-de-tiro-microtech-exocet-sandtrooper-157-1sa","status":"publish","type":"product","link":"https:\/\/www.moskito.cz\/es\/produkt\/cuchillo-de-tiro-microtech-exocet-sandtrooper-157-1sa\/","title":{"rendered":"Cuchillo de tiro Microtech Exocet Sandtrooper 157-1SA"},"content":{"rendered":"<p>Cuchillo de Tiro <strong>Microtech<\/strong> Exocet Sandtrooper 157-1SA.<\/p>\n<p>La estrella de la gama Microtech para 2019, el Exocet re\u00fane utilidad y practicidad cotidiana en un paquete \u00fanico. Este OTF autom\u00e1tico es innovador y el primero de su tipo en albergar una hoja de menos de una pulgada utilizada legalmente en California y tambi\u00e9n funciona como clip para billetes, lo que lo hace ideal para llevarlo a diario. Su apariencia puede sorprenderte cuando lo veas por primera vez, pero la sensaci\u00f3n de ansiedad desaparecer\u00e1 la primera vez que lo ejecutes. Este cuchillo dispara m\u00e1s r\u00e1pido y m\u00e1s f\u00e1cilmente que cualquier otro Microtech OTF, lo que lo convierte en el regalo perfecto para su pareja o para usted mismo. Esta versi\u00f3n tiene una hoja envejecida de arena blanca y empu\u00f1aduras que denominan a este modelo Sandtrooper. El clip de bolsillo tambi\u00e9n tiene un logo de la cresta imperial muy atractivo, que era el s\u00edmbolo de seis brazos del imperio gal\u00e1ctico de Sheev Palpatine.<br \/>\nEspecificaciones<\/p>\n<p>Longitud de la hoja: 5 cm<\/p>\n<p>Largo total: 14cm<\/p>\n<p>Material de la hoja: M390<\/p>\n<p>Estilo de hoja: Daga de doble filo<\/p>\n<p>Rectificado de la hoja: Plano<\/p>\n<p>Acabado de la hoja: Sandtrooper blanco<\/p>\n<p>Material del mango: aluminio blanco Sandtrooper 6061-T6<\/p>\n<p>Mecanismo de bloqueo: corredera<\/p>\n<p>Clip de bolsillo: acero inoxidable (plegable, derecha\/izquierda)<\/p>\n<p>Peso: 3,0 onzas.<\/p>\n<p>Dise\u00f1ador: Tony Marfione<\/p>\n<p>Hecho en EE.UU<\/p>\n<p><iframe title=\"Microtech Combat Troodon Torture Test\" width=\"800\" height=\"450\" src=\"https:\/\/www.youtube.com\/embed\/xE9TeOFYEjg?feature=oembed\" frameborder=\"0\" allow=\"accelerometer; autoplay; clipboard-write; encrypted-media; gyroscope; picture-in-picture; web-share\" allowfullscreen><\/iframe><\/p>\n<p>&nbsp;<\/p>\n<p>La estrella de la l\u00ednea 2019 de Microtech, el Exocet, combina utilidad y practicidad diaria en un paquete \u00fanico. Innovador y el primero de su tipo, este OTF autom\u00e1tico oculta una hoja de menos de dos pulgadas legal en California y tambi\u00e9n funciona como clip para billetes, lo que lo hace perfecto para llevarlo a diario. Su apariencia puede tomarte por sorpresa la primera vez que lo veas, pero la sensaci\u00f3n de inquietud desaparecer\u00e1 con la primera pulsaci\u00f3n. Este cuchillo dispara m\u00e1s r\u00e1pido y m\u00e1s f\u00e1cilmente que cualquier otro OTF de Microtech, por lo que es un regalo perfecto para su pareja o para usted mismo. Esta versi\u00f3n tiene hoja y mangos con acabado envejecido en arena blanca, lo que denomina a este modelo Sandtrooper. Tambi\u00e9n presenta un logo de la cresta imperial muy atractivo en el clip de bolsillo, que era el s\u00edmbolo de seis radios del Imperio Gal\u00e1ctico de Sheev Palpatine.<br \/>\nEspecificaciones<\/p>\n<p>Longitud de la hoja: 1,98&#8243;<\/p>\n<p>Filo: 1.875&#8243;<\/p>\n<p>Longitud cerrada: 3,62&#8243;<\/p>\n<p>Longitud total: 5.60&#8243;<\/p>\n<p>Material de la hoja: El acero de la hoja para este a\u00f1o ser\u00e1 Carpenter CTS-204P; hasta agotar existencias de metal, las hojas tambi\u00e9n pueden ser M390 o Elmax.<\/p>\n<p>Grosor de la hoja: 0,067&#8243;<\/p>\n<p>Estilo de hoja: Daga de doble filo<\/p>\n<p>Rectificado de la hoja: Plano<\/p>\n<p>Acabado de la hoja: Sandtrooper blanco<\/p>\n<p>Material del mango: Aluminio Sandtrooper 6061-T6 blanco<\/p>\n<p>Grosor del mango: 0,35&#8243;<\/p>\n<p>Mecanismo de bloqueo: deslizante<\/p>\n<p>Clip de bolsillo: Acero inoxidable (punta hacia abajo, transporte derecho\/izquierdo)<\/p>\n<p>Peso: 3,0 onzas.<\/p>\n<p>Dise\u00f1ador: Tony Marfione<\/p>\n<p>Hecho en los EE.UU.<\/p>\n","protected":false},"excerpt":{"rendered":"<div class=\"elementor-element elementor-element-bbb542b elementor-widget elementor-widget-woocommerce-product-short-description\" data-id=\"bbb542b\" data-element_type=\"widget\" data-widget_type=\"woocommerce-product-short-description.default\">\n<div class=\"elementor-widget-container\">\n<div class=\"woocommerce-product-details__short-description\">\n<p>A lo largo de los a\u00f1os, Microtech\u00ae Knives ha llenado los cuchillos con pasi\u00f3n y habilidad para crear casi obras de arte que son el pin\u00e1culo de la funcionalidad. Todas las piezas se fabrican en los EE. UU.<br \/>\n<strong>Todos los cuchillos Microtech vienen con una garant\u00eda de por vida.<\/strong><\/p>\n<p><strong>Transporte gratuito.<\/strong><\/p>\n<\/div>\n<\/div>\n<\/div>\n","protected":false},"featured_media":313984,"comment_status":"open","ping_status":"closed","template":"","meta":[],"pwb-brand":[3752],"product_brand":[],"product_cat":[3726,3729],"product_tag":[3756],"class_list":{"0":"post-313983","1":"product","2":"type-product","3":"status-publish","4":"has-post-thumbnail","6":"pwb-brand-microtecnologia","7":"product_cat-cuchillos","8":"product_cat-cuchillos-de-tiro","9":"product_tag-b2b-es","11":"first","12":"outofstock","13":"taxable","14":"shipping-taxable","15":"purchasable","16":"product-type-simple"},"brands":[{"id":3752,"name":"microtecnolog\u00eda","slug":"microtecnologia"}],"_links":{"self":[{"href":"https:\/\/www.moskito.cz\/es\/wp-json\/wp\/v2\/product\/313983","targetHints":{"allow":["GET"]}}],"collection":[{"href":"https:\/\/www.moskito.cz\/es\/wp-json\/wp\/v2\/product"}],"about":[{"href":"https:\/\/www.moskito.cz\/es\/wp-json\/wp\/v2\/types\/product"}],"replies":[{"embeddable":true,"href":"https:\/\/www.moskito.cz\/es\/wp-json\/wp\/v2\/comments?post=313983"}],"wp:featuredmedia":[{"embeddable":true,"href":"https:\/\/www.moskito.cz\/es\/wp-json\/wp\/v2\/media\/313984"}],"wp:attachment":[{"href":"https:\/\/www.moskito.cz\/es\/wp-json\/wp\/v2\/media?parent=313983"}],"wp:term":[{"taxonomy":"pwb-brand","embeddable":true,"href":"https:\/\/www.moskito.cz\/es\/wp-json\/wp\/v2\/pwb-brand?post=313983"},{"taxonomy":"product_brand","embeddable":true,"href":"https:\/\/www.moskito.cz\/es\/wp-json\/wp\/v2\/product_brand?post=313983"},{"taxonomy":"product_cat","embeddable":true,"href":"https:\/\/www.moskito.cz\/es\/wp-json\/wp\/v2\/product_cat?post=313983"},{"taxonomy":"product_tag","embeddable":true,"href":"https:\/\/www.moskito.cz\/es\/wp-json\/wp\/v2\/product_tag?post=313983"}],"curies":[{"name":"wp","href":"https:\/\/api.w.org\/{rel}","templated":true}]}}