{"id":314002,"date":"2024-02-15T15:46:14","date_gmt":"2024-02-15T14:46:14","guid":{"rendered":"https:\/\/www.moskito.cz\/produkt\/cuchillo-de-tiro-heretic-knives-cleric-ii-lavado-a-la-piedra-h019-2b\/"},"modified":"2025-05-07T11:02:51","modified_gmt":"2025-05-07T10:02:51","slug":"cuchillo-de-tiro-heretic-knives-cleric-ii-lavado-a-la-piedra-h019-2b","status":"publish","type":"product","link":"https:\/\/www.moskito.cz\/es\/produkt\/cuchillo-de-tiro-heretic-knives-cleric-ii-lavado-a-la-piedra-h019-2b\/","title":{"rendered":"Cuchillo de tiro Heretic Knives Cleric II Lavado a la piedra H019-2B"},"content":{"rendered":"<p>Cuchillo de tiro <strong>Heretic Knives<\/strong> Cleric II Lavado a la piedra H019-2B<\/p>\n<p>\u00a1El Heretic Knives Cleric II es un auto frontal de doble acci\u00f3n con un corte y acabado de alta calidad y una acci\u00f3n D\/A OTF s\u00faper suave! Est\u00e1 equipado con una cubierta frontal deslizante para una f\u00e1cil operaci\u00f3n. Uno de los cuchillos OTF de doble acci\u00f3n m\u00e1s largos en producci\u00f3n y un fuerte competidor del antiguo Microtech Makora II, seguramente le complacer\u00e1. Completo con clip de bolsillo de titanio fresado.<\/p>\n<p>Este modelo cuenta con un mango de aluminio anodizado negro con inserciones de metal con textura plateada en ambos lados. Hoja tanto de acero inoxidable CPM-Magnacut con acabado Stonewash y borde parcialmente dentado. Herrajes con acabado de granalla. Clip de bolsillo de titanio fresado con acabado lavado a la piedra. El lateral del marco est\u00e1 grabado con el logotipo de Heretic, informaci\u00f3n del modelo y n\u00famero de serie.<\/p>\n<p>Pa\u00eds de origen: EE.UU.<br \/>\nFecha de origen: 2023<br \/>\nMaterial del mango: Aluminio<br \/>\nMaterial de la hoja: CPM-Magnacut<br \/>\nEstilo de hoja: Tanto<br \/>\nTratamiento superficial de la hoja: Stonewash<br \/>\nTipo de borde: Dentado<br \/>\nModelo\/Patr\u00f3n: Cl\u00e9rigo II<br \/>\nTipo de cuchillo: OTF autom\u00e1tico de doble acci\u00f3n<br \/>\nTipo de bloqueo: frontal<br \/>\nLongitud de la hoja: 10,62 cm<br \/>\nLongitud total: 24,68 cm.<\/p>\n<p>&nbsp;<\/p>\n","protected":false},"excerpt":{"rendered":"<div class=\"elementor-element elementor-element-bbb542b elementor-widget elementor-widget-woocommerce-product-short-description\" data-id=\"bbb542b\" data-element_type=\"widget\" data-widget_type=\"woocommerce-product-short-description.default\">\n<div class=\"elementor-widget-container\">\n<div class=\"woocommerce-product-details__short-description\">\n<div class=\"elementor-element elementor-element-bbb542b elementor-widget elementor-widget-woocommerce-product-short-description\" data-id=\"bbb542b\" data-element_type=\"widget\" data-widget_type=\"woocommerce-product-short-description.default\">\n<div class=\"elementor-widget-container\">\n<div class=\"woocommerce-product-details__short-description\">\n<p><strong>Todos nuestros cuchillos est\u00e1n fabricados en los EE. UU. y lo mantendremos as\u00ed. Cuando compra uno de nuestros cuchillos, puede confiar en su herramienta sabiendo que est\u00e1 respaldada por una empresa estadounidense. \u00a1Nuestros cuchillos se fabrican en peque\u00f1os lotes para garantizar que obtenga un cuchillo de calidad que reciba la atenci\u00f3n que otros cuchillos producidos en masa no reciben!<\/strong><\/p>\n<p><strong>Transporte gratuito.<\/strong><\/p>\n<\/div>\n<\/div>\n<\/div>\n<\/div>\n<\/div>\n<\/div>\n","protected":false},"featured_media":314003,"comment_status":"open","ping_status":"closed","template":"","meta":[],"pwb-brand":[3757],"product_brand":[],"product_cat":[3729,3726],"product_tag":[3756],"class_list":{"0":"post-314002","1":"product","2":"type-product","3":"status-publish","4":"has-post-thumbnail","6":"pwb-brand-cuchillos-herejes","7":"product_cat-cuchillos-de-tiro","8":"product_cat-cuchillos","9":"product_tag-b2b-es","11":"first","12":"outofstock","13":"taxable","14":"shipping-taxable","15":"purchasable","16":"product-type-simple"},"brands":[{"id":3757,"name":"Cuchillos herejes","slug":"cuchillos-herejes"}],"_links":{"self":[{"href":"https:\/\/www.moskito.cz\/es\/wp-json\/wp\/v2\/product\/314002","targetHints":{"allow":["GET"]}}],"collection":[{"href":"https:\/\/www.moskito.cz\/es\/wp-json\/wp\/v2\/product"}],"about":[{"href":"https:\/\/www.moskito.cz\/es\/wp-json\/wp\/v2\/types\/product"}],"replies":[{"embeddable":true,"href":"https:\/\/www.moskito.cz\/es\/wp-json\/wp\/v2\/comments?post=314002"}],"wp:featuredmedia":[{"embeddable":true,"href":"https:\/\/www.moskito.cz\/es\/wp-json\/wp\/v2\/media\/314003"}],"wp:attachment":[{"href":"https:\/\/www.moskito.cz\/es\/wp-json\/wp\/v2\/media?parent=314002"}],"wp:term":[{"taxonomy":"pwb-brand","embeddable":true,"href":"https:\/\/www.moskito.cz\/es\/wp-json\/wp\/v2\/pwb-brand?post=314002"},{"taxonomy":"product_brand","embeddable":true,"href":"https:\/\/www.moskito.cz\/es\/wp-json\/wp\/v2\/product_brand?post=314002"},{"taxonomy":"product_cat","embeddable":true,"href":"https:\/\/www.moskito.cz\/es\/wp-json\/wp\/v2\/product_cat?post=314002"},{"taxonomy":"product_tag","embeddable":true,"href":"https:\/\/www.moskito.cz\/es\/wp-json\/wp\/v2\/product_tag?post=314002"}],"curies":[{"name":"wp","href":"https:\/\/api.w.org\/{rel}","templated":true}]}}