{"id":314424,"date":"2024-03-03T00:34:33","date_gmt":"2024-03-02T23:35:54","guid":{"rendered":"https:\/\/www.moskito.cz\/produkt\/fijaciones-cuchillo-ctkt-damasco-hirin-5042b\/"},"modified":"2025-05-07T11:03:04","modified_gmt":"2025-05-07T10:03:04","slug":"fijaciones-cuchillo-ctkt-damasco-hirin-5042b","status":"publish","type":"product","link":"https:\/\/www.moskito.cz\/es\/produkt\/fijaciones-cuchillo-ctkt-damasco-hirin-5042b\/","title":{"rendered":"Fijaciones Cuchillo CTKT Damasco Hirin 5042B"},"content":{"rendered":"<p>Cuchillo de sujeci\u00f3n <strong>CTKT<\/strong> Damasco Hirin 5042B.<\/p>\n<p>Una mirada a Hirin\u2122 es todo lo que necesitas para saber que es algo especial. Patr\u00f3n detallado de la hoja Damasteel\u00ae Super Dense Twist\u2122 con grabado \u00e1cido. Mango de titanio anodizado y torniller\u00eda de acero inoxidable. Impresionante construcci\u00f3n esquel\u00e9tica, tanto org\u00e1nica como de otro mundo. Incluso el clip de bolsillo personalizado, tambi\u00e9n Damasteel\u00ae, complementa perfectamente la forma elegante y sim\u00e9trica del cuchillo.<br \/>\nBien construido: hecho en Italia.<br \/>\nMateriales de primera calidad: el acero de hoja Damasteel\u00ae Super Dense Twist\u2122 proporciona un rendimiento de corte superior<br \/>\nFuerte y ligero: el mango de titanio combina resistencia con un peso m\u00ednimo<br \/>\nMateriales de primera calidad: clip de bolsillo Super Dense Twist\u2122 Damasteel\u00ae para una dureza y resistencia inigualables.<\/p>\n<p>Longitud de la hoja: 9 cm<\/p>\n<p>Longitud total: 22 cm<\/p>\n<p>Peso: 168 gramos<\/p>\n<p>Material del mango: Titanio<\/p>\n<p>Hoja: Damasco<\/p>\n<p><iframe title=\"CRKT Hirin\u2122 I Dew Hara Design\" width=\"800\" height=\"450\" src=\"https:\/\/www.youtube.com\/embed\/s9SQ3aUdCBs?feature=oembed\" frameborder=\"0\" allow=\"accelerometer; autoplay; clipboard-write; encrypted-media; gyroscope; picture-in-picture; web-share\" allowfullscreen><\/iframe><\/p>\n<p>&nbsp;<\/p>\n<p>&nbsp;<\/p>\n","protected":false},"excerpt":{"rendered":"<p><strong>Dew Hara es un producto de su entorno\u2026literalmente. Los fabricantes de su ciudad natal, Seki, Jap\u00f3n, son conocidos por dise\u00f1ar y producir algunos de los utensilios de cocina de mejor calidad del mundo. Tambi\u00e9n lleva el mundialmente famoso nombre de Hara; su padre, Koji Hara, es uno de los dise\u00f1adores m\u00e1s respetados del mundo. Sin embargo, el trabajo de Dew se mantiene s\u00f3lido por s\u00ed solo: su capacidad para infundir elementos del mundo natural no tiene paralelo y solo ha ara\u00f1ado la superficie de lo que seguramente ser\u00e1 una carrera larga y productiva.<\/strong><\/p>\n","protected":false},"featured_media":314368,"comment_status":"open","ping_status":"closed","template":"","meta":[],"pwb-brand":[3765],"product_brand":[],"product_cat":[3726,3764],"product_tag":[],"class_list":{"0":"post-314424","1":"product","2":"type-product","3":"status-publish","4":"has-post-thumbnail","6":"pwb-brand-crkt-es","7":"product_cat-cuchillos","8":"product_cat-cuchillos-damasquinados","10":"first","11":"outofstock","12":"taxable","13":"shipping-taxable","14":"purchasable","15":"product-type-simple"},"brands":[{"id":3765,"name":"CRKT","slug":"crkt-es"}],"_links":{"self":[{"href":"https:\/\/www.moskito.cz\/es\/wp-json\/wp\/v2\/product\/314424","targetHints":{"allow":["GET"]}}],"collection":[{"href":"https:\/\/www.moskito.cz\/es\/wp-json\/wp\/v2\/product"}],"about":[{"href":"https:\/\/www.moskito.cz\/es\/wp-json\/wp\/v2\/types\/product"}],"replies":[{"embeddable":true,"href":"https:\/\/www.moskito.cz\/es\/wp-json\/wp\/v2\/comments?post=314424"}],"wp:featuredmedia":[{"embeddable":true,"href":"https:\/\/www.moskito.cz\/es\/wp-json\/wp\/v2\/media\/314368"}],"wp:attachment":[{"href":"https:\/\/www.moskito.cz\/es\/wp-json\/wp\/v2\/media?parent=314424"}],"wp:term":[{"taxonomy":"pwb-brand","embeddable":true,"href":"https:\/\/www.moskito.cz\/es\/wp-json\/wp\/v2\/pwb-brand?post=314424"},{"taxonomy":"product_brand","embeddable":true,"href":"https:\/\/www.moskito.cz\/es\/wp-json\/wp\/v2\/product_brand?post=314424"},{"taxonomy":"product_cat","embeddable":true,"href":"https:\/\/www.moskito.cz\/es\/wp-json\/wp\/v2\/product_cat?post=314424"},{"taxonomy":"product_tag","embeddable":true,"href":"https:\/\/www.moskito.cz\/es\/wp-json\/wp\/v2\/product_tag?post=314424"}],"curies":[{"name":"wp","href":"https:\/\/api.w.org\/{rel}","templated":true}]}}