{"id":314480,"date":"2024-03-04T16:27:49","date_gmt":"2024-03-04T15:33:53","guid":{"rendered":"https:\/\/www.moskito.cz\/produkt\/cuchillo-de-tiro-microtech-hera-ii-lavado-a-la-piedra-1702-10\/"},"modified":"2025-05-07T11:03:05","modified_gmt":"2025-05-07T10:03:05","slug":"cuchillo-de-tiro-microtech-hera-ii-lavado-a-la-piedra-1702-10","status":"publish","type":"product","link":"https:\/\/www.moskito.cz\/es\/produkt\/cuchillo-de-tiro-microtech-hera-ii-lavado-a-la-piedra-1702-10\/","title":{"rendered":"Cuchillo de tiro Microtech Hera II lavado a la piedra 1702-10"},"content":{"rendered":"<p>Cuchillo de tiro <strong>Microtech<\/strong> Hera II lavado a la piedra 1702-10<\/p>\n<p><strong>La Hera II<\/strong> es una llamativa navaja autom\u00e1tica frontal de doble acci\u00f3n con un dise\u00f1o de marco ligeramente inspirado en el ic\u00f3nico modelo Troodon. <strong>El Hera<\/strong> presenta una ergonom\u00eda mejorada para un mejor agarre y una est\u00e9tica refinada que realza su atractivo general. En particular, el mango est\u00e1 cuidadosamente grabado en profundidad, lo que le da al dise\u00f1o funcional un toque de arte y una sensaci\u00f3n incre\u00edble. El \u00fanico tornillo visible que lo mantiene unido est\u00e1 en la parte posterior, cerca del clip de bolsillo, que es ambidiestro para zurdos.<\/p>\n<p>Este exquisito dise\u00f1o encarna sin esfuerzo sofisticaci\u00f3n y funcionalidad, lo que hace <strong>que Hera<\/strong> se destaque como uno de los mejores cuchillos OTF autom\u00e1ticos y polivalentes en un mercado altamente competitivo. Aunque honestamente compite con la mayor\u00eda de los otros <strong>OTF de Microtech<\/strong> . Su tama\u00f1o es ideal para el combate pero lo suficientemente delgado para el uso diario, su forma est\u00e1 cuidadosamente dise\u00f1ada para lograr el equilibrio ideal entre practicidad y estilo.  <strong>Hera<\/strong> es un testimonio de la ingenier\u00eda de precisi\u00f3n y los detalles art\u00edsticos, lo que lo convierte en una excelente opci\u00f3n para quienes valoran la combinaci\u00f3n de forma y funci\u00f3n en sus herramientas cotidianas.<br \/>\nEspecificaciones:<\/p>\n<p>Longitud de la hoja: 10 cm<br \/>\nLongitud total: 24 cm<br \/>\nEstilo de hoja: Daga de doble filo<br \/>\nRectificado de la hoja: Plano<br \/>\nTratamiento superficial de la hoja: Stonewash<br \/>\nMaterial del mango: Aluminio aeron\u00e1utico negro con grabado profundo<br \/>\nMecanismo de bloqueo: Deslizamiento del pulgar<br \/>\nClip de bolsillo: Titanio (plegable, uso derecho\/izquierdo)<br \/>\nPeso: 4,94 onzas.<br \/>\nDise\u00f1adores: Tony y Sean Marfione<br \/>\nHecho en EE.UU<\/p>\n<p>&nbsp;<\/p>\n","protected":false},"excerpt":{"rendered":"<p><strong>A lo largo de los a\u00f1os, Microtech\u00ae Knives ha llenado los cuchillos con pasi\u00f3n y habilidad para crear casi obras de arte que son el pin\u00e1culo de la funcionalidad. Todas las piezas se fabrican en los EE. UU.<\/strong><br \/>\n<strong>Todos los cuchillos Microtech vienen con una garant\u00eda de por vida.<\/strong><\/p>\n<p><strong>Transporte gratuito.<\/strong><\/p>\n","protected":false},"featured_media":314442,"comment_status":"open","ping_status":"closed","template":"","meta":[],"pwb-brand":[3752],"product_brand":[],"product_cat":[3726,3729],"product_tag":[3756],"class_list":{"0":"post-314480","1":"product","2":"type-product","3":"status-publish","4":"has-post-thumbnail","6":"pwb-brand-microtecnologia","7":"product_cat-cuchillos","8":"product_cat-cuchillos-de-tiro","9":"product_tag-b2b-es","11":"first","12":"instock","13":"taxable","14":"shipping-taxable","15":"purchasable","16":"product-type-simple"},"brands":[{"id":3752,"name":"microtecnolog\u00eda","slug":"microtecnologia"}],"_links":{"self":[{"href":"https:\/\/www.moskito.cz\/es\/wp-json\/wp\/v2\/product\/314480","targetHints":{"allow":["GET"]}}],"collection":[{"href":"https:\/\/www.moskito.cz\/es\/wp-json\/wp\/v2\/product"}],"about":[{"href":"https:\/\/www.moskito.cz\/es\/wp-json\/wp\/v2\/types\/product"}],"replies":[{"embeddable":true,"href":"https:\/\/www.moskito.cz\/es\/wp-json\/wp\/v2\/comments?post=314480"}],"wp:featuredmedia":[{"embeddable":true,"href":"https:\/\/www.moskito.cz\/es\/wp-json\/wp\/v2\/media\/314442"}],"wp:attachment":[{"href":"https:\/\/www.moskito.cz\/es\/wp-json\/wp\/v2\/media?parent=314480"}],"wp:term":[{"taxonomy":"pwb-brand","embeddable":true,"href":"https:\/\/www.moskito.cz\/es\/wp-json\/wp\/v2\/pwb-brand?post=314480"},{"taxonomy":"product_brand","embeddable":true,"href":"https:\/\/www.moskito.cz\/es\/wp-json\/wp\/v2\/product_brand?post=314480"},{"taxonomy":"product_cat","embeddable":true,"href":"https:\/\/www.moskito.cz\/es\/wp-json\/wp\/v2\/product_cat?post=314480"},{"taxonomy":"product_tag","embeddable":true,"href":"https:\/\/www.moskito.cz\/es\/wp-json\/wp\/v2\/product_tag?post=314480"}],"curies":[{"name":"wp","href":"https:\/\/api.w.org\/{rel}","templated":true}]}}