{"id":314642,"date":"2024-03-05T17:06:08","date_gmt":"2024-03-05T20:07:13","guid":{"rendered":"https:\/\/www.moskito.cz\/produkt\/cuchillos-heretic-hydra-magnacut-bronce-h008-7a-cuchillo-de-tiro\/"},"modified":"2025-05-07T11:03:06","modified_gmt":"2025-05-07T10:03:06","slug":"cuchillos-heretic-hydra-magnacut-bronce-h008-7a-cuchillo-de-tiro","status":"publish","type":"product","link":"https:\/\/www.moskito.cz\/es\/produkt\/cuchillos-heretic-hydra-magnacut-bronce-h008-7a-cuchillo-de-tiro\/","title":{"rendered":"Cuchillos Heretic Hydra MagnaCut Bronce H008-7A Cuchillo de tiro"},"content":{"rendered":"<p><strong>Cuchillos Heretic<\/strong> Hydra MagnaCut Bronce H008-7A Cuchillo de tiro<\/p>\n<p>La Hydra es una navaja autom\u00e1tica OTF (frontal) de acci\u00f3n simple y fue la primera de su tipo en contar con un bot\u00f3n de seguridad y un clip de bolsillo doble. Desde entonces, este dise\u00f1o de clip se ha actualizado ya que las puntas gemelas crearon el doble de oportunidades de enganches. As\u00ed que este es mucho m\u00e1s amigable con el bolsillo. Para operar el cuchillo, simplemente deslice el bot\u00f3n de seguridad con el pulgar, luego presione el bot\u00f3n debajo para disparar. Para retraer la hoja, presione el bot\u00f3n mientras simult\u00e1neamente tira del mango de carga desde la parte inferior del cuchillo. Suelte el bot\u00f3n y regrese la manija de carga a su posici\u00f3n de reposo original. Esto carga el resorte interno y reinicia el mecanismo, listo para otra activaci\u00f3n impresionante. Este es uno de los pocos cuchillos de acci\u00f3n simple OTF que todav\u00eda est\u00e1n disponibles y se fabric\u00f3 con orgullo en los EE. UU.<br \/>\nEspecificaciones<\/p>\n<p>Longitud de la hoja: 9 cm<br \/>\nLongitud total: 23 cm<br \/>\nMaterial de la hoja: CPM-MagnaCut Acero inoxidable<br \/>\nEstilo de hoja: recurvo<br \/>\nRectificado de cuchillas: hueca<br \/>\nAcabado de la hoja: Bronce<br \/>\nMaterial del mango: aluminio negro<br \/>\nMecanismo de bloqueo: Bot\u00f3n<br \/>\nClip de bolsillo: Titanio (plegable hacia abajo, uso derecho)<br \/>\nPeso: 5,22 onzas.<br \/>\nDise\u00f1ador: Tony Marfione Jr.<br \/>\nHecho en EE.UU<\/p>\n<p>&nbsp;<\/p>\n","protected":false},"excerpt":{"rendered":"<p><strong>Todos nuestros cuchillos est\u00e1n fabricados en los EE. UU. y lo mantendremos as\u00ed. Cuando compra uno de nuestros cuchillos, puede confiar en su herramienta sabiendo que est\u00e1 respaldada por una empresa estadounidense. \u00a1Nuestros cuchillos se fabrican en peque\u00f1os lotes para garantizar que obtenga un cuchillo de calidad que reciba la atenci\u00f3n que otros cuchillos producidos en masa no reciben!<\/strong><\/p>\n<p><strong>Transporte gratuito.<\/strong><\/p>\n","protected":false},"featured_media":314565,"comment_status":"open","ping_status":"closed","template":"","meta":[],"pwb-brand":[3757],"product_brand":[],"product_cat":[3726,3729],"product_tag":[],"class_list":{"0":"post-314642","1":"product","2":"type-product","3":"status-publish","4":"has-post-thumbnail","6":"pwb-brand-cuchillos-herejes","7":"product_cat-cuchillos","8":"product_cat-cuchillos-de-tiro","10":"first","11":"outofstock","12":"taxable","13":"shipping-taxable","14":"purchasable","15":"product-type-simple"},"brands":[{"id":3757,"name":"Cuchillos herejes","slug":"cuchillos-herejes"}],"_links":{"self":[{"href":"https:\/\/www.moskito.cz\/es\/wp-json\/wp\/v2\/product\/314642","targetHints":{"allow":["GET"]}}],"collection":[{"href":"https:\/\/www.moskito.cz\/es\/wp-json\/wp\/v2\/product"}],"about":[{"href":"https:\/\/www.moskito.cz\/es\/wp-json\/wp\/v2\/types\/product"}],"replies":[{"embeddable":true,"href":"https:\/\/www.moskito.cz\/es\/wp-json\/wp\/v2\/comments?post=314642"}],"wp:featuredmedia":[{"embeddable":true,"href":"https:\/\/www.moskito.cz\/es\/wp-json\/wp\/v2\/media\/314565"}],"wp:attachment":[{"href":"https:\/\/www.moskito.cz\/es\/wp-json\/wp\/v2\/media?parent=314642"}],"wp:term":[{"taxonomy":"pwb-brand","embeddable":true,"href":"https:\/\/www.moskito.cz\/es\/wp-json\/wp\/v2\/pwb-brand?post=314642"},{"taxonomy":"product_brand","embeddable":true,"href":"https:\/\/www.moskito.cz\/es\/wp-json\/wp\/v2\/product_brand?post=314642"},{"taxonomy":"product_cat","embeddable":true,"href":"https:\/\/www.moskito.cz\/es\/wp-json\/wp\/v2\/product_cat?post=314642"},{"taxonomy":"product_tag","embeddable":true,"href":"https:\/\/www.moskito.cz\/es\/wp-json\/wp\/v2\/product_tag?post=314642"}],"curies":[{"name":"wp","href":"https:\/\/api.w.org\/{rel}","templated":true}]}}