{"id":314649,"date":"2024-03-05T21:37:24","date_gmt":"2024-03-05T20:37:24","guid":{"rendered":"https:\/\/www.moskito.cz\/?post_type=product&#038;p=314649"},"modified":"2026-02-04T10:44:06","modified_gmt":"2026-02-04T09:44:06","slug":"zaviraci-nuz-spyderco-chaparral-c152rnp","status":"publish","type":"product","link":"https:\/\/www.moskito.cz\/es\/produkt\/zaviraci-nuz-spyderco-chaparral-c152rnp\/","title":{"rendered":"Zav\u00edrac\u00ed N\u016f\u017e Spyderco Chaparral C152RNP"},"content":{"rendered":"<p>Zav\u00edrac\u00ed N\u016f\u017e <strong>Spyderco<\/strong> Chaparral C152RNP<\/p>\n<p>S\u00e9rie Chaparral spole\u010dnosti <strong>Spyderco<\/strong> je rodina p\u00e1nsk\u00fdch zav\u00edrac\u00edch no\u017e\u016f, kter\u00e9 vyjad\u0159uj\u00ed stejn\u011b elegantn\u011b tenk\u00fd form\u00e1t kapesn\u00edho no\u017ee s \u0159adou nejmodern\u011bj\u0161\u00edch materi\u00e1l\u016f a zpracov\u00e1n\u00ed rukojeti. Tyto elegantn\u011b zpracovan\u00e9 no\u017ee p\u0159edv\u00e1d\u011bj\u00ed nejpokro\u010dilej\u0161\u00ed v\u00fdrobn\u00ed techniky Spyderco a jsou vybaveny \u010depel\u00ed CTS XHP s \u00fapln\u00fdm ploch\u00fdm brou\u0161en\u00edm, robustn\u00edm mechanismem zp\u011btn\u00e9ho z\u00e1mku a oboustrann\u00fdmi dr\u00e1t\u011bn\u00fdmi sponami, kter\u00e9 diskr\u00e9tn\u011b splynou s prakticky jakoukoli barvou oble\u010den\u00ed.<\/p>\n<p>C152RNP Chaparral Raffir Noble m\u00e1 vlo\u017eky z nerezov\u00e9 oceli a kou\u0159ov\u011b zbarven\u00e9 stupnice Raffir Noble. Raffir, vyroben\u00fd v D\u00e1nsku, je n\u00e1padn\u011b kr\u00e1sn\u00fd kompozitn\u00ed materi\u00e1l, kter\u00fd zapouzd\u0159uje kovovou s\u00ed\u0165 do pr\u016fsvitn\u00e9 epoxidov\u00e9 prysky\u0159ice. Raffir Noble kombinuje kou\u0159ov\u011b zbarven\u00fd akryl s mosazn\u00fdm a m\u011bd\u011bn\u00fdm dr\u00e1t\u011bn\u00fdm pletivem, aby poskytl jedine\u010dn\u00fd, polopr\u016fhledn\u00fd, trojrozm\u011brn\u00fd vzor. V\u0161echny ostatn\u00ed detaily tohoto no\u017ee jsou v souladu s rodinou Chaparral, v\u010detn\u011b \u010depele CTS XHP s \u00fapln\u00fdm ploch\u00fdm povrchem, robustn\u00edho lockback mechanismu a oboustrann\u00e9 dr\u00e1t\u011bn\u00e9 spony s hlubokou kapsou, kter\u00e1 je um\u00edst\u011bna pro no\u0161en\u00ed naklon\u011bn\u00edm.<\/p>\n<p>Barva a vzor \u0161upin rukojeti se mohou li\u0161it.<br \/>\nSpecifikace<br \/>\nD\u00e9lka \u010depele: 7,9 cm<br \/>\nCelkov\u00e1 d\u00e9lka: 16,2 cm\u00a0 Materi\u00e1l \u010depele: CTS XHP<br \/>\nStyl \u010depele: Drop Point<br \/>\nBrou\u0161en\u00ed \u010depele: Pln\u011b ploch\u00e9<br \/>\nPovrchov\u00e1 \u00faprava \u010depele: sat\u00e9n<br \/>\nOst\u0159\u00ed \u010depele: Hladk\u00e9<br \/>\nMateri\u00e1l rukojeti: Raffir Noble<br \/>\nUzamykac\u00ed mechanismus: Lockback<br \/>\nKapesn\u00ed klip: Vykl\u00e1p\u011bn\u00ed, lev\u00e9\/prav\u00e9 no\u0161en\u00ed<br \/>\n\u010c\u00edslo modelu: C152RNP<br \/>\nN\u00e1zev modelu: Chaparral Raffir Noble<br \/>\nHmotnost: 2,3 oz.<\/p>\n","protected":false},"excerpt":{"rendered":"<p><strong>Chaparral je ke\u0159 p\u016fvodem ze z\u00e1padn\u00edch Spojen\u00fdch st\u00e1t\u016f s jedine\u010dnou schopnost\u00ed trvale p\u0159e\u017e\u00edvat, o\u017eivovat a regenerovat pot\u00e9, co byl zni\u010den suchem nebo po\u017e\u00e1rem.<\/strong><\/p>\n<p><strong>Doprava zdarma.<\/strong><\/p>\n","protected":false},"featured_media":314650,"comment_status":"open","ping_status":"closed","template":"","meta":[],"pwb-brand":[567],"product_brand":[],"product_cat":[22,17],"product_tag":[3667],"class_list":{"0":"post-314649","1":"product","2":"type-product","3":"status-publish","4":"has-post-thumbnail","6":"pwb-brand-spyderco","7":"product_cat-zaviraci-noze","8":"product_cat-noze","9":"product_tag-b2b","11":"first","12":"instock","13":"taxable","14":"shipping-taxable","15":"purchasable","16":"product-type-simple"},"brands":[{"id":567,"name":"Spyderco","slug":"spyderco"}],"_links":{"self":[{"href":"https:\/\/www.moskito.cz\/es\/wp-json\/wp\/v2\/product\/314649","targetHints":{"allow":["GET"]}}],"collection":[{"href":"https:\/\/www.moskito.cz\/es\/wp-json\/wp\/v2\/product"}],"about":[{"href":"https:\/\/www.moskito.cz\/es\/wp-json\/wp\/v2\/types\/product"}],"replies":[{"embeddable":true,"href":"https:\/\/www.moskito.cz\/es\/wp-json\/wp\/v2\/comments?post=314649"}],"wp:featuredmedia":[{"embeddable":true,"href":"https:\/\/www.moskito.cz\/es\/wp-json\/wp\/v2\/media\/314650"}],"wp:attachment":[{"href":"https:\/\/www.moskito.cz\/es\/wp-json\/wp\/v2\/media?parent=314649"}],"wp:term":[{"taxonomy":"pwb-brand","embeddable":true,"href":"https:\/\/www.moskito.cz\/es\/wp-json\/wp\/v2\/pwb-brand?post=314649"},{"taxonomy":"product_brand","embeddable":true,"href":"https:\/\/www.moskito.cz\/es\/wp-json\/wp\/v2\/product_brand?post=314649"},{"taxonomy":"product_cat","embeddable":true,"href":"https:\/\/www.moskito.cz\/es\/wp-json\/wp\/v2\/product_cat?post=314649"},{"taxonomy":"product_tag","embeddable":true,"href":"https:\/\/www.moskito.cz\/es\/wp-json\/wp\/v2\/product_tag?post=314649"}],"curies":[{"name":"wp","href":"https:\/\/api.w.org\/{rel}","templated":true}]}}