{"id":315012,"date":"2024-03-08T19:15:44","date_gmt":"2024-03-08T18:22:06","guid":{"rendered":"https:\/\/www.moskito.cz\/produkt\/cuchillo-de-tiro-kershaw-livewire-lavado-a-la-piedra-9000blu\/"},"modified":"2026-03-11T11:59:33","modified_gmt":"2026-03-11T10:59:33","slug":"cuchillo-de-tiro-kershaw-livewire-lavado-a-la-piedra-9000blu","status":"publish","type":"product","link":"https:\/\/www.moskito.cz\/es\/produkt\/cuchillo-de-tiro-kershaw-livewire-lavado-a-la-piedra-9000blu\/","title":{"rendered":"Cuchillo de tiro Kershaw Livewire lavado a la piedra 9000BLU"},"content":{"rendered":"<p>Cuchillo de tiro <strong>Kershaw<\/strong> Livewire lavado a la piedra 9000BLU<\/p>\n<p>Pocos cuchillos generan tanta emoci\u00f3n como una autom\u00e1tica. Despu\u00e9s de una importante investigaci\u00f3n, un desarrollo cuidadoso y pruebas rigurosas, los dise\u00f1adores internos y el fabricante de cuchillos personalizados Matt Diskin entregaron el primer autom\u00f3vil OTF de Kershaw: el Livewire. La hoja premium CPM-MagnaCut se abre y retrae con autoridad. El mango de aluminio anodizado azul tiene textura para un agarre seguro. Y su bot\u00f3n curvo en forma de escalera es c\u00f3modo para el pulgar para un despliegue confiable. Adem\u00e1s, es un placer llevar este cuchillo gracias a su peso liviano y su clip de doble cara para un transporte profundo. Los fan\u00e1ticos lo han estado pidiendo y vale la pena esperar por Livewire.<\/p>\n<p>Funci\u00f3n<br \/>\nFrontal autom\u00e1tico fabricado en EE. UU.; Dise\u00f1o original de Kershaw y Matt Diskin.<br \/>\nEl acero CPM-MagnaCut proporciona excelente dureza de la hoja, resistencia a la corrosi\u00f3n, tenacidad, resistencia al desgaste y retenci\u00f3n superior de los bordes.<br \/>\nEl acabado lavado a la piedra ayuda a ocultar los rayones causados \u200b\u200bpor el uso.<br \/>\nMango de aluminio anodizado azul, de baja resistencia; la textura mejora el agarre<br \/>\nEl clip de bolsillo profundo es f\u00e1cilmente reversible para usarlo hacia la izquierda o hacia la derecha.<\/p>\n<p>Especificaciones:<br \/>\nLongitud de la hoja: 8,4 cm<br \/>\nLargo cerrado: 12,2 cm<br \/>\nLongitud total: 20,6 cm<br \/>\nMaterial de la hoja: CPM-MagnaCut Acero inoxidable<br \/>\nGrosor de la hoja: 0,32 cm.<br \/>\nEstilo de hoja: punta de lanza<br \/>\nTratamiento superficial de la hoja: Stonewash<br \/>\nMaterial del mango: Aluminio anodizado azul 6061-T6<br \/>\nGrosor del mango: 1,22 cm.<br \/>\nMecanismo de bloqueo: Deslizante<br \/>\nClip de bolsillo: transporte profundo (inclinaci\u00f3n, transporte hacia la derecha\/izquierda)<br \/>\nPeso: 3,00 onzas. (85g)<br \/>\nDise\u00f1ador: Matt Diskin<br \/>\nHecho en EE.UU<\/p>\n","protected":false},"excerpt":{"rendered":"<p><strong>Pocos cuchillos generan tanta emoci\u00f3n como un cuchillo de tiro.<\/strong><\/p>\n<p><strong>Transporte gratuito.<\/strong><\/p>\n","protected":false},"featured_media":314967,"comment_status":"open","ping_status":"closed","template":"","meta":[],"pwb-brand":[3777],"product_brand":[],"product_cat":[3726,3729],"product_tag":[],"class_list":{"0":"post-315012","1":"product","2":"type-product","3":"status-publish","4":"has-post-thumbnail","6":"pwb-brand-kershaw-es","7":"product_cat-cuchillos","8":"product_cat-cuchillos-de-tiro","10":"first","11":"outofstock","12":"taxable","13":"shipping-taxable","14":"purchasable","15":"product-type-simple"},"brands":[{"id":3777,"name":"Kershaw","slug":"kershaw-es"}],"_links":{"self":[{"href":"https:\/\/www.moskito.cz\/es\/wp-json\/wp\/v2\/product\/315012","targetHints":{"allow":["GET"]}}],"collection":[{"href":"https:\/\/www.moskito.cz\/es\/wp-json\/wp\/v2\/product"}],"about":[{"href":"https:\/\/www.moskito.cz\/es\/wp-json\/wp\/v2\/types\/product"}],"replies":[{"embeddable":true,"href":"https:\/\/www.moskito.cz\/es\/wp-json\/wp\/v2\/comments?post=315012"}],"wp:featuredmedia":[{"embeddable":true,"href":"https:\/\/www.moskito.cz\/es\/wp-json\/wp\/v2\/media\/314967"}],"wp:attachment":[{"href":"https:\/\/www.moskito.cz\/es\/wp-json\/wp\/v2\/media?parent=315012"}],"wp:term":[{"taxonomy":"pwb-brand","embeddable":true,"href":"https:\/\/www.moskito.cz\/es\/wp-json\/wp\/v2\/pwb-brand?post=315012"},{"taxonomy":"product_brand","embeddable":true,"href":"https:\/\/www.moskito.cz\/es\/wp-json\/wp\/v2\/product_brand?post=315012"},{"taxonomy":"product_cat","embeddable":true,"href":"https:\/\/www.moskito.cz\/es\/wp-json\/wp\/v2\/product_cat?post=315012"},{"taxonomy":"product_tag","embeddable":true,"href":"https:\/\/www.moskito.cz\/es\/wp-json\/wp\/v2\/product_tag?post=315012"}],"curies":[{"name":"wp","href":"https:\/\/api.w.org\/{rel}","templated":true}]}}