{"id":315203,"date":"2024-03-09T13:43:14","date_gmt":"2024-03-09T12:44:47","guid":{"rendered":"https:\/\/www.moskito.cz\/produkt\/cuchillo-plegable-kershaw-ken-onion-leek-lavado-a-la-piedra-1660grd\/"},"modified":"2025-05-07T11:03:19","modified_gmt":"2025-05-07T10:03:19","slug":"cuchillo-plegable-kershaw-ken-onion-leek-lavado-a-la-piedra-1660grd","status":"publish","type":"product","link":"https:\/\/www.moskito.cz\/es\/produkt\/cuchillo-plegable-kershaw-ken-onion-leek-lavado-a-la-piedra-1660grd\/","title":{"rendered":"Cuchillo plegable Kershaw Ken Onion Leek lavado a la piedra 1660GRD"},"content":{"rendered":"<p>Cuchillo plegable <strong>Kershaw<\/strong> Ken Onion Leek lavado a la piedra 1660GRD<\/p>\n<p>El mango de aluminio anodizado presenta una pintura resistente a la decoloraci\u00f3n y a los rayones que est\u00e1 adherida permanentemente al aluminio, por lo que se ve bien ahora y se ver\u00e1 bien durante mucho tiempo. CPM-MagnaCut: este acero de alto rendimiento permite que el cuchillo mantenga la hoja muy afilada durante un per\u00edodo de tiempo m\u00e1s largo.<\/p>\n<p>Ya seas zurdo o diestro, es f\u00e1cil abrir la navaja azul degradado con la apertura asistida SpeedSafe. Simplemente tire hacia atr\u00e1s de la pesta\u00f1a de la hoja de la aleta de doble cara o empuje hacia afuera la clavija del pulgar y la hoja Leek estar\u00e1 lista para funcionar. Por seguridad, el inserto de bloqueo mantiene la hoja abierta durante el uso, y el control deslizante Tip-Lock la bloquea cuando el cuchillo est\u00e1 cerrado. El clip de bolsillo es reversible para plegarlo o usarlo y el asa est\u00e1 perforada para sujetarlo con un cord\u00f3n.<\/p>\n<p>El Leek Blue Gradient es un cuchillo delgado, f\u00e1cil de transportar y de buena apariencia.<\/p>\n<p>Funci\u00f3n:<br \/>\nAleta \u2013 Se puede utilizar en cuchillos de apertura manual o asistida. El \u00abFlipper\u00bb es una protuberancia en la parte posterior de la hoja que el usuario puede tirar hacia atr\u00e1s o voltear para deslizar f\u00e1cilmente la hoja fuera del mango.<br \/>\nSpeedSafe\u00ae: le ayuda a abrir r\u00e1pida y f\u00e1cilmente cualquier cuchillo SpeedSafe\u00ae empujando manualmente el pulgar o tirando de la aleta; incorporado en muchos de los bestsellers de Kershaw.<br \/>\nInsert Lock: bloquea la hoja en la posici\u00f3n abierta durante el uso; un lado del \u00abinserto\u00bb de acero, la placa de acero a la que est\u00e1n unidos los pesos del mango, se mueve a su posici\u00f3n detr\u00e1s de la hoja para asegurar la abertura.<br \/>\nReversible: los orificios pretaladrados en el mango permiten al usuario cambiar la posici\u00f3n de la punta o el lado en el que se lleva el cuchillo.<br \/>\nFabricado en los EE. UU.: cuando vea esto en uno de los cuchillos, significa que fue fabricado en sus instalaciones de fabricaci\u00f3n de Tualatin, Oreg\u00f3n, por los expertos fabricantes de cuchillos de Kershaw.<\/p>\n<p>Especificaciones:<br \/>\nLongitud de la hoja: 7,5 cm<br \/>\nLongitud total: 17,5 cm.<br \/>\nMaterial de la hoja: CPM-MagnaCut<br \/>\nEstilo de hoja: Wharncliffe<br \/>\nRectificado de cuchillas: hueca<br \/>\nTratamiento superficial de la hoja: Stonewash<br \/>\nMaterial del mango: aluminio rojo\/negro con transici\u00f3n<br \/>\nMecanismo de bloqueo: Liner Lock<br \/>\nClip de bolsillo: (inclinado hacia arriba\/abajo, transporte hacia la derecha\/izquierda)<br \/>\nPeso: 3,00 onzas.<br \/>\nDise\u00f1ador: Ken cebolla<br \/>\nHecho en EE.UU<\/p>\n<p>&nbsp;<\/p>\n","protected":false},"excerpt":{"rendered":"<p><strong>\u00bfBusca un cuchillo que no se pierda en la hierba?  <\/strong><\/p>\n<p>Transporte gratuito.<\/p>\n","protected":false},"featured_media":315169,"comment_status":"open","ping_status":"closed","template":"","meta":[],"pwb-brand":[3777],"product_brand":[],"product_cat":[3730,3726],"product_tag":[],"class_list":{"0":"post-315203","1":"product","2":"type-product","3":"status-publish","4":"has-post-thumbnail","6":"pwb-brand-kershaw-es","7":"product_cat-cuchillas-de-cierre","8":"product_cat-cuchillos","10":"first","11":"instock","12":"taxable","13":"shipping-taxable","14":"purchasable","15":"product-type-simple"},"brands":[{"id":3777,"name":"Kershaw","slug":"kershaw-es"}],"_links":{"self":[{"href":"https:\/\/www.moskito.cz\/es\/wp-json\/wp\/v2\/product\/315203","targetHints":{"allow":["GET"]}}],"collection":[{"href":"https:\/\/www.moskito.cz\/es\/wp-json\/wp\/v2\/product"}],"about":[{"href":"https:\/\/www.moskito.cz\/es\/wp-json\/wp\/v2\/types\/product"}],"replies":[{"embeddable":true,"href":"https:\/\/www.moskito.cz\/es\/wp-json\/wp\/v2\/comments?post=315203"}],"wp:featuredmedia":[{"embeddable":true,"href":"https:\/\/www.moskito.cz\/es\/wp-json\/wp\/v2\/media\/315169"}],"wp:attachment":[{"href":"https:\/\/www.moskito.cz\/es\/wp-json\/wp\/v2\/media?parent=315203"}],"wp:term":[{"taxonomy":"pwb-brand","embeddable":true,"href":"https:\/\/www.moskito.cz\/es\/wp-json\/wp\/v2\/pwb-brand?post=315203"},{"taxonomy":"product_brand","embeddable":true,"href":"https:\/\/www.moskito.cz\/es\/wp-json\/wp\/v2\/product_brand?post=315203"},{"taxonomy":"product_cat","embeddable":true,"href":"https:\/\/www.moskito.cz\/es\/wp-json\/wp\/v2\/product_cat?post=315203"},{"taxonomy":"product_tag","embeddable":true,"href":"https:\/\/www.moskito.cz\/es\/wp-json\/wp\/v2\/product_tag?post=315203"}],"curies":[{"name":"wp","href":"https:\/\/api.w.org\/{rel}","templated":true}]}}