{"id":315254,"date":"2024-03-09T15:43:00","date_gmt":"2024-03-09T14:45:37","guid":{"rendered":"https:\/\/www.moskito.cz\/produkt\/cuchillo-de-tiro-microtech-utx-85-hellhound-stonewash-719-10vis\/"},"modified":"2025-07-21T00:00:01","modified_gmt":"2025-07-20T23:00:01","slug":"cuchillo-de-tiro-microtech-utx-85-hellhound-stonewash-719-10vis","status":"publish","type":"product","link":"https:\/\/www.moskito.cz\/es\/produkt\/cuchillo-de-tiro-microtech-utx-85-hellhound-stonewash-719-10vis\/","title":{"rendered":"Cuchillo de tiro Microtech UTX-85 Hellhound Stonewash 719-10VIS"},"content":{"rendered":"<p>Cuchillo de tiro <strong>Microtech<\/strong> UTX-85 Hellhound Stonewash 719-10VIS<\/p>\n<p>Con un 85 % de tama\u00f1o Ultratech\u00ae, el UTX-85\u2122 ha sido dise\u00f1ado para adaptarse perfectamente a la mano, lo que lo convierte en una excelente opci\u00f3n para el uso diario. El mecanismo de disparo es m\u00e1s f\u00e1cil de operar que un Ultratech\u00ae completo, lo que lo hace ideal para manos m\u00e1s peque\u00f1as o sensibles. El UTX-85\u2122 todav\u00eda cuenta con un rompevidrios completamente funcional junto con todas las funciones Ultratech\u00ae de tama\u00f1o completo.<\/p>\n<p>Longitud de la hoja: 8 cm<\/p>\n<p>Acero de la hoja: M390<\/p>\n<p>Longitud total: 19 cm<\/p>\n<p>Material del mango: Aluminio aeron\u00e1utico premium 6061 T6<\/p>\n<p>Peso: 3,1 onzas<\/p>\n<p>Color del mango: P\u00farpura<\/p>\n","protected":false},"excerpt":{"rendered":"<p><strong>A lo largo de los a\u00f1os, Microtech\u00ae Knives ha llenado los cuchillos con pasi\u00f3n y habilidad para crear casi obras de arte que son el pin\u00e1culo de la funcionalidad. Todas las piezas se fabrican en los EE. UU.<\/strong><br \/>\n<strong>Todas las cuchillas Microtech est\u00e1n garantizadas de por vida (m\u00edn. 80.000 ciclos, apertura y cierre)<\/strong><\/p>\n<p><strong>Transporte gratuito.<\/strong><\/p>\n","protected":false},"featured_media":315242,"comment_status":"open","ping_status":"closed","template":"","meta":[],"pwb-brand":[3752],"product_brand":[],"product_cat":[3729,3726],"product_tag":[3756],"class_list":{"0":"post-315254","1":"product","2":"type-product","3":"status-publish","4":"has-post-thumbnail","6":"pwb-brand-microtecnologia","7":"product_cat-cuchillos-de-tiro","8":"product_cat-cuchillos","9":"product_tag-b2b-es","11":"first","12":"instock","13":"taxable","14":"shipping-taxable","15":"purchasable","16":"product-type-simple"},"brands":[{"id":3752,"name":"microtecnolog\u00eda","slug":"microtecnologia"}],"_links":{"self":[{"href":"https:\/\/www.moskito.cz\/es\/wp-json\/wp\/v2\/product\/315254","targetHints":{"allow":["GET"]}}],"collection":[{"href":"https:\/\/www.moskito.cz\/es\/wp-json\/wp\/v2\/product"}],"about":[{"href":"https:\/\/www.moskito.cz\/es\/wp-json\/wp\/v2\/types\/product"}],"replies":[{"embeddable":true,"href":"https:\/\/www.moskito.cz\/es\/wp-json\/wp\/v2\/comments?post=315254"}],"wp:featuredmedia":[{"embeddable":true,"href":"https:\/\/www.moskito.cz\/es\/wp-json\/wp\/v2\/media\/315242"}],"wp:attachment":[{"href":"https:\/\/www.moskito.cz\/es\/wp-json\/wp\/v2\/media?parent=315254"}],"wp:term":[{"taxonomy":"pwb-brand","embeddable":true,"href":"https:\/\/www.moskito.cz\/es\/wp-json\/wp\/v2\/pwb-brand?post=315254"},{"taxonomy":"product_brand","embeddable":true,"href":"https:\/\/www.moskito.cz\/es\/wp-json\/wp\/v2\/product_brand?post=315254"},{"taxonomy":"product_cat","embeddable":true,"href":"https:\/\/www.moskito.cz\/es\/wp-json\/wp\/v2\/product_cat?post=315254"},{"taxonomy":"product_tag","embeddable":true,"href":"https:\/\/www.moskito.cz\/es\/wp-json\/wp\/v2\/product_tag?post=315254"}],"curies":[{"name":"wp","href":"https:\/\/api.w.org\/{rel}","templated":true}]}}