{"id":315346,"date":"2024-03-09T16:05:47","date_gmt":"2024-03-09T15:06:19","guid":{"rendered":"https:\/\/www.moskito.cz\/produkt\/cuchillo-fijo-extrema-ratio-ermes-operativo-04-1000-0443-blk-op\/"},"modified":"2025-05-07T11:03:23","modified_gmt":"2025-05-07T10:03:23","slug":"cuchillo-fijo-extrema-ratio-ermes-operativo-04-1000-0443-blk-op","status":"publish","type":"product","link":"https:\/\/www.moskito.cz\/es\/produkt\/cuchillo-fijo-extrema-ratio-ermes-operativo-04-1000-0443-blk-op\/","title":{"rendered":"Cuchillo Fijo EXTREMA RATIO ERMES OPERATIVO 04.1000.0443\/BLK-OP"},"content":{"rendered":"<p>Cuchillo Fijo <strong>EXTREMA RATIO<\/strong> ERMES OPERATIVO 04.1000.0443\/BLK-OP<\/p>\n<p><strong>ERMES<\/strong> es un cuchillo conmemorativo desarrollado en colaboraci\u00f3n con el Regimiento de Helic\u00f3pteros para Operaciones Especiales (REOS), que forma parte del Comando A\u00e9reo del Ej\u00e9rcito Italiano. REOS es una unidad de helic\u00f3pteros de apoyo operativo de fuerzas especiales compuesta por personal especialmente capacitado y equipado para apoyar actividades militares en cualquier contexto operativo. Los estilizados protectores de espadas representan las alas presentes en el escudo her\u00e1ldico del departamento. Est\u00e1 disponible en dos versiones: \u00abERMES ORDINANZA\u00bb con hoja satinada y \u00abERMES OPERATIVE\u00bb Caja de ABS con hoja pulida. El acero utilizado es el fiable B\u00f6lher N690Co tratado t\u00e9rmicamente a 58 HRC. Para el mango se eligi\u00f3 el pol\u00edmero de poliamida FRN reforzado con fibra de vidrio (Fiber Reinforced Nylon). La funda h\u00edbrida de kydex y tela est\u00e1 equipada con una correa o un accesorio de correa con el sistema de interfaz MOLLE.<\/p>\n<p>Material de la hoja: N690<br \/>\nMaterial del mango: FRN, nailon<br \/>\nMaterial de la caja: nailon, Kydex<br \/>\nLongitud de la hoja: 14 cm<br \/>\nLongitud total: 25,6 cm<br \/>\nGrosor de la hoja: 0,63 cm.<br \/>\nPeso: 229 gramos<br \/>\nTipo de hoja: Daga<br \/>\nUso: T\u00e1ctico<\/p>\n<p>&nbsp;<\/p>\n","protected":false},"excerpt":{"rendered":"<p><strong>Con sede en Prato, Italia, Extrema Ratio ha estado dise\u00f1ando y fabricando cuchillos t\u00e1cticos, militares, de cocina, de cocina y de combate de alto rendimiento desde 1997 y tiene una reputaci\u00f3n de calidad superior insuperable en la industria de cuchillos militares y t\u00e1cticos. Transporte gratuito.<\/strong><\/p>\n","protected":false},"featured_media":315273,"comment_status":"open","ping_status":"closed","template":"","meta":[],"pwb-brand":[3766],"product_brand":[],"product_cat":[3727,3726],"product_tag":[3756],"class_list":{"0":"post-315346","1":"product","2":"type-product","3":"status-publish","4":"has-post-thumbnail","6":"pwb-brand-relacion-extrema","7":"product_cat-cuchillos-macizos","8":"product_cat-cuchillos","9":"product_tag-b2b-es","11":"first","12":"instock","13":"taxable","14":"shipping-taxable","15":"purchasable","16":"product-type-simple"},"brands":[{"id":3766,"name":"Relaci\u00f3n extrema","slug":"relacion-extrema"}],"_links":{"self":[{"href":"https:\/\/www.moskito.cz\/es\/wp-json\/wp\/v2\/product\/315346","targetHints":{"allow":["GET"]}}],"collection":[{"href":"https:\/\/www.moskito.cz\/es\/wp-json\/wp\/v2\/product"}],"about":[{"href":"https:\/\/www.moskito.cz\/es\/wp-json\/wp\/v2\/types\/product"}],"replies":[{"embeddable":true,"href":"https:\/\/www.moskito.cz\/es\/wp-json\/wp\/v2\/comments?post=315346"}],"wp:featuredmedia":[{"embeddable":true,"href":"https:\/\/www.moskito.cz\/es\/wp-json\/wp\/v2\/media\/315273"}],"wp:attachment":[{"href":"https:\/\/www.moskito.cz\/es\/wp-json\/wp\/v2\/media?parent=315346"}],"wp:term":[{"taxonomy":"pwb-brand","embeddable":true,"href":"https:\/\/www.moskito.cz\/es\/wp-json\/wp\/v2\/pwb-brand?post=315346"},{"taxonomy":"product_brand","embeddable":true,"href":"https:\/\/www.moskito.cz\/es\/wp-json\/wp\/v2\/product_brand?post=315346"},{"taxonomy":"product_cat","embeddable":true,"href":"https:\/\/www.moskito.cz\/es\/wp-json\/wp\/v2\/product_cat?post=315346"},{"taxonomy":"product_tag","embeddable":true,"href":"https:\/\/www.moskito.cz\/es\/wp-json\/wp\/v2\/product_tag?post=315346"}],"curies":[{"name":"wp","href":"https:\/\/api.w.org\/{rel}","templated":true}]}}