{"id":315387,"date":"2024-03-09T19:20:24","date_gmt":"2024-03-09T18:21:04","guid":{"rendered":"https:\/\/www.moskito.cz\/produkt\/cuchillo-buceo-cierre-extrema-ratio-bf2-v-lavado-a-la-piedra-04-1000-0147-sw\/"},"modified":"2025-05-07T11:03:24","modified_gmt":"2025-05-07T10:03:24","slug":"cuchillo-buceo-cierre-extrema-ratio-bf2-v-lavado-a-la-piedra-04-1000-0147-sw","status":"publish","type":"product","link":"https:\/\/www.moskito.cz\/es\/produkt\/cuchillo-buceo-cierre-extrema-ratio-bf2-v-lavado-a-la-piedra-04-1000-0147-sw\/","title":{"rendered":"Cuchillo Buceo Cierre Extrema Ratio BF2 V LAVADO A LA PIEDRA 04.1000.0147\/SW"},"content":{"rendered":"<p>Cuchillo Buceo Cierre <strong>Extrema Ratio<\/strong> BF2 V LAVADO A LA PIEDRA 04.1000.0147\/SW<\/p>\n<p>Este cuchillo ha sido dise\u00f1ado y perfeccionado hasta el m\u00e1s m\u00ednimo detalle para su uso principal en un ambiente marino. La hoja tiene un borde plano que permite cortes sim\u00e9tricos con un soporte m\u00e1s amplio. La punta, en cambio, es gruesa y duradera gracias a la versi\u00f3n tanto, permitiendo una mayor penetraci\u00f3n y un corte m\u00e1s limpio y preciso. El proceso de acabado mediante lavado a la piedra facilita su localizaci\u00f3n en el medio marino. La estructura del mango de aluminio anodizado anticorodial presenta un dise\u00f1o fresado de c\u00edrculos conc\u00e9ntricos y perforaciones en relieve y antideslizantes para facilitar el enjuague de salinidad. Hay una peque\u00f1a ranura en el medio del mango que permite apretar o aflojar los peque\u00f1os bucles. El BF2 V cuenta con un clip de doble cara; tope de tornillo de ajuste para cerrar y abrir la hoja; Nudos para atar tobillos de 70 mm. con mecanismo de fijaci\u00f3n; arreglalo. La presentaci\u00f3n del BF2 V tuvo lugar en el buque escuela Amerigo Vespucci.<\/p>\n<p>PESO G.: 140<br \/>\nPESO ONZAS: 4.9<br \/>\nLARGO DE LA HOJA: 6,6 cm<br \/>\nLARGO TOTAL: 19 cm<br \/>\nGROSOR DE LA HOJA (MM): 0,3 cm<br \/>\nMATERIAL DE LA HOJA: ACERO B\u00d6HLER N690 (58HRC)<br \/>\nACABADO DE LA HOJA: LAVADO A LA PIEDRA<br \/>\nAFILADO DE CUCHILLOS: BORDE PLANO<br \/>\nMATERIAL MANGO: ALUMINIO ANODIZADO ANTICORRODAL<br \/>\nDESTORNILLADOR\/QUITA NUDOS MATERIAL: ACERO INOXIDABLE<\/p>\n","protected":false},"excerpt":{"rendered":"<p><strong>Con sede en Prato, Italia, Extrema Ratio ha estado dise\u00f1ando y fabricando cuchillos t\u00e1cticos, militares, de cocina, de cocina y de combate de alto rendimiento desde 1997 y tiene una reputaci\u00f3n de calidad superior insuperable en la industria de cuchillos militares y t\u00e1cticos. Transporte gratuito.<\/strong><\/p>\n","protected":false},"featured_media":315361,"comment_status":"open","ping_status":"closed","template":"","meta":[],"pwb-brand":[3766],"product_brand":[],"product_cat":[3730,3726],"product_tag":[3756],"class_list":{"0":"post-315387","1":"product","2":"type-product","3":"status-publish","4":"has-post-thumbnail","6":"pwb-brand-relacion-extrema","7":"product_cat-cuchillas-de-cierre","8":"product_cat-cuchillos","9":"product_tag-b2b-es","11":"first","12":"instock","13":"taxable","14":"shipping-taxable","15":"purchasable","16":"product-type-simple"},"brands":[{"id":3766,"name":"Relaci\u00f3n extrema","slug":"relacion-extrema"}],"_links":{"self":[{"href":"https:\/\/www.moskito.cz\/es\/wp-json\/wp\/v2\/product\/315387","targetHints":{"allow":["GET"]}}],"collection":[{"href":"https:\/\/www.moskito.cz\/es\/wp-json\/wp\/v2\/product"}],"about":[{"href":"https:\/\/www.moskito.cz\/es\/wp-json\/wp\/v2\/types\/product"}],"replies":[{"embeddable":true,"href":"https:\/\/www.moskito.cz\/es\/wp-json\/wp\/v2\/comments?post=315387"}],"wp:featuredmedia":[{"embeddable":true,"href":"https:\/\/www.moskito.cz\/es\/wp-json\/wp\/v2\/media\/315361"}],"wp:attachment":[{"href":"https:\/\/www.moskito.cz\/es\/wp-json\/wp\/v2\/media?parent=315387"}],"wp:term":[{"taxonomy":"pwb-brand","embeddable":true,"href":"https:\/\/www.moskito.cz\/es\/wp-json\/wp\/v2\/pwb-brand?post=315387"},{"taxonomy":"product_brand","embeddable":true,"href":"https:\/\/www.moskito.cz\/es\/wp-json\/wp\/v2\/product_brand?post=315387"},{"taxonomy":"product_cat","embeddable":true,"href":"https:\/\/www.moskito.cz\/es\/wp-json\/wp\/v2\/product_cat?post=315387"},{"taxonomy":"product_tag","embeddable":true,"href":"https:\/\/www.moskito.cz\/es\/wp-json\/wp\/v2\/product_tag?post=315387"}],"curies":[{"name":"wp","href":"https:\/\/api.w.org\/{rel}","templated":true}]}}