{"id":315601,"date":"2024-03-10T15:38:30","date_gmt":"2024-03-10T14:40:31","guid":{"rendered":"https:\/\/www.moskito.cz\/produkt\/cuchillo-kershaw-lanzamiento-15-7950\/"},"modified":"2025-05-07T11:03:30","modified_gmt":"2025-05-07T10:03:30","slug":"cuchillo-kershaw-lanzamiento-15-7950","status":"publish","type":"product","link":"https:\/\/www.moskito.cz\/es\/produkt\/cuchillo-kershaw-lanzamiento-15-7950\/","title":{"rendered":"Cuchillo Kershaw Lanzamiento 15 7950"},"content":{"rendered":"<p>Cuchillo <strong>Kershaw<\/strong> Lanzamiento 15 7950<\/p>\n<p>Descubra una serie de innovaciones en <strong>Launch 15<\/strong> . La m\u00e1quina expendedora de tama\u00f1o completo se abre con solo presionar un bot\u00f3n. La hoja no solo se abre paso al cortar, sino que tambi\u00e9n aprovecha CPM MagnaCut. Esta hoja de acero de primera calidad obtiene altas calificaciones en retenci\u00f3n de bordes, dureza, resistencia al desgaste y resistencia a la corrosi\u00f3n. A\u00fan mejor, el Launch 15 incluye un inserto de lona de micarta en ambos lados del mango de aluminio. Incluso hay un fino espaciador de micarta para una apariencia completa. Lleva cada funci\u00f3n en su bolsillo con un clip de transporte profundo reversible. Entre su impresionante est\u00e9tica y su hoja premium, el Launch 15 alcanza las estrellas.<\/p>\n<p>Funci\u00f3n<br \/>\nHecho en los EE.UU.; hoja con punta de lanza tipo bayoneta<br \/>\nLimpiar el mango de aluminio; Inserci\u00f3n de lona Micarta en ambos lados del mango y en la parte trasera.<br \/>\nEl acero pulvimetal\u00fargico premium CPM-MagnaCut destaca por su retenci\u00f3n de bordes, resistencia a la corrosi\u00f3n, resistencia al desgaste y dureza.<br \/>\nEl acabado BlackWash ayuda a ocultar los rayones causados \u200b\u200bpor el uso.<br \/>\nUn bot\u00f3n de bajo perfil dificulta el despliegue accidental de la hoja<br \/>\nEl clip de bolsillo profundo es f\u00e1cilmente reversible para usarlo hacia la izquierda o hacia la derecha.<\/p>\n<p>Especificaciones:<br \/>\nLongitud de la hoja: 8,9 cm<br \/>\nLongitud total: 21,3 cm.<br \/>\nMaterial de la hoja: CPM-MagnaCut Acero inoxidable<br \/>\nGrosor de la hoja: 0,3 cm.<br \/>\nEstilo de hoja: punta de lanza<br \/>\nAcabado de la superficie de la hoja: BlackWash<br \/>\nMaterial del mango: Aluminio anodizado negro 6061-T6 con inserciones Canvas Micarta<br \/>\nGrosor del mango: 1,27 cm.<br \/>\nMecanismo de bloqueo: Bot\u00f3n<br \/>\nClip de bolsillo: transporte profundo a doble cara<br \/>\nPeso: 3,10 onzas. (88g)<br \/>\nHecho en EE.UU<\/p>\n<p><iframe title=\"Kershaw Launch 15 - Model 7950\" width=\"800\" height=\"450\" src=\"https:\/\/www.youtube.com\/embed\/aV9HKeIZK7s?feature=oembed\" frameborder=\"0\" allow=\"accelerometer; autoplay; clipboard-write; encrypted-media; gyroscope; picture-in-picture; web-share\" allowfullscreen><\/iframe><\/p>\n<p>&nbsp;<\/p>\n","protected":false},"excerpt":{"rendered":"<p><strong>Descubra una gran cantidad de innovaciones en Launch 15, la m\u00e1quina tragamonedas de tama\u00f1o completo.<\/strong><\/p>\n<p>Transporte gratuito.<\/p>\n","protected":false},"featured_media":315559,"comment_status":"open","ping_status":"closed","template":"","meta":[],"pwb-brand":[3777],"product_brand":[],"product_cat":[3726,3729],"product_tag":[],"class_list":{"0":"post-315601","1":"product","2":"type-product","3":"status-publish","4":"has-post-thumbnail","6":"pwb-brand-kershaw-es","7":"product_cat-cuchillos","8":"product_cat-cuchillos-de-tiro","10":"first","11":"outofstock","12":"taxable","13":"shipping-taxable","14":"purchasable","15":"product-type-simple"},"brands":[{"id":3777,"name":"Kershaw","slug":"kershaw-es"}],"_links":{"self":[{"href":"https:\/\/www.moskito.cz\/es\/wp-json\/wp\/v2\/product\/315601","targetHints":{"allow":["GET"]}}],"collection":[{"href":"https:\/\/www.moskito.cz\/es\/wp-json\/wp\/v2\/product"}],"about":[{"href":"https:\/\/www.moskito.cz\/es\/wp-json\/wp\/v2\/types\/product"}],"replies":[{"embeddable":true,"href":"https:\/\/www.moskito.cz\/es\/wp-json\/wp\/v2\/comments?post=315601"}],"wp:featuredmedia":[{"embeddable":true,"href":"https:\/\/www.moskito.cz\/es\/wp-json\/wp\/v2\/media\/315559"}],"wp:attachment":[{"href":"https:\/\/www.moskito.cz\/es\/wp-json\/wp\/v2\/media?parent=315601"}],"wp:term":[{"taxonomy":"pwb-brand","embeddable":true,"href":"https:\/\/www.moskito.cz\/es\/wp-json\/wp\/v2\/pwb-brand?post=315601"},{"taxonomy":"product_brand","embeddable":true,"href":"https:\/\/www.moskito.cz\/es\/wp-json\/wp\/v2\/product_brand?post=315601"},{"taxonomy":"product_cat","embeddable":true,"href":"https:\/\/www.moskito.cz\/es\/wp-json\/wp\/v2\/product_cat?post=315601"},{"taxonomy":"product_tag","embeddable":true,"href":"https:\/\/www.moskito.cz\/es\/wp-json\/wp\/v2\/product_tag?post=315601"}],"curies":[{"name":"wp","href":"https:\/\/api.w.org\/{rel}","templated":true}]}}