{"id":315647,"date":"2024-03-10T20:28:01","date_gmt":"2024-03-10T19:28:47","guid":{"rendered":"https:\/\/www.moskito.cz\/produkt\/cuchillo-de-tiro-microtech-ultratech-lavado-a-la-piedra-121-11tq\/"},"modified":"2025-05-07T11:03:33","modified_gmt":"2025-05-07T10:03:33","slug":"cuchillo-de-tiro-microtech-ultratech-lavado-a-la-piedra-121-11tq","status":"publish","type":"product","link":"https:\/\/www.moskito.cz\/es\/produkt\/cuchillo-de-tiro-microtech-ultratech-lavado-a-la-piedra-121-11tq\/","title":{"rendered":"Cuchillo de tiro Microtech Ultratech lavado a la piedra 121-11TQ"},"content":{"rendered":"<p>Cuchillo de tiro <strong>Microtech<\/strong> Ultratech lavado a la piedra 121-11TQ<\/p>\n<p>Un cl\u00e1sico de Microtech , el Ultratech ha sido el arquetipo de los aut\u00f3matas l\u00edderes desde sus inicios. Construido con la misma mec\u00e1nica probada, el resorte permanece quieto tanto en posici\u00f3n abierta como cerrada para reducir el desgaste. Con una potente apertura\/retracci\u00f3n autom\u00e1tica de la hoja al alcance de su mano y un bloqueo s\u00f3lido de la hoja, Ultratech de Microtech sigue siendo el est\u00e1ndar en el mundo autom\u00e1tico.<\/p>\n<p>Longitud total: 21,2 cm<br \/>\nLargo cerrado: 12,7 cm<br \/>\nLongitud de la hoja: 8,5 cm<br \/>\nGrosor de la hoja: 0,32 cm.<br \/>\nTratamiento superficial de la hoja: Lavado a la piedra<br \/>\nEstilo de hoja: Punto de ca\u00edda<br \/>\nEstilo de borde: parcialmente dentado<br \/>\nMaterial del mango: aluminio turquesa<br \/>\nGrosor del mango: 0,12 cm.<br \/>\nClip de bolsillo: inclinado hacia abajo<br \/>\nPeso: 3,5 oz (99,23 g)<br \/>\nRef. del fabricante. #: 121-11TQ<br \/>\nPa\u00eds de origen: EE.UU.<\/p>\n","protected":false},"excerpt":{"rendered":"<p><strong>A lo largo de los a\u00f1os, Microtech\u00ae Knives ha llenado los cuchillos con pasi\u00f3n y habilidad para crear casi obras de arte que son el pin\u00e1culo de la funcionalidad. Todas las piezas se fabrican en los EE. UU.<\/strong><br \/>\n<strong>Todos los cuchillos Microtech vienen con una garant\u00eda de por vida.<\/strong><\/p>\n<p><strong>Transporte gratuito.<\/strong><\/p>\n","protected":false},"featured_media":315616,"comment_status":"open","ping_status":"closed","template":"","meta":[],"pwb-brand":[3752],"product_brand":[],"product_cat":[3726,3729],"product_tag":[3756],"class_list":{"0":"post-315647","1":"product","2":"type-product","3":"status-publish","4":"has-post-thumbnail","6":"pwb-brand-microtecnologia","7":"product_cat-cuchillos","8":"product_cat-cuchillos-de-tiro","9":"product_tag-b2b-es","11":"first","12":"instock","13":"taxable","14":"shipping-taxable","15":"purchasable","16":"product-type-simple"},"brands":[{"id":3752,"name":"microtecnolog\u00eda","slug":"microtecnologia"}],"_links":{"self":[{"href":"https:\/\/www.moskito.cz\/es\/wp-json\/wp\/v2\/product\/315647","targetHints":{"allow":["GET"]}}],"collection":[{"href":"https:\/\/www.moskito.cz\/es\/wp-json\/wp\/v2\/product"}],"about":[{"href":"https:\/\/www.moskito.cz\/es\/wp-json\/wp\/v2\/types\/product"}],"replies":[{"embeddable":true,"href":"https:\/\/www.moskito.cz\/es\/wp-json\/wp\/v2\/comments?post=315647"}],"wp:featuredmedia":[{"embeddable":true,"href":"https:\/\/www.moskito.cz\/es\/wp-json\/wp\/v2\/media\/315616"}],"wp:attachment":[{"href":"https:\/\/www.moskito.cz\/es\/wp-json\/wp\/v2\/media?parent=315647"}],"wp:term":[{"taxonomy":"pwb-brand","embeddable":true,"href":"https:\/\/www.moskito.cz\/es\/wp-json\/wp\/v2\/pwb-brand?post=315647"},{"taxonomy":"product_brand","embeddable":true,"href":"https:\/\/www.moskito.cz\/es\/wp-json\/wp\/v2\/product_brand?post=315647"},{"taxonomy":"product_cat","embeddable":true,"href":"https:\/\/www.moskito.cz\/es\/wp-json\/wp\/v2\/product_cat?post=315647"},{"taxonomy":"product_tag","embeddable":true,"href":"https:\/\/www.moskito.cz\/es\/wp-json\/wp\/v2\/product_tag?post=315647"}],"curies":[{"name":"wp","href":"https:\/\/api.w.org\/{rel}","templated":true}]}}