{"id":315762,"date":"2024-03-10T21:21:20","date_gmt":"2024-03-10T20:24:43","guid":{"rendered":"https:\/\/www.moskito.cz\/produkt\/cuchillo-de-tiro-microtech-hawk-karambit-266-1t\/"},"modified":"2025-05-07T11:03:35","modified_gmt":"2025-05-07T10:03:35","slug":"cuchillo-de-tiro-microtech-hawk-karambit-266-1t","status":"publish","type":"product","link":"https:\/\/www.moskito.cz\/es\/produkt\/cuchillo-de-tiro-microtech-hawk-karambit-266-1t\/","title":{"rendered":"Cuchillo de tiro Microtech Hawk Karambit 266-1T"},"content":{"rendered":"<p>Cuchillo de tiro <strong>Microtech<\/strong> Hawk Karambit 266-1T<\/p>\n<p>2019 vio el renacimiento de la cl\u00e1sica navaja autom\u00e1tica con pulsador Hawk. Lanzado originalmente en 1996, este cuchillo reinventa un componente cl\u00e1sico con caracter\u00edsticas est\u00e9ticas actualizadas y reelaboradas para lograr un acabado m\u00e1s suave y una mayor funcionalidad. Ahora el Hawk est\u00e1 completamente realizado como un karambit t\u00e1ctico con anillo me\u00f1ique. Sigue presentando la misma eficiente hoja de carey y el mismo mecanismo de disparo autom\u00e1tico que lo convierte en un componente t\u00e1ctico robusto. A primera vista se nota una excelente ergonom\u00eda, un rompevidrios de carburo y un pedaleo justo donde lo necesitas, en el mango delantero y trasero. Pero es el incre\u00edble dise\u00f1o del respaldo, las estrictas tolerancias y la acci\u00f3n superior que no puedes ver lo que marca la diferencia. Este cuchillo es simplemente asombroso y captura perfectamente el famoso dise\u00f1o Hawk.<\/p>\n<p>Especificaciones<br \/>\nLongitud de la hoja: 10 cm<br \/>\nLargo cerrado: 12,5 cm<br \/>\nLongitud total: 25 cm<br \/>\nMaterial de la hoja: M390<br \/>\nEstilo de hoja: Karambit<br \/>\nRectificado de la hoja: Plano<br \/>\nAcabado de la hoja: negro<br \/>\nMaterial del mango: Aluminio negro 6061-T6 con inserciones texturizadas<br \/>\nGrosor del mango: 0,53&#8243;<br \/>\nMecanismo de bloqueo: Bot\u00f3n<br \/>\nClip de bolsillo: Acero inoxidable (desplegable, para uso en la mano derecha)<br \/>\nPeso: 5,2 onzas.<br \/>\nDise\u00f1ador: Tony Marfione<br \/>\nHecho en EE.UU<\/p>\n<p><iframe title=\"Microtech Combat Troodon Torture Test\" width=\"800\" height=\"450\" src=\"https:\/\/www.youtube.com\/embed\/xE9TeOFYEjg?feature=oembed\" frameborder=\"0\" allow=\"accelerometer; autoplay; clipboard-write; encrypted-media; gyroscope; picture-in-picture; web-share\" allowfullscreen><\/iframe><\/p>\n<p>&nbsp;<\/p>\n","protected":false},"excerpt":{"rendered":"<p><strong>A lo largo de los a\u00f1os, Microtech\u00ae Knives ha llenado los cuchillos con pasi\u00f3n y habilidad para crear casi obras de arte que son el pin\u00e1culo de la funcionalidad. Todas las piezas se fabrican en los EE. UU.<\/strong><br \/>\n<strong>Todos los cuchillos Microtech vienen con una garant\u00eda de por vida.<\/strong><\/p>\n<p><strong>Transporte gratuito.<\/strong><\/p>\n","protected":false},"featured_media":315721,"comment_status":"open","ping_status":"closed","template":"","meta":[],"pwb-brand":[3752],"product_brand":[],"product_cat":[3726,3729],"product_tag":[3756],"class_list":{"0":"post-315762","1":"product","2":"type-product","3":"status-publish","4":"has-post-thumbnail","6":"pwb-brand-microtecnologia","7":"product_cat-cuchillos","8":"product_cat-cuchillos-de-tiro","9":"product_tag-b2b-es","11":"first","12":"instock","13":"taxable","14":"shipping-taxable","15":"purchasable","16":"product-type-simple"},"brands":[{"id":3752,"name":"microtecnolog\u00eda","slug":"microtecnologia"}],"_links":{"self":[{"href":"https:\/\/www.moskito.cz\/es\/wp-json\/wp\/v2\/product\/315762","targetHints":{"allow":["GET"]}}],"collection":[{"href":"https:\/\/www.moskito.cz\/es\/wp-json\/wp\/v2\/product"}],"about":[{"href":"https:\/\/www.moskito.cz\/es\/wp-json\/wp\/v2\/types\/product"}],"replies":[{"embeddable":true,"href":"https:\/\/www.moskito.cz\/es\/wp-json\/wp\/v2\/comments?post=315762"}],"wp:featuredmedia":[{"embeddable":true,"href":"https:\/\/www.moskito.cz\/es\/wp-json\/wp\/v2\/media\/315721"}],"wp:attachment":[{"href":"https:\/\/www.moskito.cz\/es\/wp-json\/wp\/v2\/media?parent=315762"}],"wp:term":[{"taxonomy":"pwb-brand","embeddable":true,"href":"https:\/\/www.moskito.cz\/es\/wp-json\/wp\/v2\/pwb-brand?post=315762"},{"taxonomy":"product_brand","embeddable":true,"href":"https:\/\/www.moskito.cz\/es\/wp-json\/wp\/v2\/product_brand?post=315762"},{"taxonomy":"product_cat","embeddable":true,"href":"https:\/\/www.moskito.cz\/es\/wp-json\/wp\/v2\/product_cat?post=315762"},{"taxonomy":"product_tag","embeddable":true,"href":"https:\/\/www.moskito.cz\/es\/wp-json\/wp\/v2\/product_tag?post=315762"}],"curies":[{"name":"wp","href":"https:\/\/api.w.org\/{rel}","templated":true}]}}