{"id":316347,"date":"2024-03-12T23:46:09","date_gmt":"2024-03-12T22:46:09","guid":{"rendered":"https:\/\/www.moskito.cz\/produkt\/cuchillo-plegable-emerson-sheepdog-bowie\/"},"modified":"2025-05-07T11:03:49","modified_gmt":"2025-05-07T10:03:49","slug":"cuchillo-plegable-emerson-sheepdog-bowie","status":"publish","type":"product","link":"https:\/\/www.moskito.cz\/es\/produkt\/cuchillo-plegable-emerson-sheepdog-bowie\/","title":{"rendered":"Cuchillo plegable Emerson Sheepdog Bowie"},"content":{"rendered":"<p>Cuchillo plegable <strong>Emerson<\/strong> Sheepdog Bowie<\/p>\n<p>El cuchillo Emerson <strong>Sheepdog<\/strong> tiene un mango negro G-10 y dos tipos de hojas: Spear Point y Bowie. Est\u00e1 equipado con un sistema de pivote con rodamientos de bolas, que permite un despliegue suave y r\u00e1pido. Esta caracter\u00edstica de los rodamientos de bolas solo se ve en nuestros cuchillos Flipper. El Sheepdog se convirti\u00f3 r\u00e1pidamente en uno de los cuchillos <strong>Emerson<\/strong> m\u00e1s valorados y buscados.<\/p>\n<p>Un cuchillo <strong>para perros pastor<\/strong> de tama\u00f1o mediano con algunas caracter\u00edsticas importantes que son completamente nuevas para <strong>Emerson Knives<\/strong> . Sabiendo que este cuchillo est\u00e1 dise\u00f1ado espec\u00edficamente para uso policial y militar, estos dos estilos de hoja tienen m\u00e1s sentido para un cuchillo utilitario\/de defensa. Estamos muy contentos con los resultados y s\u00e9 que usted tambi\u00e9n lo estar\u00e1.<\/p>\n<p>Este Sheepdog es el primer cuchillo de Emerson que tambi\u00e9n presenta un nuevo sistema de soporte. El teniente coronel David Grossman es un \u00edcono en el mundo militar y t\u00e1ctico. Ex guardabosques de la Fuerza A\u00e9rea e instructor de West Point, es la principal autoridad mundial en los efectos del estr\u00e9s y el combate y c\u00f3mo afectan a las personas cuando se enfrentan a decisiones de vida o muerte. Es autor de dos libros innovadores, \u00abSobre matar\u00bb y \u00abSobre el combate\u00bb, que ahora se consideran lecturas obligadas para cualquiera que deba correr peligro.<\/p>\n<p>No hace falta decir que me sent\u00ed honrado y honrado cuando el Coronel Grossman se acerc\u00f3 a m\u00ed para hacer el \u201cCuchillo y Arma de Perro Pastor\u201d oficial para \u00e9l y su compa\u00f1\u00eda.<\/p>\n<p>\u201cEs importante que el usuario pueda abrir el cuchillo bajo mucha presi\u00f3n, por eso necesito que tenga una aleta. Con su movimiento, su bot\u00f3n para el pulgar y su aleta, ser\u00e1 el cuchillo m\u00e1s vers\u00e1til jam\u00e1s fabricado, incluso en un entorno de motricidad gruesa. Te dejar\u00e9 el resto del dise\u00f1o\u201d, me dijo.<\/p>\n<p>Manijas: Epoxi G-10 Negro \/ Fibra de Vidrio<br \/>\nCerradura: Titanio<br \/>\nHoja: 154cm<br \/>\nAcabado: Lavado a la piedra<br \/>\nLongitud total: 21 cm<br \/>\nLongitud de la hoja: 9 cm<br \/>\nDureza 57-59RC<\/p>\n","protected":false},"excerpt":{"rendered":"<p><strong>LOS CUCHILLOS EMERSON SON BUSCADOS POR MILITARES DE \u00c9LITE Y APLICACIONES DE LA LEY<\/strong><br \/>\n<strong>POR TROPAS DE TODO EL MUNDO Y ESTABLECE EL EST\u00c1NDAR POR EL CUAL SE JUZGAN TODOS LOS DEM\u00c1S CUCHILLOS T\u00c1CTICOS.<\/strong><\/p>\n<p>Transporte gratuito.<\/p>\n","protected":false},"featured_media":316322,"comment_status":"open","ping_status":"closed","template":"","meta":[],"pwb-brand":[3782],"product_brand":[],"product_cat":[3730,3726],"product_tag":[3756],"class_list":{"0":"post-316347","1":"product","2":"type-product","3":"status-publish","4":"has-post-thumbnail","6":"pwb-brand-emerson-es","7":"product_cat-cuchillas-de-cierre","8":"product_cat-cuchillos","9":"product_tag-b2b-es","11":"first","12":"outofstock","13":"taxable","14":"shipping-taxable","15":"purchasable","16":"product-type-simple"},"brands":[{"id":3782,"name":"emerson","slug":"emerson-es"}],"_links":{"self":[{"href":"https:\/\/www.moskito.cz\/es\/wp-json\/wp\/v2\/product\/316347","targetHints":{"allow":["GET"]}}],"collection":[{"href":"https:\/\/www.moskito.cz\/es\/wp-json\/wp\/v2\/product"}],"about":[{"href":"https:\/\/www.moskito.cz\/es\/wp-json\/wp\/v2\/types\/product"}],"replies":[{"embeddable":true,"href":"https:\/\/www.moskito.cz\/es\/wp-json\/wp\/v2\/comments?post=316347"}],"wp:featuredmedia":[{"embeddable":true,"href":"https:\/\/www.moskito.cz\/es\/wp-json\/wp\/v2\/media\/316322"}],"wp:attachment":[{"href":"https:\/\/www.moskito.cz\/es\/wp-json\/wp\/v2\/media?parent=316347"}],"wp:term":[{"taxonomy":"pwb-brand","embeddable":true,"href":"https:\/\/www.moskito.cz\/es\/wp-json\/wp\/v2\/pwb-brand?post=316347"},{"taxonomy":"product_brand","embeddable":true,"href":"https:\/\/www.moskito.cz\/es\/wp-json\/wp\/v2\/product_brand?post=316347"},{"taxonomy":"product_cat","embeddable":true,"href":"https:\/\/www.moskito.cz\/es\/wp-json\/wp\/v2\/product_cat?post=316347"},{"taxonomy":"product_tag","embeddable":true,"href":"https:\/\/www.moskito.cz\/es\/wp-json\/wp\/v2\/product_tag?post=316347"}],"curies":[{"name":"wp","href":"https:\/\/api.w.org\/{rel}","templated":true}]}}