{"id":316388,"date":"2024-03-13T00:04:07","date_gmt":"2024-03-12T23:04:07","guid":{"rendered":"https:\/\/www.moskito.cz\/produkt\/cuchillo-de-cierre-emerson-cqc-8\/"},"modified":"2025-05-07T11:03:52","modified_gmt":"2025-05-07T10:03:52","slug":"cuchillo-de-cierre-emerson-cqc-8","status":"publish","type":"product","link":"https:\/\/www.moskito.cz\/es\/produkt\/cuchillo-de-cierre-emerson-cqc-8\/","title":{"rendered":"Cuchillo de cierre Emerson CQC-8"},"content":{"rendered":"<p>Cuchillo de cierre <strong>Emerson<\/strong> CQC-8<\/p>\n<p>\u00bfA qui\u00e9n no le gustan las curvas? El CQC-8 tiene todas las curvas de principio a fin y se siente muy bien en la mano. Este cuchillo es de naturaleza t\u00e1ctica pero funcional. Adecuado para acampar, hacer caminatas, cazar o patrullar, el CQC-8 es un cuchillo que trabaja duro, en cualquier momento y en cualquier lugar.<\/p>\n<p>Despu\u00e9s de tantas solicitudes para agregar una modificaci\u00f3n de aleta al CQC-8, finalmente terminamos el primer cuchillo.<br \/>\nCuando la hoja est\u00e1 en posici\u00f3n abierta, la pesta\u00f1a de la aleta queda completamente oculta. Voltee, salude o dedo pulgar y abra este dise\u00f1o ic\u00f3nico de Emerson.<\/p>\n<p><strong>El cuchillo plegable t\u00e1ctico Emerson<\/strong> CQC-8 ha sido considerado durante mucho tiempo uno de los mejores dise\u00f1os de combate que jam\u00e1s hayamos producido. Ergonom\u00eda y dise\u00f1o de pala se han unido para crear una uni\u00f3n perfecta. Est\u00e1 perfectamente equilibrado en el compromiso hacia adelante y hacia atr\u00e1s. Cuenta con una hoja de carrera ascendente simple pero efectiva combinada con nuestra caracter\u00edstica patentada Emerson Wave y ahora una aleta de rodamiento. Tiene el honor de estar en nuestro Top 3 de cuchillos m\u00e1s populares junto con el Combat Karambit y el CQC-7.<\/p>\n<p>\u201cEl Emerson CQC-8 ha sido uno de los favoritos entre ciertos c\u00edrculos del famoso regimiento SAS de Gran Breta\u00f1a durante a\u00f1os y ha estado en acci\u00f3n desde el conflicto de Bosnia. Es un aut\u00e9ntico veterano curtido en la batalla que, desde los a\u00f1os 1980, a\u00f1os vieron la acci\u00f3n en todos los teatros. \u2013 \u00a130 a\u00f1os y sigo fuerte!\u201d<\/p>\n<p>Acero: 154CM<br \/>\nLongitud de la hoja: 10,7 cm<br \/>\nLongitud de todo el cuchillo: 25,8 cm<br \/>\nMango: G-10<br \/>\nclip negro<br \/>\nHecho en EE.UU<\/p>\n<p>&nbsp;<\/p>\n<p><iframe title=\"CQC-8 | Know Your Emerson\" width=\"800\" height=\"450\" src=\"https:\/\/www.youtube.com\/embed\/XdEsU0Txlqw?feature=oembed\" frameborder=\"0\" allow=\"accelerometer; autoplay; clipboard-write; encrypted-media; gyroscope; picture-in-picture; web-share\" allowfullscreen><\/iframe><\/p>\n<p>&nbsp;<\/p>\n<p>&nbsp;<\/p>\n<p>&nbsp;<\/p>\n","protected":false},"excerpt":{"rendered":"<p><strong>LOS CUCHILLOS EMERSON SON BUSCADOS POR MILITARES DE \u00c9LITE Y APLICACIONES DE LA LEY<\/strong><br \/>\n<strong>POR TROPAS DE TODO EL MUNDO Y ESTABLECE EL EST\u00c1NDAR POR EL CUAL SE JUZGAN TODOS LOS DEM\u00c1S CUCHILLOS T\u00c1CTICOS.<\/strong><\/p>\n<p>Transporte gratuito.<\/p>\n","protected":false},"featured_media":316362,"comment_status":"open","ping_status":"closed","template":"","meta":[],"pwb-brand":[3782],"product_brand":[],"product_cat":[3730,3726],"product_tag":[3756],"class_list":{"0":"post-316388","1":"product","2":"type-product","3":"status-publish","4":"has-post-thumbnail","6":"pwb-brand-emerson-es","7":"product_cat-cuchillas-de-cierre","8":"product_cat-cuchillos","9":"product_tag-b2b-es","11":"first","12":"outofstock","13":"taxable","14":"shipping-taxable","15":"purchasable","16":"product-type-simple"},"brands":[{"id":3782,"name":"emerson","slug":"emerson-es"}],"_links":{"self":[{"href":"https:\/\/www.moskito.cz\/es\/wp-json\/wp\/v2\/product\/316388","targetHints":{"allow":["GET"]}}],"collection":[{"href":"https:\/\/www.moskito.cz\/es\/wp-json\/wp\/v2\/product"}],"about":[{"href":"https:\/\/www.moskito.cz\/es\/wp-json\/wp\/v2\/types\/product"}],"replies":[{"embeddable":true,"href":"https:\/\/www.moskito.cz\/es\/wp-json\/wp\/v2\/comments?post=316388"}],"wp:featuredmedia":[{"embeddable":true,"href":"https:\/\/www.moskito.cz\/es\/wp-json\/wp\/v2\/media\/316362"}],"wp:attachment":[{"href":"https:\/\/www.moskito.cz\/es\/wp-json\/wp\/v2\/media?parent=316388"}],"wp:term":[{"taxonomy":"pwb-brand","embeddable":true,"href":"https:\/\/www.moskito.cz\/es\/wp-json\/wp\/v2\/pwb-brand?post=316388"},{"taxonomy":"product_brand","embeddable":true,"href":"https:\/\/www.moskito.cz\/es\/wp-json\/wp\/v2\/product_brand?post=316388"},{"taxonomy":"product_cat","embeddable":true,"href":"https:\/\/www.moskito.cz\/es\/wp-json\/wp\/v2\/product_cat?post=316388"},{"taxonomy":"product_tag","embeddable":true,"href":"https:\/\/www.moskito.cz\/es\/wp-json\/wp\/v2\/product_tag?post=316388"}],"curies":[{"name":"wp","href":"https:\/\/api.w.org\/{rel}","templated":true}]}}