{"id":316399,"date":"2023-03-28T20:02:17","date_gmt":"2023-03-28T19:02:17","guid":{"rendered":"https:\/\/www.moskito.cz\/produkt\/cuchilla-de-cierre-cold-steel-mini-recon-1-clip-pt-en-10a-stone-wash\/"},"modified":"2024-03-13T09:02:11","modified_gmt":"2024-03-13T08:02:11","slug":"cuchilla-de-cierre-cold-steel-mini-recon-1-clip-pt-en-10a-stone-wash","status":"publish","type":"product","link":"https:\/\/www.moskito.cz\/es\/produkt\/cuchilla-de-cierre-cold-steel-mini-recon-1-clip-pt-en-10a-stone-wash\/","title":{"rendered":"Cuchilla de Cierre Cold Steel MINI RECON 1 CLIP PT EN 10A STONE WASH"},"content":{"rendered":"<p>Cuchilla de Cierre <strong>Cold Steel<\/strong> MINI RECON 1 CLIP PT EN 10A STONE WASH<\/p>\n<p><strong>Mini Recon<\/strong> : disponible en 3 formas de hoja, clip, tanto y punta de lanza, hay un cuchillo para todos y este a\u00f1o son much\u00edsimo m\u00e1s asequibles gracias a sus nuevos mangos moldeados por inyecci\u00f3n que mantienen los costos bajos pero tienen muy poco impacto en su legendaria reputaci\u00f3n de fuerza y \u200b\u200brobustez.\u00bb &#8211; Lynn Thompson<\/p>\n<p>El Recon 1 es uno de los cuchillos plegables t\u00e1cticos m\u00e1s populares de Cold Steel.<\/p>\n<p>Descripci\u00f3n:<\/p>\n<p>Material de la hoja: AUS-10A<br \/>\nMaterial del mango: GRN<br \/>\nSeguridad: bloqueo Tri-Ad<br \/>\nLongitud de la hoja: 7,6 cm<br \/>\nLongitud total: 17,8 cm<br \/>\nLongitud del cuchillo plegado: 10,2 cm<br \/>\nGrosor de la hoja: 3 mm<br \/>\nPeso: 100 gramos<br \/>\nTipo de hoja: Punta de clip<\/p>\n<p>&nbsp;<\/p>\n","protected":false},"excerpt":{"rendered":"<p><strong>La navaja de cierre Mini Recon 1 Clip Point con filo liso es una navaja de cierre peque\u00f1a y muy ligera que se adapta perfectamente a la mano.<\/strong><\/p>\n","protected":false},"featured_media":316406,"comment_status":"open","ping_status":"closed","template":"","meta":[],"pwb-brand":[3790],"product_brand":[],"product_cat":[3730,3726],"product_tag":[3756],"class_list":{"0":"post-316399","1":"product","2":"type-product","3":"status-publish","4":"has-post-thumbnail","6":"pwb-brand-arma-blanca","7":"product_cat-cuchillas-de-cierre","8":"product_cat-cuchillos","9":"product_tag-b2b-es","11":"first","12":"instock","13":"taxable","14":"shipping-taxable","15":"purchasable","16":"product-type-simple"},"brands":[{"id":3790,"name":"Arma blanca","slug":"arma-blanca"}],"_links":{"self":[{"href":"https:\/\/www.moskito.cz\/es\/wp-json\/wp\/v2\/product\/316399","targetHints":{"allow":["GET"]}}],"collection":[{"href":"https:\/\/www.moskito.cz\/es\/wp-json\/wp\/v2\/product"}],"about":[{"href":"https:\/\/www.moskito.cz\/es\/wp-json\/wp\/v2\/types\/product"}],"replies":[{"embeddable":true,"href":"https:\/\/www.moskito.cz\/es\/wp-json\/wp\/v2\/comments?post=316399"}],"wp:featuredmedia":[{"embeddable":true,"href":"https:\/\/www.moskito.cz\/es\/wp-json\/wp\/v2\/media\/316406"}],"wp:attachment":[{"href":"https:\/\/www.moskito.cz\/es\/wp-json\/wp\/v2\/media?parent=316399"}],"wp:term":[{"taxonomy":"pwb-brand","embeddable":true,"href":"https:\/\/www.moskito.cz\/es\/wp-json\/wp\/v2\/pwb-brand?post=316399"},{"taxonomy":"product_brand","embeddable":true,"href":"https:\/\/www.moskito.cz\/es\/wp-json\/wp\/v2\/product_brand?post=316399"},{"taxonomy":"product_cat","embeddable":true,"href":"https:\/\/www.moskito.cz\/es\/wp-json\/wp\/v2\/product_cat?post=316399"},{"taxonomy":"product_tag","embeddable":true,"href":"https:\/\/www.moskito.cz\/es\/wp-json\/wp\/v2\/product_tag?post=316399"}],"curies":[{"name":"wp","href":"https:\/\/api.w.org\/{rel}","templated":true}]}}