{"id":316431,"date":"2024-03-13T21:25:06","date_gmt":"2024-03-13T20:25:40","guid":{"rendered":"https:\/\/www.moskito.cz\/produkt\/cuchillo-de-cierre-emerson-tko-sf\/"},"modified":"2025-05-07T11:03:53","modified_gmt":"2025-05-07T10:03:53","slug":"cuchillo-de-cierre-emerson-tko-sf","status":"publish","type":"product","link":"https:\/\/www.moskito.cz\/es\/produkt\/cuchillo-de-cierre-emerson-tko-sf\/","title":{"rendered":"Cuchillo de cierre Emerson TKO SF"},"content":{"rendered":"<p>Cuchillo de cierre <strong>Emerson<\/strong> TKO SF<\/p>\n<p>Ernest <strong>Emerson<\/strong> empez\u00f3 a fabricar cuchillos personalizados en su garaje en 1979. R\u00e1pidamente se estableci\u00f3 como fabricante de cuchillos, debido en igual medida a su experiencia como artesano (fabricante de herramientas y troqueles), su inter\u00e9s art\u00edstico por el dise\u00f1o y su experiencia pr\u00e1ctica como uno de los artesanos m\u00e1s buscados y respetados del mundo. -Instructores de combate cuerpo a cuerpo. El trabajo de Emerson ha sido presentado y exhibido en el Museo Metropolitano de Arte y el Museo Smithsonian. S\u00f3lo hay un pu\u00f1ado de artistas vivos que pueden afirmar eso. Como instructor en combate cuerpo a cuerpo y habilidades con armas blancas, el Sr. Emerson ha ense\u00f1ado a los guerreros m\u00e1s selectos del mundo, desde los SEAL de la Marina de los EE. UU. hasta los Guardias Parlamentarios en Londres y todos los lugares intermedios. Es autor de numerosos art\u00edculos, libros y v\u00eddeos sobre t\u00e1ctica, entrenamiento y combate. Como uno de los instructores m\u00e1s solicitados del mundo, tiene una gran demanda para seminarios y conferencias para agencias civiles, militares y policiales. Es miembro del Sal\u00f3n de la Fama de las Artes Marciales junto con nombres tan venerables como Bruce Lee y Chuck Norris. De hecho, el \u00fanico fabricante de cuchillos conocido que tambi\u00e9n posee y opera sus propias instalaciones de entrenamiento es el \u00abBlack Shamrock Combat Academy Gym\u00bb de clase mundial en Los \u00c1ngeles, California.<\/p>\n<p>Tim Kennedy me lo dej\u00f3 muy claro. \u00abEl dise\u00f1o de este cuchillo ten\u00eda que cumplir dos requisitos b\u00e1sicos. Tiene que funcionar como herramienta y arma en un entorno de combate y, en segundo lugar, tiene que ser un cuchillo que cualquier persona pueda llevar c\u00f3modamente en todas las circunstancias\u201d.<\/p>\n<p>Eso me dio suficiente trabajo.<\/p>\n<p>Para comenzar a satisfacer estos requisitos, sab\u00eda que la espada ten\u00eda que ser una combinaci\u00f3n de utilidad, fuerza y \u200b\u200barma. El resultado es una hoja de 3,80 pulgadas de largo para un filo muy afilado y mucho poder de penetraci\u00f3n. Mide 1100 pulgadas de alto en su punto m\u00e1s ancho (de borde a atr\u00e1s) y 1,25 pulgadas de grosor. El dise\u00f1o de la hoja presenta un borde c\u00f3modo pero funcional en la parte superior de la hoja y un abridor para el pulgar para abrirla f\u00e1cilmente con una sola mano, incluso con guantes. Presenta un dise\u00f1o de punta elevada con una curva suave que comienza en el bot\u00f3n del pulgar y fluye hacia una l\u00ednea superior larga, elegante y recortada que crea una fuerte secci\u00f3n transversal hasta la intersecci\u00f3n en la punta y una punta muy puntiaguda (\u00abapu\u00f1alada\u00bb, como la llama Tim). ) dise\u00f1o general. La punta se coloca directamente en la l\u00ednea central de la hoja para lograr el uso o transferencia de fuerza m\u00e1s eficiente cuando se empuja hacia adelante. El acero es acero de 1,54 cm probado en batalla, tratado t\u00e9rmicamente para resistir tambi\u00e9n una dureza Rockwell comprobada de 57 a 59, lo que le brinda un cuchillo que tiene la suficiente flexibilidad, dureza para sostener la hoja y facilidad de afilado en los entornos m\u00e1s extremos o intolerantes para discapacitados. . .<\/p>\n<p>Manejar.<\/p>\n<p>Tim tambi\u00e9n exigi\u00f3 que el cuchillo fuera lo m\u00e1s c\u00f3modo y seguro posible. El agarre que dise\u00f1\u00e9 presenta el dise\u00f1o de espiral profunda caracter\u00edstico de Emerson para evitar que la mano se deslice hacia adelante durante el uso extremo, y dos c\u00f3modas curvas de colocaci\u00f3n de los dedos que terminan en la parte inferior posterior del agarre. Es un ejemplo perfecto de la ergonom\u00eda <strong>de Emerson<\/strong> , por la que son conocidos todos los dise\u00f1os <strong>de Emerson<\/strong> . La cerradura est\u00e1 hecha de titanio 6Al4V de calidad aeron\u00e1utica y las manijas son G10 duraderas con un acabado a cuadros medio que es impermeable al agua, aceite, combustible y otros fluidos y l\u00edquidos.<\/p>\n<p>Tim fue muy espec\u00edfico sobre el tama\u00f1o total del cuchillo en relaci\u00f3n con un cuchillo duro\/de combate. Ambos estuvimos de acuerdo en que un cuchillo, a diferencia de una hoja fija, debe tener un tama\u00f1o que un soldado, un polic\u00eda o un civil pueda llevar c\u00f3modamente en cualquier momento, en cualquier momento y en cualquier lugar. Si un cuchillo es demasiado grande, voluminoso o pesado, es m\u00e1s probable que est\u00e9 en una guantera o en un estante cuando deber\u00eda estar en su bolsillo cuando lo necesite, r\u00e1pido, r\u00e1pido y con prisa. Al fin y al cabo, recuerda siempre que cuando surgen situaciones de violencia o de emergencia, no puedes elegir, ellos te elegir\u00e1n a ti. La navaja, que mide 9,0 pulgadas en total y 5,530 pulgadas cuando est\u00e1 cerrada, cuenta con un pr\u00e1ctico clip de bolsillo, por lo que siempre debe estar lista para usarse como su constante compa\u00f1era de bolsillo.<\/p>\n<p>Entonces, el dise\u00f1o de la navaja plegable TKF proviene de dos personas que saben un poco sobre la navaja resistente y lo que se supone que debe hacer una navaja cuando la necesitas.<\/p>\n<p>Creo que lo logramos. Tanto pr\u00e1ctico como t\u00e1ctico, este dise\u00f1o satisfar\u00e1 las necesidades de cualquier soldado, marinero, aviador o infante de marina, al tiempo que satisface las necesidades de cualquier operador encargado de hacer cumplir la ley, as\u00ed como cualquier necesidad de transporte diario, civil y resistente.<\/p>\n<p>Conf\u00eda en mi palabra. Este cuchillo pasar\u00e1 a ser otro dise\u00f1o ic\u00f3nico de combate\/t\u00e1ctico <strong>de Emerson<\/strong> porque, como he dicho muchas veces antes, \u00abno hay nada mejor que la experiencia\u00bb. Y en este caso, Ernest Emerson y Tim Kennedy aportaron muchos barcos a este proyecto. Apostar\u00eda mi reputaci\u00f3n y mi vida por este cuchillo.<\/p>\n<p>Ah, s\u00ed, est\u00e1 fabricado 100 % en Estados Unidos&#8230; hasta el \u00faltimo tornillo.<\/p>\n<p>\u00dasalo, abusa de \u00e9l, pero no lo pierdas.<\/p>\n<p>Atentamente,<\/p>\n<p>Ernesto Emerson.<\/p>\n<p>Longitud de la hoja: 9,37 cm<\/p>\n<p>Longitud total: 22,5 cm.<\/p>\n<p>Acero: 154cm<\/p>\n<p>Peso (oz) 5,36<\/p>\n<p>&nbsp;<\/p>\n<p>&nbsp;<\/p>\n","protected":false},"excerpt":{"rendered":"<p><strong>LOS CUCHILLOS EMERSON SON BUSCADOS POR MILITARES DE \u00c9LITE Y APLICACIONES DE LA LEY<\/strong><br \/>\n<strong>POR TROPAS DE TODO EL MUNDO Y ESTABLECE EL EST\u00c1NDAR POR EL CUAL SE JUZGAN TODOS LOS DEM\u00c1S CUCHILLOS T\u00c1CTICOS.<\/strong><\/p>\n<p>Transporte gratuito.<\/p>\n","protected":false},"featured_media":316422,"comment_status":"open","ping_status":"closed","template":"","meta":[],"pwb-brand":[3782],"product_brand":[],"product_cat":[3730,3726],"product_tag":[3756],"class_list":{"0":"post-316431","1":"product","2":"type-product","3":"status-publish","4":"has-post-thumbnail","6":"pwb-brand-emerson-es","7":"product_cat-cuchillas-de-cierre","8":"product_cat-cuchillos","9":"product_tag-b2b-es","11":"first","12":"outofstock","13":"taxable","14":"shipping-taxable","15":"purchasable","16":"product-type-simple"},"brands":[{"id":3782,"name":"emerson","slug":"emerson-es"}],"_links":{"self":[{"href":"https:\/\/www.moskito.cz\/es\/wp-json\/wp\/v2\/product\/316431","targetHints":{"allow":["GET"]}}],"collection":[{"href":"https:\/\/www.moskito.cz\/es\/wp-json\/wp\/v2\/product"}],"about":[{"href":"https:\/\/www.moskito.cz\/es\/wp-json\/wp\/v2\/types\/product"}],"replies":[{"embeddable":true,"href":"https:\/\/www.moskito.cz\/es\/wp-json\/wp\/v2\/comments?post=316431"}],"wp:featuredmedia":[{"embeddable":true,"href":"https:\/\/www.moskito.cz\/es\/wp-json\/wp\/v2\/media\/316422"}],"wp:attachment":[{"href":"https:\/\/www.moskito.cz\/es\/wp-json\/wp\/v2\/media?parent=316431"}],"wp:term":[{"taxonomy":"pwb-brand","embeddable":true,"href":"https:\/\/www.moskito.cz\/es\/wp-json\/wp\/v2\/pwb-brand?post=316431"},{"taxonomy":"product_brand","embeddable":true,"href":"https:\/\/www.moskito.cz\/es\/wp-json\/wp\/v2\/product_brand?post=316431"},{"taxonomy":"product_cat","embeddable":true,"href":"https:\/\/www.moskito.cz\/es\/wp-json\/wp\/v2\/product_cat?post=316431"},{"taxonomy":"product_tag","embeddable":true,"href":"https:\/\/www.moskito.cz\/es\/wp-json\/wp\/v2\/product_tag?post=316431"}],"curies":[{"name":"wp","href":"https:\/\/api.w.org\/{rel}","templated":true}]}}