{"id":316513,"date":"2024-03-13T22:19:54","date_gmt":"2024-03-13T21:20:36","guid":{"rendered":"https:\/\/www.moskito.cz\/produkt\/cuchillo-plegable-emerson-super-karambit-stonewash-sf\/"},"modified":"2025-05-07T11:03:56","modified_gmt":"2025-05-07T10:03:56","slug":"cuchillo-plegable-emerson-super-karambit-stonewash-sf","status":"publish","type":"product","link":"https:\/\/www.moskito.cz\/es\/produkt\/cuchillo-plegable-emerson-super-karambit-stonewash-sf\/","title":{"rendered":"Cuchillo plegable Emerson Super Karambit Stonewash SF"},"content":{"rendered":"<p>Cuchillo plegable <strong>Emerson<\/strong> Super Karambit Stonewash SF<\/p>\n<p>El Emerson Super Karambit est\u00e1 equipado con una funci\u00f3n patentada de apertura en forma de onda o un abridor de bolsillo remoto. En caso de emergencia o accidente, la navaja se puede abrir con una mano al sacarla del bolsillo. El cuchillo tiene una excelente construcci\u00f3n de punta reforzada que \u00abeleva\u00bb la punta y evita da\u00f1os en la punta muy fina como en los modelos anteriores. En segundo lugar, Emerson ha pasado a utilizar espaciadores roscados en lugar de un espaciador s\u00f3lido como los modelos de la generaci\u00f3n anterior. Esto a\u00f1adi\u00f3 rigidez al mango, especialmente en la zona del anillo. Ambos cambios mejoraron enormemente el dise\u00f1o general y la funci\u00f3n del cuchillo.<\/p>\n<p>Materiales:<br \/>\nManijas: Epoxi G10 Negro \/ Fibra de Vidrio<br \/>\nCerradura: Titanio de grado aeron\u00e1utico<br \/>\nHoja: acero inoxidable de 154CM<br \/>\nAcabado superficial: Lavado a la piedra<br \/>\nMolienda: Molienda de cincel<\/p>\n<p>Especificaciones:<br \/>\nLongitud total: 21 cm<br \/>\nLongitud de la hoja: 8,5 cm<br \/>\nDureza: 57-59RC<br \/>\nAgujero para el dedo: 0,94 pulgadas<br \/>\nPeso: 5,5 onzas.<br \/>\nHecho en EE.UU<\/p>\n<p>&nbsp;<\/p>\n","protected":false},"excerpt":{"rendered":"<p><strong>LOS CUCHILLOS EMERSON SON BUSCADOS POR MILITARES DE \u00c9LITE Y APLICACIONES DE LA LEY<\/strong><br \/>\n<strong>POR TROPAS DE TODO EL MUNDO Y ESTABLECE EL EST\u00c1NDAR POR EL CUAL SE JUZGAN TODOS LOS DEM\u00c1S CUCHILLOS T\u00c1CTICOS.<\/strong><\/p>\n<p>Transporte gratuito.<\/p>\n","protected":false},"featured_media":316488,"comment_status":"open","ping_status":"closed","template":"","meta":[],"pwb-brand":[3782],"product_brand":[],"product_cat":[3792,3726],"product_tag":[3756],"class_list":{"0":"post-316513","1":"product","2":"type-product","3":"status-publish","4":"has-post-thumbnail","6":"pwb-brand-emerson-es","7":"product_cat-karambits-es","8":"product_cat-cuchillos","9":"product_tag-b2b-es","11":"first","12":"instock","13":"taxable","14":"shipping-taxable","15":"purchasable","16":"product-type-simple"},"brands":[{"id":3782,"name":"emerson","slug":"emerson-es"}],"_links":{"self":[{"href":"https:\/\/www.moskito.cz\/es\/wp-json\/wp\/v2\/product\/316513","targetHints":{"allow":["GET"]}}],"collection":[{"href":"https:\/\/www.moskito.cz\/es\/wp-json\/wp\/v2\/product"}],"about":[{"href":"https:\/\/www.moskito.cz\/es\/wp-json\/wp\/v2\/types\/product"}],"replies":[{"embeddable":true,"href":"https:\/\/www.moskito.cz\/es\/wp-json\/wp\/v2\/comments?post=316513"}],"wp:featuredmedia":[{"embeddable":true,"href":"https:\/\/www.moskito.cz\/es\/wp-json\/wp\/v2\/media\/316488"}],"wp:attachment":[{"href":"https:\/\/www.moskito.cz\/es\/wp-json\/wp\/v2\/media?parent=316513"}],"wp:term":[{"taxonomy":"pwb-brand","embeddable":true,"href":"https:\/\/www.moskito.cz\/es\/wp-json\/wp\/v2\/pwb-brand?post=316513"},{"taxonomy":"product_brand","embeddable":true,"href":"https:\/\/www.moskito.cz\/es\/wp-json\/wp\/v2\/product_brand?post=316513"},{"taxonomy":"product_cat","embeddable":true,"href":"https:\/\/www.moskito.cz\/es\/wp-json\/wp\/v2\/product_cat?post=316513"},{"taxonomy":"product_tag","embeddable":true,"href":"https:\/\/www.moskito.cz\/es\/wp-json\/wp\/v2\/product_tag?post=316513"}],"curies":[{"name":"wp","href":"https:\/\/api.w.org\/{rel}","templated":true}]}}