{"id":316684,"date":"2024-03-14T20:02:32","date_gmt":"2024-03-14T19:05:33","guid":{"rendered":"https:\/\/www.moskito.cz\/produkt\/cuchillo-de-tiro-microtech-signature-series-makora-tactical-206-2ts\/"},"modified":"2025-05-07T11:03:59","modified_gmt":"2025-05-07T10:03:59","slug":"cuchillo-de-tiro-microtech-signature-series-makora-tactical-206-2ts","status":"publish","type":"product","link":"https:\/\/www.moskito.cz\/es\/produkt\/cuchillo-de-tiro-microtech-signature-series-makora-tactical-206-2ts\/","title":{"rendered":"Cuchillo de tiro Microtech Signature Series Makora Tactical 206-2TS"},"content":{"rendered":"<h3 data-pm-slice=\"1 1 []\"><strong>Cuchillo de tiro Microtech Signature Series Makora Tactical 206-2TS<\/strong><\/h3>\n<p><strong>El Makora Tactical 206-2TS de Microtech Signature Series<\/strong> es <strong>un cuchillo plegable OTF (Out The Front) de primera l\u00ednea<\/strong> que ofrece <strong>la combinaci\u00f3n perfecta de artesan\u00eda de precisi\u00f3n, materiales duraderos y dise\u00f1o t\u00e1ctico<\/strong> . Este modelo exclusivo <strong>no suele estar disponible<\/strong> , lo que lo convierte en <strong>un art\u00edculo muy buscado tanto por coleccionistas como por usuarios profesionales<\/strong> . <\/p>\n<p>\ud83d\udfe2 <strong>Edici\u00f3n limitada Signature Series: \u00a1la disponibilidad es muy limitada!<\/strong><br \/>\n \ud83d\udfe2 <strong>Producci\u00f3n completamente americana: \u00a1m\u00e1xima calidad garantizada!<\/strong><\/p>\n<div>\n<hr>\n<\/div>\n<p>\ud83d\udccf <strong>Longitud total:<\/strong> 250 mm<br \/>\n\ud83d\udde1\ufe0f  <strong>Longitud de la hoja:<\/strong> 101 mm<br \/>\n\ud83d\udccf  <strong>Grosor de la hoja:<\/strong> 3,8 mm<br \/>\n\u2696\ufe0f  <strong>Peso:<\/strong> 130g<br \/>\n\ud83d\udee0\ufe0f <strong>Material de la hoja:<\/strong> <strong>M390 \u2013 acero premium con recubrimiento en polvo de extrema durabilidad<\/strong><br \/>\n \ud83c\udfa8 <strong>Acabado de la hoja:<\/strong> <strong>Tactical Two-Tone: una combinaci\u00f3n de DLC negro y acabado satinado<\/strong><br \/>\n \ud83d\udd29 <strong>:<\/strong> <strong>Aluminio anodizado negro con textura antideslizante<\/strong><br \/>\n \ud83c\udfaf <strong>Mecanismo:<\/strong> <strong>OTF Double Action: extensi\u00f3n y retracci\u00f3n ultrarr\u00e1pidas con un solo bot\u00f3n<\/strong><br \/>\n \ud83d\udd12 <strong>Fusible:<\/strong> <strong>Bloqueo de seguridad del mecanismo OTF<\/strong><br \/>\n \ud83d\udccc       <strong>Clip:<\/strong> <strong>Clip de bolsillo profundo de doble cara para un transporte discreto<\/strong><br \/>\n \ud83c\udf0d  <strong>Hecho en EE.UU<\/strong><\/p>\n<div>\n<hr>\n<\/div>\n<h3><strong>Propiedades clave:<\/strong><\/h3>\n<p>\u2714\ufe0f <strong>Dise\u00f1o exclusivo de la serie Signature<\/strong> : disponibilidad limitada y valor de coleccionista.<br \/>\n\u2714\ufe0f <strong>Acero M390<\/strong> : resistencia extrema al desgaste y alta retenci\u00f3n del filo.<br \/>\n\u2714\ufe0f <strong>Acabado t\u00e1ctico de dos tonos<\/strong> : una combinaci\u00f3n elegante y duradera de DLC y acabado satinado.<br \/>\n\u2714\ufe0f <strong>de mango liviano pero robusto<\/strong> : excelente ergonom\u00eda y un agarre firme.<br \/>\n\u2714\ufe0f <strong>Mecanismo de doble acci\u00f3n OTF<\/strong> : respuesta instant\u00e1nea al presionar el bot\u00f3n.<br \/>\n\u2714\ufe0f <strong>Fabricado en EE. UU.<\/strong> \u2013 m\u00e1xima precisi\u00f3n y calidad.<\/p>\n<div>\n<hr>\n<\/div>\n<h3><strong>Usar<\/strong><\/h3>\n<p>\ud83d\udd39 <strong>Uso t\u00e1ctico<\/strong> &#8211; Herramienta profesional para fuerzas militares y de seguridad.<br \/>\n\ud83d\udd39 <strong>Everyday Carry (EDC)<\/strong> \u2013 Ligero, pr\u00e1ctico y f\u00e1cil de llevar.<br \/>\n\ud83d\udd39 <strong>Pieza de colecci\u00f3n<\/strong> \u2013   <strong>Serie Signature exclusiva con disponibilidad limitada.<\/strong><\/p>\n<div>\n<hr>\n<\/div>\n<h3><strong>Mantenimiento y rectificado<\/strong><\/h3>\n<p>\ud83d\udee1  <strong>Mantenimiento:<\/strong><\/p>\n<ul data-spread=\"false\">\n<li>Despu\u00e9s de cada uso, limpie la cuchilla con un pa\u00f1o seco y aplique aceite a las partes m\u00f3viles.<\/li>\n<li>Limpie peri\u00f3dicamente el mecanismo OTF para un funcionamiento suave.<\/li>\n<li>Conservar en un lugar seco y alejado de la humedad.<\/li>\n<\/ul>\n<p>\ud83d\udd2a <strong>Molienda:<\/strong><\/p>\n<ul data-spread=\"false\">\n<li>Utilice <strong>afiladores de diamante o de cer\u00e1mica<\/strong> .<\/li>\n<li>\u00c1ngulo de pulido recomendado: <strong>20\u00b0\u201325\u00b0<\/strong> .<\/li>\n<\/ul>\n<div>\n<hr>\n<\/div>\n<h3><strong>Ventajas y desventajas<\/strong><\/h3>\n<p>\u2705  <strong>Hoja Premium M390 con acabado t\u00e1ctico.<\/strong><br \/>\n\u2705  <strong>Dise\u00f1o de mango ligero y resistente con excelente agarre.<\/strong><br \/>\n\u2705  <strong>Mecanismo de doble acci\u00f3n OTF: extensi\u00f3n\/retracci\u00f3n instant\u00e1nea con un bot\u00f3n.<\/strong><br \/>\n\u2705  <strong>Edici\u00f3n exclusiva Signature Series: disponibilidad muy limitada.<\/strong><br \/>\n\u2705  <strong>Fabricado en EE. UU.: materiales de primera calidad y mano de obra precisa.<\/strong><\/p>\n<p>\u274c <strong>Precio m\u00e1s alto: corresponde a exclusividad y materiales de primera calidad.<\/strong><br \/>\n \u274c <strong>El mantenimiento regular del mecanismo es necesario para un rendimiento \u00f3ptimo.<\/strong><\/p>\n<div>\n<hr>\n<\/div>\n<h3><strong>Conclusi\u00f3n<\/strong><\/h3>\n<p><strong>El Makora Tactical 206-2TS de la serie Signature de Microtech<\/strong> es <strong>el mejor cuchillo OTF<\/strong> que combina <strong>tecnolog\u00eda de vanguardia, materiales lujosos y una funcionalidad inigualable<\/strong> . Este <strong>modelo exclusivo<\/strong> , <strong>poco disponible<\/strong> , es la opci\u00f3n ideal para <strong>coleccionistas, profesionales y usuarios exigentes<\/strong> que buscan <strong>lo mejor del mercado<\/strong> . <\/p>\n<p>\ud83d\udfe2 <strong>Garant\u00eda de por vida<\/strong> : garantiza una larga vida \u00fatil y un funcionamiento sin problemas.<br \/>\n \ud83d\udfe2 <strong>Env\u00edo gratis<\/strong> \u2013 <strong>\u00a1Haz tu pedido ahora y obt\u00e9n env\u00edo gratis! \ud83d\ude9a<\/strong><\/p>\n<p>\ud83d\udce6 <strong>La disponibilidad es limitada. \u00a1Consigue el tuyo lo antes posible!<\/strong><\/p>\n<p>&nbsp;<\/p>\n<p><iframe title=\"Microtech Combat Troodon Torture Test\" width=\"800\" height=\"450\" src=\"https:\/\/www.youtube.com\/embed\/xE9TeOFYEjg?feature=oembed\" frameborder=\"0\" allow=\"accelerometer; autoplay; clipboard-write; encrypted-media; gyroscope; picture-in-picture; web-share\" allowfullscreen><\/iframe><\/p>\n<p>&nbsp;<\/p>\n<p>&nbsp;<\/p>\n","protected":false},"excerpt":{"rendered":"<p><strong>El Makora Tactical 206-2TS de la serie Signature de Microtech es el mejor cuchillo OTF que combina tecnolog\u00eda de vanguardia, materiales lujosos y una funcionalidad inigualable. Este modelo exclusivo, poco disponible, es la opci\u00f3n ideal para coleccionistas, profesionales y usuarios exigentes que buscan lo mejor del mercado. <\/strong><\/p>\n<p><strong>\ud83d\udce6 tu pedido ahora y obt\u00e9n env\u00edo gratis \ud83d\ude9a<\/strong><\/p>\n","protected":false},"featured_media":316650,"comment_status":"open","ping_status":"closed","template":"","meta":[],"pwb-brand":[3752],"product_brand":[],"product_cat":[3726,3729],"product_tag":[3756],"class_list":{"0":"post-316684","1":"product","2":"type-product","3":"status-publish","4":"has-post-thumbnail","6":"pwb-brand-microtecnologia","7":"product_cat-cuchillos","8":"product_cat-cuchillos-de-tiro","9":"product_tag-b2b-es","11":"first","12":"outofstock","13":"taxable","14":"shipping-taxable","15":"purchasable","16":"product-type-simple"},"brands":[{"id":3752,"name":"microtecnolog\u00eda","slug":"microtecnologia"}],"_links":{"self":[{"href":"https:\/\/www.moskito.cz\/es\/wp-json\/wp\/v2\/product\/316684","targetHints":{"allow":["GET"]}}],"collection":[{"href":"https:\/\/www.moskito.cz\/es\/wp-json\/wp\/v2\/product"}],"about":[{"href":"https:\/\/www.moskito.cz\/es\/wp-json\/wp\/v2\/types\/product"}],"replies":[{"embeddable":true,"href":"https:\/\/www.moskito.cz\/es\/wp-json\/wp\/v2\/comments?post=316684"}],"wp:featuredmedia":[{"embeddable":true,"href":"https:\/\/www.moskito.cz\/es\/wp-json\/wp\/v2\/media\/316650"}],"wp:attachment":[{"href":"https:\/\/www.moskito.cz\/es\/wp-json\/wp\/v2\/media?parent=316684"}],"wp:term":[{"taxonomy":"pwb-brand","embeddable":true,"href":"https:\/\/www.moskito.cz\/es\/wp-json\/wp\/v2\/pwb-brand?post=316684"},{"taxonomy":"product_brand","embeddable":true,"href":"https:\/\/www.moskito.cz\/es\/wp-json\/wp\/v2\/product_brand?post=316684"},{"taxonomy":"product_cat","embeddable":true,"href":"https:\/\/www.moskito.cz\/es\/wp-json\/wp\/v2\/product_cat?post=316684"},{"taxonomy":"product_tag","embeddable":true,"href":"https:\/\/www.moskito.cz\/es\/wp-json\/wp\/v2\/product_tag?post=316684"}],"curies":[{"name":"wp","href":"https:\/\/api.w.org\/{rel}","templated":true}]}}