{"id":316825,"date":"2024-03-14T21:14:26","date_gmt":"2024-03-14T20:15:30","guid":{"rendered":"https:\/\/www.moskito.cz\/produkt\/cuchillo-de-tiro-microtech-combat-troodon-shadow-signature-series-142-3ct-dsh\/"},"modified":"2025-05-07T11:04:03","modified_gmt":"2025-05-07T10:04:03","slug":"cuchillo-de-tiro-microtech-combat-troodon-shadow-signature-series-142-3ct-dsh","status":"publish","type":"product","link":"https:\/\/www.moskito.cz\/es\/produkt\/cuchillo-de-tiro-microtech-combat-troodon-shadow-signature-series-142-3ct-dsh\/","title":{"rendered":"Cuchillo de tiro Microtech Combat Troodon Shadow Signature Series 142-3CT-DSH"},"content":{"rendered":"<p>Cuchillo de tiro <strong>Microtech<\/strong> Combat Troodon Shadow Signature Series 142-3CT-DSH<\/p>\n<p>El cuchillo OTF de mayor producci\u00f3n <strong>de Microtech Knives<\/strong> lleva el nombre del dinosaurio Troodon. <strong>Combat Troodon<\/strong> es una versi\u00f3n realmente grande del popular Troodon. A pesar de su tama\u00f1o, el mango resulta delgado y c\u00f3modo. La acci\u00f3n, por supuesto, es excelente en Microtech, como era de esperar. \u00a1Grandes y malos!<\/p>\n<p>Este modelo de edici\u00f3n limitada de <strong>la serie Delta Frag de la firma Shadow<\/strong> tiene varias mejoras importantes. El chasis de aluminio anodizado con textura de fragmentos negros permite que el agua, la suciedad y los residuos fluyan a trav\u00e9s del mango. Hoja de daga de doble filo de acero inoxidable M390 con acabado DLC negro con dentado completo en un lado. Herrajes con acabado DLC negro y rompecristales. Tenga en cuenta que estos tienen torniller\u00eda Torx est\u00e1ndar para que puedan mantenerse sin herramientas especiales. Las partes internas recubiertas de n\u00edquel-boro brindan un efecto reciente m\u00e1s suave y corrosivo. El clip de bolsillo est\u00e1 profundamente grabado con el n\u00famero de serie, la fecha de fabricaci\u00f3n, el logotipo de Claw y el logotipo de la serie.<\/p>\n<p>Pa\u00eds de origen: EE.UU.<br \/>\nMaterial del mango: Aluminio<br \/>\nMaterial de la hoja: M390<br \/>\nEstilo de hoja: Daga de doble filo<br \/>\nAcabado de la superficie de la hoja: DLC<br \/>\nTipo de borde: Totalmente dentado<br \/>\nModelo\/Patr\u00f3n: Troodon de combate<br \/>\nTipo de cuchillo: OTF autom\u00e1tico de doble acci\u00f3n<br \/>\nTipo de bloqueo: frontal<br \/>\nLargo abierto: 23 cm<br \/>\nLargo cerrado: 13 cm<\/p>\n<p><iframe title=\"Microtech Combat Troodon Torture Test\" width=\"800\" height=\"450\" src=\"https:\/\/www.youtube.com\/embed\/xE9TeOFYEjg?feature=oembed\" frameborder=\"0\" allow=\"accelerometer; autoplay; clipboard-write; encrypted-media; gyroscope; picture-in-picture; web-share\" allowfullscreen><\/iframe><\/p>\n<p>&nbsp;<\/p>\n<p>&nbsp;<\/p>\n","protected":false},"excerpt":{"rendered":"<p><strong>A lo largo de los a\u00f1os, Microtech\u00ae Knives ha llenado los cuchillos con pasi\u00f3n y habilidad para crear casi obras de arte que son el pin\u00e1culo de la funcionalidad. Todas las piezas se fabrican en los EE. UU.<\/strong><br \/>\n<strong>Todos los cuchillos Microtech vienen con una garant\u00eda de por vida.<\/strong><\/p>\n<p><strong>Transporte gratuito.<\/strong><\/p>\n","protected":false},"featured_media":316816,"comment_status":"open","ping_status":"closed","template":"","meta":[],"pwb-brand":[3752],"product_brand":[],"product_cat":[3726,3729],"product_tag":[3756],"class_list":{"0":"post-316825","1":"product","2":"type-product","3":"status-publish","4":"has-post-thumbnail","6":"pwb-brand-microtecnologia","7":"product_cat-cuchillos","8":"product_cat-cuchillos-de-tiro","9":"product_tag-b2b-es","11":"first","12":"instock","13":"taxable","14":"shipping-taxable","15":"purchasable","16":"product-type-simple"},"brands":[{"id":3752,"name":"microtecnolog\u00eda","slug":"microtecnologia"}],"_links":{"self":[{"href":"https:\/\/www.moskito.cz\/es\/wp-json\/wp\/v2\/product\/316825","targetHints":{"allow":["GET"]}}],"collection":[{"href":"https:\/\/www.moskito.cz\/es\/wp-json\/wp\/v2\/product"}],"about":[{"href":"https:\/\/www.moskito.cz\/es\/wp-json\/wp\/v2\/types\/product"}],"replies":[{"embeddable":true,"href":"https:\/\/www.moskito.cz\/es\/wp-json\/wp\/v2\/comments?post=316825"}],"wp:featuredmedia":[{"embeddable":true,"href":"https:\/\/www.moskito.cz\/es\/wp-json\/wp\/v2\/media\/316816"}],"wp:attachment":[{"href":"https:\/\/www.moskito.cz\/es\/wp-json\/wp\/v2\/media?parent=316825"}],"wp:term":[{"taxonomy":"pwb-brand","embeddable":true,"href":"https:\/\/www.moskito.cz\/es\/wp-json\/wp\/v2\/pwb-brand?post=316825"},{"taxonomy":"product_brand","embeddable":true,"href":"https:\/\/www.moskito.cz\/es\/wp-json\/wp\/v2\/product_brand?post=316825"},{"taxonomy":"product_cat","embeddable":true,"href":"https:\/\/www.moskito.cz\/es\/wp-json\/wp\/v2\/product_cat?post=316825"},{"taxonomy":"product_tag","embeddable":true,"href":"https:\/\/www.moskito.cz\/es\/wp-json\/wp\/v2\/product_tag?post=316825"}],"curies":[{"name":"wp","href":"https:\/\/api.w.org\/{rel}","templated":true}]}}