{"id":316905,"date":"2024-03-14T21:58:02","date_gmt":"2024-03-14T21:00:26","guid":{"rendered":"https:\/\/www.moskito.cz\/produkt\/cuchillo-de-tiro-microtech-makora-carbon-signature-series-206-3tcfis\/"},"modified":"2025-05-07T11:04:06","modified_gmt":"2025-05-07T10:04:06","slug":"cuchillo-de-tiro-microtech-makora-carbon-signature-series-206-3tcfis","status":"publish","type":"product","link":"https:\/\/www.moskito.cz\/es\/produkt\/cuchillo-de-tiro-microtech-makora-carbon-signature-series-206-3tcfis\/","title":{"rendered":"Cuchillo de tiro Microtech Makora Carbon Signature Series 206-3TCFIS"},"content":{"rendered":"<p>Cuchillo de tiro <strong>Microtech<\/strong> Makora Carbon Signature Series 206-3TCFIS<\/p>\n<p>La actualizaci\u00f3n <strong>de Makora<\/strong> es un dise\u00f1o que evolucion\u00f3 originalmente a partir del dise\u00f1o Ultratech. Tiene una forma general Ultratech con la adici\u00f3n de un pico en la parte superior del mango y el beneficio de un inserto de agarre. Otras mejoras a la nueva gama Makora incluyen ranuras en la base de la hoja, puertos en la parte inferior del chasis y partes internas recubiertas de n\u00edquel-boro. Estas mejoras hacen que la acci\u00f3n sea incre\u00edblemente fluida y confiable, y tambi\u00e9n facilitan un poco el mantenimiento.<\/p>\n<p>Este modelo original exclusivo cuenta con una empu\u00f1adura t\u00e1ctica de aluminio anodizado negro con un inserto de fibra de carbono. Hoja de daga t\u00e1ctica de doble filo de acero inoxidable M390 negra. Dise\u00f1o negro y clip de bolsillo negro con series de la firma y logos de Makora. El clip de bolsillo tambi\u00e9n tiene informaci\u00f3n del modelo, n\u00famero de serie y fecha de fabricaci\u00f3n. N\u00edquel-boro interior. \u00a1El modelo de la serie Signature no te decepcionar\u00e1!<\/p>\n<p>Pa\u00eds de origen: EE.UU.<br \/>\nMaterial del mango: Aluminio<br \/>\nMaterial de la hoja: M390<br \/>\nEstilo de hoja: Daga de doble filo<br \/>\nAcabado de la hoja: Negro<br \/>\nTipo de borde: Totalmente dentado<br \/>\nModelo\/Patr\u00f3n: Makora<br \/>\nTipo de cuchillo: OTF autom\u00e1tico de doble acci\u00f3n<br \/>\nLongitud de la hoja: 8,25 cm<br \/>\nFilo: 7,81 cm<br \/>\nLargo cerrado: 12,81 cm<br \/>\nLongitud total: 21,3 cm.<\/p>\n<p><iframe title=\"Microtech Combat Troodon Torture Test\" width=\"800\" height=\"450\" src=\"https:\/\/www.youtube.com\/embed\/xE9TeOFYEjg?feature=oembed\" frameborder=\"0\" allow=\"accelerometer; autoplay; clipboard-write; encrypted-media; gyroscope; picture-in-picture; web-share\" allowfullscreen><\/iframe><\/p>\n<p>&nbsp;<\/p>\n<p>&nbsp;<\/p>\n","protected":false},"excerpt":{"rendered":"<p><strong>A lo largo de los a\u00f1os, Microtech\u00ae Knives ha llenado los cuchillos con pasi\u00f3n y habilidad para crear casi obras de arte que son el pin\u00e1culo de la funcionalidad. Todas las piezas se fabrican en los EE. UU.<\/strong><br \/>\n<strong>Todas las cuchillas Microtech est\u00e1n garantizadas de por vida (m\u00edn. 80.000 ciclos, apertura y cierre)<\/strong><\/p>\n<p><strong>Transporte gratuito.<\/strong><\/p>\n","protected":false},"featured_media":316896,"comment_status":"open","ping_status":"closed","template":"","meta":[],"pwb-brand":[3752],"product_brand":[],"product_cat":[3726,3729],"product_tag":[3756],"class_list":{"0":"post-316905","1":"product","2":"type-product","3":"status-publish","4":"has-post-thumbnail","6":"pwb-brand-microtecnologia","7":"product_cat-cuchillos","8":"product_cat-cuchillos-de-tiro","9":"product_tag-b2b-es","11":"first","12":"instock","13":"taxable","14":"shipping-taxable","15":"purchasable","16":"product-type-simple"},"brands":[{"id":3752,"name":"microtecnolog\u00eda","slug":"microtecnologia"}],"_links":{"self":[{"href":"https:\/\/www.moskito.cz\/es\/wp-json\/wp\/v2\/product\/316905","targetHints":{"allow":["GET"]}}],"collection":[{"href":"https:\/\/www.moskito.cz\/es\/wp-json\/wp\/v2\/product"}],"about":[{"href":"https:\/\/www.moskito.cz\/es\/wp-json\/wp\/v2\/types\/product"}],"replies":[{"embeddable":true,"href":"https:\/\/www.moskito.cz\/es\/wp-json\/wp\/v2\/comments?post=316905"}],"wp:featuredmedia":[{"embeddable":true,"href":"https:\/\/www.moskito.cz\/es\/wp-json\/wp\/v2\/media\/316896"}],"wp:attachment":[{"href":"https:\/\/www.moskito.cz\/es\/wp-json\/wp\/v2\/media?parent=316905"}],"wp:term":[{"taxonomy":"pwb-brand","embeddable":true,"href":"https:\/\/www.moskito.cz\/es\/wp-json\/wp\/v2\/pwb-brand?post=316905"},{"taxonomy":"product_brand","embeddable":true,"href":"https:\/\/www.moskito.cz\/es\/wp-json\/wp\/v2\/product_brand?post=316905"},{"taxonomy":"product_cat","embeddable":true,"href":"https:\/\/www.moskito.cz\/es\/wp-json\/wp\/v2\/product_cat?post=316905"},{"taxonomy":"product_tag","embeddable":true,"href":"https:\/\/www.moskito.cz\/es\/wp-json\/wp\/v2\/product_tag?post=316905"}],"curies":[{"name":"wp","href":"https:\/\/api.w.org\/{rel}","templated":true}]}}