{"id":317002,"date":"2022-12-18T10:18:14","date_gmt":"2024-03-14T21:57:37","guid":{"rendered":"https:\/\/www.moskito.cz\/produkt\/cuchillo-de-tiro-microtech-ultratech-violet-otf-stonewash-122-10vi\/"},"modified":"2025-05-07T11:04:11","modified_gmt":"2025-05-07T10:04:11","slug":"cuchillo-de-tiro-microtech-ultratech-violet-otf-stonewash-122-10vi","status":"publish","type":"product","link":"https:\/\/www.moskito.cz\/es\/produkt\/cuchillo-de-tiro-microtech-ultratech-violet-otf-stonewash-122-10vi\/","title":{"rendered":"Cuchillo de tiro Microtech Ultratech Violet OTF Stonewash 122-10VI"},"content":{"rendered":"<p>Cuchillo de tiro <strong>Microtech<\/strong> Ultratech Violet OTF Stonewash 122-10VI.<\/p>\n<p>Como modelo insignia de la l\u00ednea OTF de <strong>Microtech<\/strong> , Ultratech\u00ae establece el est\u00e1ndar para la tecnolog\u00eda OTF. La tecnolog\u00eda patentada permite que el resorte del gatillo est\u00e9 en reposo tanto en la posici\u00f3n abierta como en la cerrada, lo que reduce dr\u00e1sticamente el desgaste de los mecanismos internos de disparo. El mango del chasis moldeado proporciona una sensaci\u00f3n m\u00e1s liviana y ergon\u00f3mica y viene con una superficie lisa y plana. <strong>El Microtech<\/strong> Ultratech es el primer cuchillo autom\u00e1tico OTF (desde el frente) fabricado por <strong>Microtech<\/strong> Knives. Presenta una hoja con diferentes acabados y estilos de hoja. El Ultratech cuenta con un mango liso de aluminio anodizado 6061-T6 con clip de bolsillo, rompevidrios y herrajes de acero inoxidable. Pulgar deslizante de doble acci\u00f3n para despliegue y retracci\u00f3n autom\u00e1ticos.<\/p>\n<p>Longitud total: 20,92 cm.<br \/>\nLongitud de la hoja: 8,42 cm<br \/>\nFilo: 7,8 cm<br \/>\nGrosor de la hoja: 0,32 cm.<br \/>\nMaterial de la hoja: Bohler M390<br \/>\nInserciones: planas<br \/>\nTipo de borde: liso<br \/>\nLongitud del mango: 12,5 cm<br \/>\nGrosor del mango: 1,17 cm.<br \/>\nMaterial del mango: aluminio<br \/>\nPeso: 3,37 onzas.<br \/>\nUsuario: mano derecha<br \/>\nClip de bolsillo: inclinado hacia abajo<br \/>\nTipo de cuchillo: OTF de doble acci\u00f3n autom\u00e1tico<br \/>\nAbridor: Diapositiva del pulgar<br \/>\nMarca: Microtech<br \/>\nModelo: Ultratech<br \/>\nPa\u00eds de origen: EE.UU.<br \/>\nMejor uso: todos los d\u00edas<\/p>\n<p><iframe title=\"Microtech Combat Troodon Torture Test\" width=\"800\" height=\"450\" src=\"https:\/\/www.youtube.com\/embed\/xE9TeOFYEjg?feature=oembed\" frameborder=\"0\" allow=\"accelerometer; autoplay; clipboard-write; encrypted-media; gyroscope; picture-in-picture; web-share\" allowfullscreen><\/iframe><\/p>\n<p>&nbsp;<\/p>\n<p>&nbsp;<\/p>\n","protected":false},"excerpt":{"rendered":"<p><strong>A lo largo de los a\u00f1os, Microtech\u00ae Knives ha llenado los cuchillos con pasi\u00f3n y habilidad para crear casi obras de arte que son el pin\u00e1culo de la funcionalidad. Todas las piezas se fabrican en los EE. UU.<\/strong><br \/>\n<strong>Todos los cuchillos Microtech vienen con una garant\u00eda de por vida.<\/strong><\/p>\n<p><strong>Transporte gratuito.<\/strong><\/p>\n","protected":false},"featured_media":349697,"comment_status":"open","ping_status":"closed","template":"","meta":[],"pwb-brand":[3752],"product_brand":[],"product_cat":[3726,3729],"product_tag":[3756],"class_list":{"0":"post-317002","1":"product","2":"type-product","3":"status-publish","4":"has-post-thumbnail","6":"pwb-brand-microtecnologia","7":"product_cat-cuchillos","8":"product_cat-cuchillos-de-tiro","9":"product_tag-b2b-es","11":"first","12":"instock","13":"taxable","14":"shipping-taxable","15":"purchasable","16":"product-type-simple"},"brands":[{"id":3752,"name":"microtecnolog\u00eda","slug":"microtecnologia"}],"_links":{"self":[{"href":"https:\/\/www.moskito.cz\/es\/wp-json\/wp\/v2\/product\/317002","targetHints":{"allow":["GET"]}}],"collection":[{"href":"https:\/\/www.moskito.cz\/es\/wp-json\/wp\/v2\/product"}],"about":[{"href":"https:\/\/www.moskito.cz\/es\/wp-json\/wp\/v2\/types\/product"}],"replies":[{"embeddable":true,"href":"https:\/\/www.moskito.cz\/es\/wp-json\/wp\/v2\/comments?post=317002"}],"wp:featuredmedia":[{"embeddable":true,"href":"https:\/\/www.moskito.cz\/es\/wp-json\/wp\/v2\/media\/349697"}],"wp:attachment":[{"href":"https:\/\/www.moskito.cz\/es\/wp-json\/wp\/v2\/media?parent=317002"}],"wp:term":[{"taxonomy":"pwb-brand","embeddable":true,"href":"https:\/\/www.moskito.cz\/es\/wp-json\/wp\/v2\/pwb-brand?post=317002"},{"taxonomy":"product_brand","embeddable":true,"href":"https:\/\/www.moskito.cz\/es\/wp-json\/wp\/v2\/product_brand?post=317002"},{"taxonomy":"product_cat","embeddable":true,"href":"https:\/\/www.moskito.cz\/es\/wp-json\/wp\/v2\/product_cat?post=317002"},{"taxonomy":"product_tag","embeddable":true,"href":"https:\/\/www.moskito.cz\/es\/wp-json\/wp\/v2\/product_tag?post=317002"}],"curies":[{"name":"wp","href":"https:\/\/api.w.org\/{rel}","templated":true}]}}