{"id":317110,"date":"2023-08-11T20:09:39","date_gmt":"2024-03-14T22:00:39","guid":{"rendered":"https:\/\/www.moskito.cz\/produkt\/cuchillo-de-tiro-microtech-ultratech-verde-cerakote-122-1cod\/"},"modified":"2025-05-07T11:04:14","modified_gmt":"2025-05-07T10:04:14","slug":"cuchillo-de-tiro-microtech-ultratech-verde-cerakote-122-1cod","status":"publish","type":"product","link":"https:\/\/www.moskito.cz\/es\/produkt\/cuchillo-de-tiro-microtech-ultratech-verde-cerakote-122-1cod\/","title":{"rendered":"Cuchillo de Tiro Microtech Ultratech Verde Cerakote 122-1COD"},"content":{"rendered":"<p>Cuchillo de Tiro <strong>Microtech<\/strong> Ultratech Verde Cerakote 122-1COD<\/p>\n<p>Ultratech de Microtech es uno de sus modelos m\u00e1s populares y definitivamente ofrece la mayor rentabilidad. Establecer\u00e1 para siempre el est\u00e1ndar para todos los cuchillos frontales. El Ultratech es el cuchillo frontal de doble acci\u00f3n original de Microtech y fue la base de toda su l\u00ednea OTF. Ha sufrido varias modificaciones a lo largo de los a\u00f1os, volvi\u00e9ndose cada vez m\u00e1s eficiente y fiable. El resorte Ultratech permanece en posici\u00f3n de \u00abreposo\u00bb en todo momento, excepto cuando est\u00e1 estirado. Esto asegura que el resorte comprimido no se canse, asegurando a los usuarios que cuando se dispare el cuchillo, funcionar\u00e1 de manera efectiva. \u00a1El cuchillo Ultratech liviano con apertura y cierre con una sola mano, su forma delgada y su hoja de bistur\u00ed afilada lo convierten en un cuchillo \u00fanico!<\/p>\n<p>Este modelo cuenta con un mango de aluminio 6061 con acabado Cerakote en verde con el logo de Microtech Claw en el frente. Hoja recubierta de Cerakote de doble filo de acero inoxidable OD verde M390 con bordes de corte est\u00e1ndar. Herrajes OD verde con acabado Cerakote, clip de bolsillo reversible, orificio para cord\u00f3n y rompecristales. La hoja tiene informaci\u00f3n del modelo. El clip tiene el logo de Microtech, n\u00famero de serie y fecha de fabricaci\u00f3n.<\/p>\n<p>Pa\u00eds de origen: EE.UU.<br \/>\nMaterial del mango: Aluminio<br \/>\nMaterial de la hoja: M390<br \/>\nEstilo de hoja: Daga de doble filo<br \/>\nAcabado de la hoja: OD Verde<br \/>\nTipo de borde: Est\u00e1ndar<br \/>\nModelo\/Patr\u00f3n: Ultratech<br \/>\nTipo de cuchillo: OTF autom\u00e1tico de doble acci\u00f3n<br \/>\nTipo de bloqueo: frontal<br \/>\nLongitud de la hoja: 8,45 cm<br \/>\nLongitud del mango: 12,5 cm<br \/>\nPeso: 3,5 onzas<\/p>\n<p><iframe title=\"Microtech Combat Troodon Torture Test\" width=\"800\" height=\"450\" src=\"https:\/\/www.youtube.com\/embed\/xE9TeOFYEjg?feature=oembed\" frameborder=\"0\" allow=\"accelerometer; autoplay; clipboard-write; encrypted-media; gyroscope; picture-in-picture; web-share\" allowfullscreen><\/iframe><\/p>\n<p>&nbsp;<\/p>\n<p>&nbsp;<\/p>\n","protected":false},"excerpt":{"rendered":"<p><strong>Ultratech de Microtech es uno de sus modelos m\u00e1s populares y definitivamente ofrece la mayor rentabilidad.<\/strong><\/p>\n<p><strong>Todos los cuchillos Microtech vienen con una garant\u00eda de por vida. Transporte gratuito.<\/strong><\/p>\n","protected":false},"featured_media":317121,"comment_status":"open","ping_status":"closed","template":"","meta":[],"pwb-brand":[3752],"product_brand":[],"product_cat":[3726,3729],"product_tag":[3756],"class_list":{"0":"post-317110","1":"product","2":"type-product","3":"status-publish","4":"has-post-thumbnail","6":"pwb-brand-microtecnologia","7":"product_cat-cuchillos","8":"product_cat-cuchillos-de-tiro","9":"product_tag-b2b-es","11":"first","12":"instock","13":"taxable","14":"shipping-taxable","15":"purchasable","16":"product-type-simple"},"brands":[{"id":3752,"name":"microtecnolog\u00eda","slug":"microtecnologia"}],"_links":{"self":[{"href":"https:\/\/www.moskito.cz\/es\/wp-json\/wp\/v2\/product\/317110","targetHints":{"allow":["GET"]}}],"collection":[{"href":"https:\/\/www.moskito.cz\/es\/wp-json\/wp\/v2\/product"}],"about":[{"href":"https:\/\/www.moskito.cz\/es\/wp-json\/wp\/v2\/types\/product"}],"replies":[{"embeddable":true,"href":"https:\/\/www.moskito.cz\/es\/wp-json\/wp\/v2\/comments?post=317110"}],"wp:featuredmedia":[{"embeddable":true,"href":"https:\/\/www.moskito.cz\/es\/wp-json\/wp\/v2\/media\/317121"}],"wp:attachment":[{"href":"https:\/\/www.moskito.cz\/es\/wp-json\/wp\/v2\/media?parent=317110"}],"wp:term":[{"taxonomy":"pwb-brand","embeddable":true,"href":"https:\/\/www.moskito.cz\/es\/wp-json\/wp\/v2\/pwb-brand?post=317110"},{"taxonomy":"product_brand","embeddable":true,"href":"https:\/\/www.moskito.cz\/es\/wp-json\/wp\/v2\/product_brand?post=317110"},{"taxonomy":"product_cat","embeddable":true,"href":"https:\/\/www.moskito.cz\/es\/wp-json\/wp\/v2\/product_cat?post=317110"},{"taxonomy":"product_tag","embeddable":true,"href":"https:\/\/www.moskito.cz\/es\/wp-json\/wp\/v2\/product_tag?post=317110"}],"curies":[{"name":"wp","href":"https:\/\/api.w.org\/{rel}","templated":true}]}}