{"id":317115,"date":"2023-11-09T21:29:56","date_gmt":"2024-03-14T22:00:40","guid":{"rendered":"https:\/\/www.moskito.cz\/produkt\/cuchillo-de-tiro-microtech-ultratech-clone-trooper-122-1co\/"},"modified":"2025-05-07T11:04:15","modified_gmt":"2025-05-07T10:04:15","slug":"cuchillo-de-tiro-microtech-ultratech-clone-trooper-122-1co","status":"publish","type":"product","link":"https:\/\/www.moskito.cz\/es\/produkt\/cuchillo-de-tiro-microtech-ultratech-clone-trooper-122-1co\/","title":{"rendered":"Cuchillo de Tiro Microtech Ultratech Clone Trooper 122-1CO"},"content":{"rendered":"<p>Cuchillo de Tiro <strong>Microtech<\/strong> Ultratech Clone Trooper 122-1CO<\/p>\n<p>Un cl\u00e1sico <strong>de Microtech<\/strong> , el Ultratech ha sido el arquetipo de los aut\u00f3matas l\u00edderes desde sus inicios. Construido con la misma mec\u00e1nica probada, el resorte permanece quieto tanto en posici\u00f3n abierta como cerrada para reducir el desgaste. Con una potente apertura\/retracci\u00f3n autom\u00e1tica de la hoja al alcance de su mano y un bloqueo s\u00f3lido de la hoja, Ultratech de <strong>Microtech<\/strong> sigue siendo el est\u00e1ndar en el mundo autom\u00e1tico.<\/p>\n<p>Longitud total: 21,2 cm<br \/>\nLargo cerrado: 12,7 cm<br \/>\nLongitud de la hoja: 8,5 cm<br \/>\nGrosor de la hoja: 0,32 cm.<br \/>\nEstilo de borde: liso<br \/>\nMaterial del mango: Aluminio Clone Trooper<br \/>\nGrosor del mango: 1,2 cm.<br \/>\nClip de bolsillo: inclinado hacia abajo<br \/>\nPeso: 99,23 gramos<br \/>\nRef. del fabricante. #: 122-1CO<br \/>\nPa\u00eds de origen: EE.UU.<\/p>\n<p><iframe title=\"Microtech Combat Troodon Torture Test\" width=\"800\" height=\"450\" src=\"https:\/\/www.youtube.com\/embed\/xE9TeOFYEjg?feature=oembed\" frameborder=\"0\" allow=\"accelerometer; autoplay; clipboard-write; encrypted-media; gyroscope; picture-in-picture; web-share\" allowfullscreen><\/iframe><\/p>\n<p>&nbsp;<\/p>\n","protected":false},"excerpt":{"rendered":"<p><strong>A lo largo de los a\u00f1os, Microtech\u00ae Knives ha llenado los cuchillos con pasi\u00f3n y habilidad para crear casi obras de arte que son el pin\u00e1culo de la funcionalidad. Todas las piezas se fabrican en los EE. UU.<\/strong><br \/>\n<strong>Todos los cuchillos Microtech vienen con una garant\u00eda de por vida.<\/strong><\/p>\n<p><strong>Transporte gratuito.<\/strong><\/p>\n","protected":false},"featured_media":317135,"comment_status":"open","ping_status":"closed","template":"","meta":[],"pwb-brand":[3752],"product_brand":[],"product_cat":[3726,3729],"product_tag":[3756],"class_list":{"0":"post-317115","1":"product","2":"type-product","3":"status-publish","4":"has-post-thumbnail","6":"pwb-brand-microtecnologia","7":"product_cat-cuchillos","8":"product_cat-cuchillos-de-tiro","9":"product_tag-b2b-es","11":"first","12":"instock","13":"taxable","14":"shipping-taxable","15":"purchasable","16":"product-type-simple"},"brands":[{"id":3752,"name":"microtecnolog\u00eda","slug":"microtecnologia"}],"_links":{"self":[{"href":"https:\/\/www.moskito.cz\/es\/wp-json\/wp\/v2\/product\/317115","targetHints":{"allow":["GET"]}}],"collection":[{"href":"https:\/\/www.moskito.cz\/es\/wp-json\/wp\/v2\/product"}],"about":[{"href":"https:\/\/www.moskito.cz\/es\/wp-json\/wp\/v2\/types\/product"}],"replies":[{"embeddable":true,"href":"https:\/\/www.moskito.cz\/es\/wp-json\/wp\/v2\/comments?post=317115"}],"wp:featuredmedia":[{"embeddable":true,"href":"https:\/\/www.moskito.cz\/es\/wp-json\/wp\/v2\/media\/317135"}],"wp:attachment":[{"href":"https:\/\/www.moskito.cz\/es\/wp-json\/wp\/v2\/media?parent=317115"}],"wp:term":[{"taxonomy":"pwb-brand","embeddable":true,"href":"https:\/\/www.moskito.cz\/es\/wp-json\/wp\/v2\/pwb-brand?post=317115"},{"taxonomy":"product_brand","embeddable":true,"href":"https:\/\/www.moskito.cz\/es\/wp-json\/wp\/v2\/product_brand?post=317115"},{"taxonomy":"product_cat","embeddable":true,"href":"https:\/\/www.moskito.cz\/es\/wp-json\/wp\/v2\/product_cat?post=317115"},{"taxonomy":"product_tag","embeddable":true,"href":"https:\/\/www.moskito.cz\/es\/wp-json\/wp\/v2\/product_tag?post=317115"}],"curies":[{"name":"wp","href":"https:\/\/api.w.org\/{rel}","templated":true}]}}