{"id":317571,"date":"2023-02-22T22:36:55","date_gmt":"2024-03-14T22:02:16","guid":{"rendered":"https:\/\/www.moskito.cz\/produkt\/cuchillo-de-tiro-microtech-ultratech-apocaliptico-bronce-122-13aprd\/"},"modified":"2025-05-07T11:04:27","modified_gmt":"2025-05-07T10:04:27","slug":"cuchillo-de-tiro-microtech-ultratech-apocaliptico-bronce-122-13aprd","status":"publish","type":"product","link":"https:\/\/www.moskito.cz\/es\/produkt\/cuchillo-de-tiro-microtech-ultratech-apocaliptico-bronce-122-13aprd\/","title":{"rendered":"Cuchillo de Tiro Microtech Ultratech Apocal\u00edptico Bronce 122-13APRD"},"content":{"rendered":"<p>Cuchillo de Tiro <strong>Microtech<\/strong> Ultratech Apocal\u00edptico Bronce 122-13APRD<\/p>\n<p>estableciendo siempre el est\u00e1ndar para todos los cuchillos frontales. El Ultratech es el cuchillo frontal de doble acci\u00f3n original de Microtech y fue la base de toda su l\u00ednea OTF. Ha sufrido varias modificaciones a lo largo de los a\u00f1os, volvi\u00e9ndose cada vez m\u00e1s eficiente y fiable. Esta versi\u00f3n tiene un mango moldeado mejorado con un deslizador texturizado para el pulgar para una compra m\u00e1s positiva. El resorte Ultratech permanece en posici\u00f3n de \u00abreposo\u00bb en todo momento, excepto cuando est\u00e1 estirado. Esto asegura que el resorte comprimido no se canse, asegurando a los usuarios que cuando se dispare el cuchillo, funcionar\u00e1 de manera efectiva. La ultratecnolog\u00eda puede adoptar muchas formas diferentes; se puede acabar con una placa de aluminio mecanizada est\u00e1ndar o un trozo de fibra de carbono. Su peso ligero, apertura y cierre con una sola mano, dise\u00f1o delgado y hoja afilada como un bistur\u00ed hacen de este un cuchillo \u00fanico disponible s\u00f3lo en Microtech. Este cuchillo ha demostrado una y otra vez que puede resistir cualquier obst\u00e1culo. S\u00f3lo el tiempo dir\u00e1 cu\u00e1l ser\u00e1 el siguiente paso de la l\u00ednea Ultratech.<\/p>\n<p>Especificaciones<br \/>\nApertura\/cierre autom\u00e1tico &#8211; abridor frontal<br \/>\nAcci\u00f3n: Acci\u00f3n de duelo: disparo autom\u00e1tico\/retracci\u00f3n<br \/>\nLongitud total: 22 cm<br \/>\nLongitud de la hoja: 8,6 cm<br \/>\nEstilo de hoja: Daga de doble filo<br \/>\nMaterial del mango: Aluminio 6061-T6, anodizado duro Mil-Spec rojo<br \/>\nMaterial del clip de bolsillo: Acero inoxidable 301 completamente duro<br \/>\nParte superior est\u00e1ndar: aleaci\u00f3n AL 6061-T6<br \/>\nGatillo: Acero inoxidable 303<br \/>\nTenga en cuenta que el acero de la hoja no se puede especificar con antelaci\u00f3n ya que puede variar seg\u00fan la disponibilidad (informaci\u00f3n de Microtech)<br \/>\nHecho en EE.UU<\/p>\n<p><iframe title=\"Microtech Combat Troodon Torture Test\" width=\"800\" height=\"450\" src=\"https:\/\/www.youtube.com\/embed\/xE9TeOFYEjg?feature=oembed\" frameborder=\"0\" allow=\"accelerometer; autoplay; clipboard-write; encrypted-media; gyroscope; picture-in-picture; web-share\" allowfullscreen><\/iframe><\/p>\n<p>&nbsp;<\/p>\n","protected":false},"excerpt":{"rendered":"<p>A lo largo de los a\u00f1os, Microtech\u00ae Knives ha llenado los cuchillos con pasi\u00f3n y habilidad para crear casi obras de arte que son el pin\u00e1culo de la funcionalidad. Todas las piezas se fabrican en los EE. UU.<br \/>\n<strong>Todos los cuchillos Microtech vienen con una garant\u00eda de por vida.<\/strong><\/p>\n<p><strong>Transporte gratuito<\/strong><\/p>\n","protected":false},"featured_media":317593,"comment_status":"open","ping_status":"closed","template":"","meta":[],"pwb-brand":[3752],"product_brand":[],"product_cat":[3726,3729],"product_tag":[3756],"class_list":{"0":"post-317571","1":"product","2":"type-product","3":"status-publish","4":"has-post-thumbnail","6":"pwb-brand-microtecnologia","7":"product_cat-cuchillos","8":"product_cat-cuchillos-de-tiro","9":"product_tag-b2b-es","11":"first","12":"outofstock","13":"taxable","14":"shipping-taxable","15":"purchasable","16":"product-type-simple"},"brands":[{"id":3752,"name":"microtecnolog\u00eda","slug":"microtecnologia"}],"_links":{"self":[{"href":"https:\/\/www.moskito.cz\/es\/wp-json\/wp\/v2\/product\/317571","targetHints":{"allow":["GET"]}}],"collection":[{"href":"https:\/\/www.moskito.cz\/es\/wp-json\/wp\/v2\/product"}],"about":[{"href":"https:\/\/www.moskito.cz\/es\/wp-json\/wp\/v2\/types\/product"}],"replies":[{"embeddable":true,"href":"https:\/\/www.moskito.cz\/es\/wp-json\/wp\/v2\/comments?post=317571"}],"wp:featuredmedia":[{"embeddable":true,"href":"https:\/\/www.moskito.cz\/es\/wp-json\/wp\/v2\/media\/317593"}],"wp:attachment":[{"href":"https:\/\/www.moskito.cz\/es\/wp-json\/wp\/v2\/media?parent=317571"}],"wp:term":[{"taxonomy":"pwb-brand","embeddable":true,"href":"https:\/\/www.moskito.cz\/es\/wp-json\/wp\/v2\/pwb-brand?post=317571"},{"taxonomy":"product_brand","embeddable":true,"href":"https:\/\/www.moskito.cz\/es\/wp-json\/wp\/v2\/product_brand?post=317571"},{"taxonomy":"product_cat","embeddable":true,"href":"https:\/\/www.moskito.cz\/es\/wp-json\/wp\/v2\/product_cat?post=317571"},{"taxonomy":"product_tag","embeddable":true,"href":"https:\/\/www.moskito.cz\/es\/wp-json\/wp\/v2\/product_tag?post=317571"}],"curies":[{"name":"wp","href":"https:\/\/api.w.org\/{rel}","templated":true}]}}