{"id":317665,"date":"2022-04-03T21:05:21","date_gmt":"2024-03-14T22:02:20","guid":{"rendered":"https:\/\/www.moskito.cz\/produkt\/cuchillo-de-tiro-microtech-ultratech-stonewashed-122-12\/"},"modified":"2025-05-07T11:04:30","modified_gmt":"2025-05-07T10:04:30","slug":"cuchillo-de-tiro-microtech-ultratech-stonewashed-122-12","status":"publish","type":"product","link":"https:\/\/www.moskito.cz\/es\/produkt\/cuchillo-de-tiro-microtech-ultratech-stonewashed-122-12\/","title":{"rendered":"Cuchillo de tiro Microtech Ultratech Stonewashed 122-12"},"content":{"rendered":"<p>Cuchillo de tiro <strong>Microtech<\/strong> Ultratech Stonewashed 122-12.<\/p>\n<p><strong>Ultratech<\/strong> siempre establecer\u00e1 el est\u00e1ndar para todos los cuchillos frontales. El Ultratech es el cuchillo frontal de doble acci\u00f3n original de Microtech y fue la base de toda su l\u00ednea OTF. Ha sufrido varias modificaciones a lo largo de los a\u00f1os, volvi\u00e9ndose cada vez m\u00e1s eficiente y fiable. Esta versi\u00f3n tiene un mango moldeado mejorado con un deslizador texturizado para el pulgar para una compra m\u00e1s positiva. El resorte Ultratech permanece en posici\u00f3n de \u00abreposo\u00bb en todo momento, excepto cuando est\u00e1 estirado. Esto asegura que el resorte comprimido no se canse, asegurando a los usuarios que cuando se dispare el cuchillo, funcionar\u00e1 de manera efectiva. La ultratecnolog\u00eda puede adoptar muchas formas diferentes; se puede acabar con una placa de aluminio mecanizada est\u00e1ndar o un trozo de fibra de carbono. El peso liviano de Ultratech, su apertura y cierre con una sola mano, su dise\u00f1o delgado y su hoja afilada como un bistur\u00ed lo convierten en un cuchillo \u00fanico disponible solo a trav\u00e9s de Microtech. Este cuchillo ha demostrado una y otra vez que puede resistir cualquier obst\u00e1culo. S\u00f3lo el tiempo dir\u00e1 cu\u00e1l ser\u00e1 el siguiente paso de la l\u00ednea Ultratech.<\/p>\n<p>Especificaciones<br \/>\nApertura\/cierre autom\u00e1tico &#8211; abridor frontal<br \/>\nAcci\u00f3n: Acci\u00f3n dual: disparo\/retracci\u00f3n autom\u00e1tica<br \/>\nTenga en cuenta que no se puede especificar el acero de la hoja, ya que puede variar seg\u00fan la disponibilidad (informaci\u00f3n de Microtech)<\/p>\n<p>Longitud total: 20,92 cm.<br \/>\nLongitud de la hoja: 8,42 cm<br \/>\nFilo: 7,8 cm<br \/>\nGrosor de la hoja: 0,32 cm.<br \/>\nMaterial de la hoja: Bohler M390<br \/>\nInserciones: planas<br \/>\nTipo de borde: liso<br \/>\nLongitud del mango: 12,5 cm<br \/>\nGrosor del mango: 1,17 cm.<br \/>\nMaterial del mango: aluminio<br \/>\nPeso: 3,37 onzas.<br \/>\nUsuario: mano derecha<br \/>\nClip de bolsillo: inclinado hacia abajo<br \/>\nTipo de cuchillo: OTF de doble acci\u00f3n autom\u00e1tico<br \/>\nAbridor: Diapositiva del pulgar<br \/>\nMarca: Microtech<br \/>\nModelo: Ultratech<br \/>\nPa\u00eds de origen: EE.UU.<br \/>\nMejor uso: todos los d\u00edas<\/p>\n<p><iframe title=\"Microtech Combat Troodon Torture Test\" width=\"800\" height=\"450\" src=\"https:\/\/www.youtube.com\/embed\/xE9TeOFYEjg?feature=oembed\" frameborder=\"0\" allow=\"accelerometer; autoplay; clipboard-write; encrypted-media; gyroscope; picture-in-picture; web-share\" allowfullscreen><\/iframe><\/p>\n<p>&nbsp;<\/p>\n<p>El Ultratech siempre establecer\u00e1 el est\u00e1ndar para todos los cuchillos innovadores. Ultratech es el cuchillo frontal de doble acci\u00f3n original de Microtech y ha sido la base de toda su l\u00ednea OTF. A lo largo de los a\u00f1os, ha pasado por varias modificaciones, volvi\u00e9ndose cada vez m\u00e1s eficiente y confiable. Esta versi\u00f3n tiene un mango contorneado mejorado con deslizador texturizado para el pulgar para una compra m\u00e1s positiva. El resorte del Ultratech permanece en posici\u00f3n \u00aben reposo\u00bb en todo momento, excepto cuando se despliega. Esto asegura que el resorte comprimido no se fatiga, asegurando a los usuarios que cuando se dispare el cuchillo, funcionar\u00e1 de manera efectiva. La ultratecnolog\u00eda puede adoptar muchas formas diferentes; se puede rematar con una tapa de aluminio mecanizado est\u00e1ndar o un trozo de fibra de carbono. El peso liviano del Ultratech, la acci\u00f3n de apertura y cierre con una sola mano, su forma delgada y su hoja afilada con bistur\u00ed lo convierten en un cuchillo \u00fanico en su tipo, solo disponible a trav\u00e9s de Microtech. Este cuchillo ha demostrado una y otra vez que puede resistir cualquier obst\u00e1culo. S\u00f3lo el tiempo dir\u00e1 cu\u00e1l ser\u00e1 el pr\u00f3ximo paso de la serie Ultratech.<\/p>\n<p>Especificaciones<br \/>\nApertura\/Cierre Autom\u00e1tico &#8211; Abridor Frontal<br \/>\nAcci\u00f3n: Acci\u00f3n dual: disparo\/retracci\u00f3n autom\u00e1tica<br \/>\nTenga en cuenta que el acero de la hoja no se puede especificar ya que puede cambiar seg\u00fan la disponibilidad (informaci\u00f3n de Microtech)<br \/>\nLongitud de la hoja: 3,46&#8243;<br \/>\nEstilo de hoja: lavada a la piedra, de doble filo, lisa\/dentada, daga<br \/>\nGrosor del mango: 0.640&#8243;<br \/>\nMaterial del mango: 6061-T6 con anodizado de capa dura negra Mil-Spec<br \/>\nLongitud cerrado: 4,84&#8243;<br \/>\nLongitud abierta: 8.30&#8243;<br \/>\nMaterial del clip de bolsillo: acero inoxidable 301 totalmente duro.<br \/>\nTapa est\u00e1ndar: aleaci\u00f3n AL 6061-T6<br \/>\nGatillo: Acero inoxidable 303<br \/>\nRompedor de ventanas<br \/>\nHecho en los EE.UU.<\/p>\n","protected":false},"excerpt":{"rendered":"<p>A lo largo de los a\u00f1os, Microtech\u00ae Knives ha llenado los cuchillos con pasi\u00f3n y habilidad para crear casi obras de arte que son el pin\u00e1culo de la funcionalidad. Todas las piezas se fabrican en los EE. UU.<br \/>\n<strong>Todos los cuchillos Microtech vienen con una garant\u00eda de por vida.<\/strong><\/p>\n<p><strong>Transporte gratuito.<\/strong><\/p>\n","protected":false},"featured_media":317689,"comment_status":"open","ping_status":"closed","template":"","meta":[],"pwb-brand":[3752],"product_brand":[],"product_cat":[3726,3729],"product_tag":[3756],"class_list":{"0":"post-317665","1":"product","2":"type-product","3":"status-publish","4":"has-post-thumbnail","6":"pwb-brand-microtecnologia","7":"product_cat-cuchillos","8":"product_cat-cuchillos-de-tiro","9":"product_tag-b2b-es","11":"first","12":"instock","13":"taxable","14":"shipping-taxable","15":"purchasable","16":"product-type-simple"},"brands":[{"id":3752,"name":"microtecnolog\u00eda","slug":"microtecnologia"}],"_links":{"self":[{"href":"https:\/\/www.moskito.cz\/es\/wp-json\/wp\/v2\/product\/317665","targetHints":{"allow":["GET"]}}],"collection":[{"href":"https:\/\/www.moskito.cz\/es\/wp-json\/wp\/v2\/product"}],"about":[{"href":"https:\/\/www.moskito.cz\/es\/wp-json\/wp\/v2\/types\/product"}],"replies":[{"embeddable":true,"href":"https:\/\/www.moskito.cz\/es\/wp-json\/wp\/v2\/comments?post=317665"}],"wp:featuredmedia":[{"embeddable":true,"href":"https:\/\/www.moskito.cz\/es\/wp-json\/wp\/v2\/media\/317689"}],"wp:attachment":[{"href":"https:\/\/www.moskito.cz\/es\/wp-json\/wp\/v2\/media?parent=317665"}],"wp:term":[{"taxonomy":"pwb-brand","embeddable":true,"href":"https:\/\/www.moskito.cz\/es\/wp-json\/wp\/v2\/pwb-brand?post=317665"},{"taxonomy":"product_brand","embeddable":true,"href":"https:\/\/www.moskito.cz\/es\/wp-json\/wp\/v2\/product_brand?post=317665"},{"taxonomy":"product_cat","embeddable":true,"href":"https:\/\/www.moskito.cz\/es\/wp-json\/wp\/v2\/product_cat?post=317665"},{"taxonomy":"product_tag","embeddable":true,"href":"https:\/\/www.moskito.cz\/es\/wp-json\/wp\/v2\/product_tag?post=317665"}],"curies":[{"name":"wp","href":"https:\/\/api.w.org\/{rel}","templated":true}]}}