{"id":317721,"date":"2022-04-21T11:01:28","date_gmt":"2024-03-14T22:02:23","guid":{"rendered":"https:\/\/www.moskito.cz\/produkt\/cuchillo-de-tiro-microtech-ultratech-lavado-a-la-piedra-122-10bl\/"},"modified":"2025-05-07T11:04:31","modified_gmt":"2025-05-07T10:04:31","slug":"cuchillo-de-tiro-microtech-ultratech-lavado-a-la-piedra-122-10bl","status":"publish","type":"product","link":"https:\/\/www.moskito.cz\/es\/produkt\/cuchillo-de-tiro-microtech-ultratech-lavado-a-la-piedra-122-10bl\/","title":{"rendered":"Cuchillo de tiro Microtech Ultratech lavado a la piedra 122-10BL"},"content":{"rendered":"<p>Cuchillo de tiro Microtech Ultratech lavado a la piedra 122-10BL<\/p>\n<p>La navaja autom\u00e1tica frontal de doble acci\u00f3n Ultratech de Microtech establece el est\u00e1ndar para esta categor\u00eda. Esta versi\u00f3n tiene mango moldeado y anodizado en azul y acabado satinado, CTS-204P, hoja de doble filo.<\/p>\n<p>Nuevo directamente de Microtech Knives. Hecho en EE.UU.<\/p>\n<p>Hoja: La daga presenta un majestuoso acabado satinado y bordes cortantes est\u00e1ndar dobles y lisos en la parte superior e inferior. La hoja de la daga con punta fina est\u00e1 fabricada en acero inoxidable americano de primera calidad CTS-204P. La hoja de 3,44 pulgadas tiene un mecanismo de apertura y cierre de doble acci\u00f3n. Simplemente mueva el control deslizante del pulgar en el costado del mango hacia arriba para desplegar y hacia abajo para retraer. El resorte interno permanece quieto tanto en posici\u00f3n abierta como cerrada para reducir el desgaste. La acci\u00f3n es suave y r\u00e1pida.<\/p>\n<p>Mango: El aluminio 6061-T6 anodizado azul suave tiene bordes contorneados que crean no solo una sensaci\u00f3n c\u00f3moda en la mano, sino tambi\u00e9n una transici\u00f3n suave dentro y fuera del bolsillo. Hay varias \u00e1reas de textura ranurada a m\u00e1quina alrededor de la parte exterior para facilitar el agarre. Este mango m\u00e1s ligero y ergon\u00f3mico es agradable para las manos y los ojos. La construcci\u00f3n del mango se completa con el hardware patentado de Microtech, un extremo para romper vidrio y un clip de bolsillo con un n\u00famero de serie individual\/fecha de fabricaci\u00f3n.<\/p>\n<p>Se lleva en la mano derecha, el clip del bolsillo s\u00f3lo se abre.<\/p>\n<p>CTS-204P: Acero inoxidable para herramientas de pulvimetalurgia de alta resistencia, el acero contiene una gran cantidad de carburos de vanadio extremadamente duros que proporcionan una excelente resistencia al desgaste. CTS-204P tiene uno de los contenidos de cromo m\u00e1s altos de los aceros inoxidables con alto contenido de vanadio disponibles actualmente. La matriz rica en cromo proporciona una excelente resistencia a la corrosi\u00f3n. Los an\u00e1logos del CTS-204P incluyen el CPM-20CV y el Bohler M390.<\/p>\n<p><strong>Tenga en cuenta que no se puede especificar el acero de la hoja, ya que puede variar seg\u00fan la disponibilidad (informaci\u00f3n de Microtech)<\/strong><\/p>\n<p>Longitud total: 22 cm<br \/>\nLongitud de la hoja: 8,6 cm<br \/>\nMaterial de la hoja: CTS-204P lavada a la piedra<br \/>\nEstilo de hoja: Daga<br \/>\nInserciones: planas<br \/>\nTipo de borde: liso<br \/>\nMaterial del mango: aluminio<br \/>\nPeso: 3,60 onzas.<br \/>\nUsuario: mano derecha<br \/>\nClip de bolsillo: inclinado hacia abajo<br \/>\nTipo de cuchillo: OTF de doble acci\u00f3n autom\u00e1tico<br \/>\nAbridor: Diapositiva del pulgar<br \/>\nMarca: Microtech<br \/>\nModelo: Ultratech<\/p>\n<p><iframe title=\"Microtech Combat Troodon Torture Test\" width=\"800\" height=\"450\" src=\"https:\/\/www.youtube.com\/embed\/xE9TeOFYEjg?feature=oembed\" frameborder=\"0\" allow=\"accelerometer; autoplay; clipboard-write; encrypted-media; gyroscope; picture-in-picture; web-share\" allowfullscreen><\/iframe><\/p>\n<p>&nbsp;<\/p>\n","protected":false},"excerpt":{"rendered":"<div class=\"elementor-element elementor-element-bbb542b elementor-widget elementor-widget-woocommerce-product-short-description\" data-id=\"bbb542b\" data-element_type=\"widget\" data-widget_type=\"woocommerce-product-short-description.default\">\n<div class=\"elementor-widget-container\">\n<div class=\"woocommerce-product-details__short-description\">\n<p>A lo largo de los a\u00f1os, Microtech\u00ae Knives ha llenado los cuchillos con pasi\u00f3n y habilidad para crear casi obras de arte que son el pin\u00e1culo de la funcionalidad. Todas las piezas se fabrican en los EE. UU.<br \/>\n<strong>Todos los cuchillos Microtech vienen con una garant\u00eda de por vida.<\/strong><\/p>\n<p><strong>Transporte gratuito.<\/strong><\/p>\n<\/div>\n<\/div>\n<\/div>\n","protected":false},"featured_media":317749,"comment_status":"open","ping_status":"closed","template":"","meta":[],"pwb-brand":[3752],"product_brand":[],"product_cat":[3726,3729],"product_tag":[3756],"class_list":{"0":"post-317721","1":"product","2":"type-product","3":"status-publish","4":"has-post-thumbnail","6":"pwb-brand-microtecnologia","7":"product_cat-cuchillos","8":"product_cat-cuchillos-de-tiro","9":"product_tag-b2b-es","11":"first","12":"instock","13":"taxable","14":"shipping-taxable","15":"purchasable","16":"product-type-simple"},"brands":[{"id":3752,"name":"microtecnolog\u00eda","slug":"microtecnologia"}],"_links":{"self":[{"href":"https:\/\/www.moskito.cz\/es\/wp-json\/wp\/v2\/product\/317721","targetHints":{"allow":["GET"]}}],"collection":[{"href":"https:\/\/www.moskito.cz\/es\/wp-json\/wp\/v2\/product"}],"about":[{"href":"https:\/\/www.moskito.cz\/es\/wp-json\/wp\/v2\/types\/product"}],"replies":[{"embeddable":true,"href":"https:\/\/www.moskito.cz\/es\/wp-json\/wp\/v2\/comments?post=317721"}],"wp:featuredmedia":[{"embeddable":true,"href":"https:\/\/www.moskito.cz\/es\/wp-json\/wp\/v2\/media\/317749"}],"wp:attachment":[{"href":"https:\/\/www.moskito.cz\/es\/wp-json\/wp\/v2\/media?parent=317721"}],"wp:term":[{"taxonomy":"pwb-brand","embeddable":true,"href":"https:\/\/www.moskito.cz\/es\/wp-json\/wp\/v2\/pwb-brand?post=317721"},{"taxonomy":"product_brand","embeddable":true,"href":"https:\/\/www.moskito.cz\/es\/wp-json\/wp\/v2\/product_brand?post=317721"},{"taxonomy":"product_cat","embeddable":true,"href":"https:\/\/www.moskito.cz\/es\/wp-json\/wp\/v2\/product_cat?post=317721"},{"taxonomy":"product_tag","embeddable":true,"href":"https:\/\/www.moskito.cz\/es\/wp-json\/wp\/v2\/product_tag?post=317721"}],"curies":[{"name":"wp","href":"https:\/\/api.w.org\/{rel}","templated":true}]}}