{"id":317781,"date":"2021-08-21T09:48:11","date_gmt":"2024-03-14T22:02:34","guid":{"rendered":"https:\/\/www.moskito.cz\/produkt\/cuchillo-de-tiro-microtech-ultratech-lord-red-122-1sl\/"},"modified":"2025-05-07T11:04:32","modified_gmt":"2025-05-07T10:04:32","slug":"cuchillo-de-tiro-microtech-ultratech-lord-red-122-1sl","status":"publish","type":"product","link":"https:\/\/www.moskito.cz\/es\/produkt\/cuchillo-de-tiro-microtech-ultratech-lord-red-122-1sl\/","title":{"rendered":"Cuchillo de tiro Microtech Ultratech Lord Red 122-1SL"},"content":{"rendered":"<p>Cuchillo de Tiro <strong>Microtech<\/strong> Ultratech Lord Red 122-1SL.<\/p>\n<p>Ultratech siempre establecer\u00e1 el est\u00e1ndar para todos los cuchillos frontales. El Ultratech es el cuchillo frontal de doble acci\u00f3n original de Microtech y fue la base de toda su l\u00ednea OTF. Ha sufrido varias modificaciones a lo largo de los a\u00f1os, volvi\u00e9ndose cada vez m\u00e1s eficiente y fiable. Esta versi\u00f3n tiene una textura de triple agarre mejorada en el mango y el pulgar para una compra m\u00e1s positiva, y una hermosa hoja roja para que parezca un sable de luz. Tambi\u00e9n presenta un dise\u00f1o de anillo de dos tonos muy atractivo en los tornillos del mango, el rompevidrios y la corredera para el pulgar. El resorte Ultratech permanece en posici\u00f3n de \u00abreposo\u00bb en todo momento, excepto cuando est\u00e1 estirado. Esto asegura que el resorte comprimido no se canse, asegurando a los usuarios que cuando se dispare el cuchillo, funcionar\u00e1 de manera efectiva. El peso liviano del Ultratech, su apertura y cierre con una sola mano, su forma delgada y su afilada hoja de bistur\u00ed de doble filo lo convierten en un cuchillo \u00fanico que solo est\u00e1 disponible en Microtech. Este cuchillo ha demostrado una y otra vez que puede resistir cualquier obst\u00e1culo y este pastel tiene un gran impacto.<\/p>\n<p>Longitud total: 22 cm<br \/>\nLongitud de la hoja: 8,6 cm<br \/>\nMaterial de la hoja: Bohler M390<br \/>\nEstilo de hoja: Daga<br \/>\nInserciones: planas<br \/>\nMaterial del mango: aluminio<br \/>\nPeso: 3,60 onzas.<br \/>\nUsuario: mano derecha<br \/>\nClip de bolsillo: inclinado hacia abajo<br \/>\nTipo de cuchillo: OTF de doble acci\u00f3n autom\u00e1tico<br \/>\nAbridor: Diapositiva del pulgar<br \/>\nMarca: Microtech<br \/>\nModelo: Ultratech<br \/>\nPa\u00eds de origen: EE.UU.<br \/>\nMejor uso: todos los d\u00edas<\/p>\n<p>El Ultratech siempre establecer\u00e1 el est\u00e1ndar para todos los cuchillos innovadores. El Ultratech es el cuchillo frontal de doble acci\u00f3n original de Microtech y ha sido la base de toda su l\u00ednea OTF. A lo largo de los a\u00f1os, ha pasado por varias modificaciones, volvi\u00e9ndose cada vez m\u00e1s eficiente y confiable. Esta versi\u00f3n tiene la textura mejorada de triple agarre en el mango y el pulgar para una compra m\u00e1s positiva y una hermosa hoja roja para que parezca un sable de luz. Tambi\u00e9n presenta un dise\u00f1o anillado de dos tonos muy atractivo en los tornillos del mango, el rompevidrios y la corredera para el pulgar. El resorte del Ultratech permanece en posici\u00f3n \u00aben reposo\u00bb en todo momento, excepto cuando se despliega. Esto asegura que el resorte comprimido no se fatiga, asegurando a los usuarios que cuando se dispare el cuchillo, funcionar\u00e1 de manera efectiva. El peso liviano del Ultratech, la acci\u00f3n de apertura y cierre con una sola mano, su forma delgada y su hoja afilada de doble filo con bistur\u00ed lo convierten en un cuchillo \u00fanico en su tipo, solo disponible a trav\u00e9s de Microtech. Este cuchillo ha demostrado una y otra vez que puede resistir cualquier obst\u00e1culo y este se lleva la palma en apariencia, sin lugar a dudas.<br \/>\nEspecificaciones<\/p>\n<p>Apertura\/Cierre Autom\u00e1tico &#8211; Abridor Frontal<br \/>\nAcci\u00f3n: Acci\u00f3n dual: disparo\/retracci\u00f3n autom\u00e1tica<br \/>\nAcero de la hoja: Acero inoxidable Elmax<br \/>\nLongitud de la hoja: 3,46&#8243;<br \/>\nEstilo de hoja: Doble filo, liso<br \/>\nGrosor del mango: 0.640&#8243;<br \/>\nMaterial del mango: Aluminio texturizado Tri-Grip 6061-T6 con anodizado de capa dura Mil-Spec<br \/>\nLongitud cerrado: 4,84&#8243;<br \/>\nLongitud abierta: 8.30&#8243;<br \/>\nMaterial del clip de bolsillo: acero inoxidable 301.<br \/>\nTapa est\u00e1ndar: aleaci\u00f3n AL 6061-T6<br \/>\nGatillo: Acero inoxidable 303<br \/>\nFunda: nailon<br \/>\nRompedor de ventanas<br \/>\nHecho en los EE.UU.<\/p>\n<p>&nbsp;<\/p>\n","protected":false},"excerpt":{"rendered":"<p>A lo largo de los a\u00f1os , Microtech\u00ae Knives ha llenado los cuchillos con pasi\u00f3n y habilidad para crear casi obras de arte que son el pin\u00e1culo de la funcionalidad. Todas las piezas se fabrican en los EE. UU.<br \/>\n<strong>Todos los cuchillos Microtech vienen con una garant\u00eda de por vida.<\/strong><\/p>\n<p><strong>Transporte gratuito.<\/strong><\/p>\n","protected":false},"featured_media":317782,"comment_status":"open","ping_status":"closed","template":"","meta":[],"pwb-brand":[3752],"product_brand":[],"product_cat":[3726,3729],"product_tag":[3756],"class_list":{"0":"post-317781","1":"product","2":"type-product","3":"status-publish","4":"has-post-thumbnail","6":"pwb-brand-microtecnologia","7":"product_cat-cuchillos","8":"product_cat-cuchillos-de-tiro","9":"product_tag-b2b-es","11":"first","12":"instock","13":"taxable","14":"shipping-taxable","15":"purchasable","16":"product-type-simple"},"brands":[{"id":3752,"name":"microtecnolog\u00eda","slug":"microtecnologia"}],"_links":{"self":[{"href":"https:\/\/www.moskito.cz\/es\/wp-json\/wp\/v2\/product\/317781","targetHints":{"allow":["GET"]}}],"collection":[{"href":"https:\/\/www.moskito.cz\/es\/wp-json\/wp\/v2\/product"}],"about":[{"href":"https:\/\/www.moskito.cz\/es\/wp-json\/wp\/v2\/types\/product"}],"replies":[{"embeddable":true,"href":"https:\/\/www.moskito.cz\/es\/wp-json\/wp\/v2\/comments?post=317781"}],"wp:featuredmedia":[{"embeddable":true,"href":"https:\/\/www.moskito.cz\/es\/wp-json\/wp\/v2\/media\/317782"}],"wp:attachment":[{"href":"https:\/\/www.moskito.cz\/es\/wp-json\/wp\/v2\/media?parent=317781"}],"wp:term":[{"taxonomy":"pwb-brand","embeddable":true,"href":"https:\/\/www.moskito.cz\/es\/wp-json\/wp\/v2\/pwb-brand?post=317781"},{"taxonomy":"product_brand","embeddable":true,"href":"https:\/\/www.moskito.cz\/es\/wp-json\/wp\/v2\/product_brand?post=317781"},{"taxonomy":"product_cat","embeddable":true,"href":"https:\/\/www.moskito.cz\/es\/wp-json\/wp\/v2\/product_cat?post=317781"},{"taxonomy":"product_tag","embeddable":true,"href":"https:\/\/www.moskito.cz\/es\/wp-json\/wp\/v2\/product_tag?post=317781"}],"curies":[{"name":"wp","href":"https:\/\/api.w.org\/{rel}","templated":true}]}}