{"id":317975,"date":"2023-10-02T16:13:29","date_gmt":"2024-03-15T07:55:34","guid":{"rendered":"https:\/\/www.moskito.cz\/produkt\/cuchillo-de-cierre-crkt-ceo-compact-7095kx\/"},"modified":"2025-06-20T08:22:59","modified_gmt":"2025-06-20T07:22:59","slug":"cuchillo-de-cierre-crkt-ceo-compact-7095kx","status":"publish","type":"product","link":"https:\/\/www.moskito.cz\/es\/produkt\/cuchillo-de-cierre-crkt-ceo-compact-7095kx\/","title":{"rendered":"Cuchillo de cierre CRKT CEO Compact 7095KX"},"content":{"rendered":"<p><strong style=\"font-family: -apple-system, BlinkMacSystemFont, 'Segoe UI', Roboto, 'Helvetica Neue', Arial, 'Noto Sans', sans-serif, 'Apple Color Emoji', 'Segoe UI Emoji', 'Segoe UI Symbol', 'Noto Color Emoji';\">Navaja plegable CRKT CEO Compact 7095KX<\/strong><\/p>\n<div class=\"flex-1 overflow-hidden @container\/thread\">\n<div class=\"h-full\">\n<div class=\"react-scroll-to-bottom--css-vxybp-79elbk h-full\">\n<div class=\"react-scroll-to-bottom--css-vxybp-1n7m0yu\">\n<div class=\"flex flex-col text-sm\">\n<article class=\"w-full scroll-mb-[var(--thread-trailing-height,150px)] text-token-text-primary focus-visible:outline-2 focus-visible:outline-offset-[-4px]\" dir=\"auto\" data-testid=\"conversation-turn-11\" data-scroll-anchor=\"true\">\n<div class=\"m-auto text-base py-[18px] px-3 md:px-4 w-full md:px-5 lg:px-4 xl:px-5\">\n<div class=\"mx-auto flex flex-1 gap-4 text-base md:gap-5 lg:gap-6 md:max-w-3xl\">\n<div class=\"group\/conversation-turn relative flex w-full min-w-0 flex-col agent-turn\">\n<div class=\"flex-col gap-1 md:gap-3\">\n<div class=\"flex max-w-full flex-col flex-grow\">\n<div class=\"min-h-8 text-message flex w-full flex-col items-end gap-2 whitespace-normal break-words text-start [.text-message+&amp;]:mt-5\" dir=\"auto\" data-message-author-role=\"assistant\" data-message-id=\"c1f9f254-82fe-4936-9688-893319aa3656\" data-message-model-slug=\"gpt-4o-mini\">\n<div class=\"flex w-full flex-col gap-1 empty:hidden first:pt-[3px]\">\n<div class=\"markdown prose w-full break-words dark:prose-invert light\">\n<p><strong>La CRKT CEO Compact 7095KX<\/strong> es una navaja plegable elegante y compacta que, a primera vista, parece un bol\u00edgrafo normal en el bolsillo de una camisa. Este modelo est\u00e1 dise\u00f1ado para quienes buscan una herramienta de transporte diario (EDC) discreta pero muy funcional. Est\u00e1 dise\u00f1ado para cumplir con requisitos <strong>de perfil extremadamente bajo<\/strong> , manteniendo una excelente ergonom\u00eda y facilidad de uso.  <\/p>\n<hr>\n<h3><strong>Propiedades clave:<\/strong><\/h3>\n<ul>\n<li><strong>Apertura suave con rodamientos de bolas IKBS\u2122<\/strong> : Este cuchillo est\u00e1 equipado con rodamientos de bolas IKBS\u2122 que permiten una <strong>apertura suave y silenciosa de la hoja<\/strong> , lo que lo convierte en una opci\u00f3n ideal para situaciones donde la velocidad y la discreci\u00f3n son importantes.<\/li>\n<li><strong>Apertura r\u00e1pida con aleta<\/strong> : <strong>La aleta<\/strong> permite abrir el cuchillo r\u00e1pida y f\u00e1cilmente con una mano, lo que resulta muy pr\u00e1ctico en el uso diario.<\/li>\n<li><strong>Acero 1.4116 de alta calidad<\/strong> : la hoja est\u00e1 hecha de acero <strong>1.4116<\/strong> , conocido por su <strong>alta resistencia a la corrosi\u00f3n<\/strong> y f\u00e1cil afilado. Este material es ideal para tareas de corte comunes y mantiene la hoja afilada incluso con un uso frecuente. <\/li>\n<li><strong>Mango liviano y duradero<\/strong> : <strong>el mango de nailon reforzado con vidrio<\/strong> proporciona una combinaci\u00f3n de peso ligero y alta resistencia. A pesar de su perfil bajo, el cuchillo es c\u00f3modo de sostener y lo suficientemente resistente para las tareas diarias. <\/li>\n<li><strong>Cierre f\u00e1cil con Liner Lock<\/strong> : <strong>el Liner Lock<\/strong> bloquea de forma segura la hoja en la posici\u00f3n abierta, pero tambi\u00e9n permite cerrarla f\u00e1cilmente con una mano, lo que aumenta la comodidad de uso.<\/li>\n<li><strong>Opciones de transporte<\/strong> : <strong>el clip de bolsillo ajustable<\/strong> permite llevar el cuchillo en el bolsillo izquierdo o derecho, lo que garantiza comodidad tanto para usuarios diestros como zurdos.<\/li>\n<\/ul>\n<hr>\n<h3><strong>Especificaciones:<\/strong><\/h3>\n<ul>\n<li><strong>Longitud de la hoja<\/strong> : 6,62 cm<\/li>\n<li><strong>Grosor de la hoja<\/strong> : 0,26 cm<\/li>\n<li><strong>Longitud total<\/strong> : 15,55 cm<\/li>\n<li><strong>Longitud cerrada<\/strong> : 9,03 cm<\/li>\n<li><strong>Peso<\/strong> : 45,36 g<\/li>\n<li><strong>Material del mango<\/strong> : nailon reforzado con vidrio (ligero pero resistente)<\/li>\n<li><strong>Acabado de la hoja<\/strong> : <strong>Satinado<\/strong> : un aspecto elegante que tambi\u00e9n ayuda a que la hoja resista la corrosi\u00f3n.<\/li>\n<li><strong>Bloqueo<\/strong> : <strong>Liner Lock<\/strong> (para un bloqueo seguro de la hoja en la posici\u00f3n abierta)<\/li>\n<\/ul>\n<hr>\n<h3><strong>Usar:<\/strong><\/h3>\n<ul>\n<li><strong>Everyday Carry (EDC)<\/strong> : este cuchillo es ideal para tareas cotidianas como abrir paquetes, cortar papel, cuerdas u otros materiales comunes.<\/li>\n<li><strong>Entornos de oficina y profesionales<\/strong> : con <strong>su perfil bajo<\/strong> y apariencia elegante, el CRKT CEO es ideal para usar en la oficina o en reuniones de trabajo donde se necesita una herramienta discreta y elegante.<\/li>\n<li><strong>Uso pr\u00e1ctico en entornos urbanos<\/strong> : Si buscas una navaja discreta pero lo suficientemente resistente para tareas comunes como abrir paquetes, paquetes o realizar el mantenimiento de objetos del hogar, la CEO Compact ser\u00e1 una elecci\u00f3n ideal.<\/li>\n<\/ul>\n<hr>\n<h3><strong>Conclusi\u00f3n:<\/strong><\/h3>\n<p><strong>El CRKT CEO Compact 7095KX<\/strong> es la combinaci\u00f3n perfecta de elegancia y funcionalidad. Con <strong>un perfil m\u00e1s bajo, similar a un bol\u00edgrafo,<\/strong> el cuchillo es pr\u00e1ctico para llevar a diario, pero lo suficientemente resistente para las tareas cotidianas. Es ideal para quienes necesitan una herramienta discreta pero potente, adecuada para la oficina, reuniones y tareas cotidianas en un entorno urbano. Gracias a <strong>su ligereza<\/strong> , <strong>f\u00e1cil apertura<\/strong> y <strong>excelente material,<\/strong> el CRKT CEO es una excelente opci\u00f3n para quienes buscan un cuchillo de calidad y con estilo para la vida diaria.   <\/p>\n<\/div>\n<\/div>\n<\/div>\n<\/div>\n<div class=\"mb-2 flex gap-3 empty:hidden -ml-2\">\n<div class=\"items-center justify-start rounded-xl p-1 flex\">\n<div class=\"flex items-center\"><\/div>\n<\/div>\n<\/div>\n<div class=\"pr-2 lg:pr-0\"><\/div>\n<div class=\"mt-3 w-full empty:hidden\">\n<div class=\"text-center\"><\/div>\n<\/div>\n<\/div>\n<div class=\"absolute\">\n<div class=\"flex items-center justify-center\"><\/div>\n<\/div>\n<\/div>\n<\/div>\n<\/div>\n<\/article>\n<\/div>\n<\/div>\n<\/div>\n<\/div>\n<\/div>\n<div class=\"md:pt-0 dark:border-white\/20 md:border-transparent md:dark:border-transparent w-full\">\n<div>\n<div class=\"m-auto text-base px-3 md:px-4 w-full md:px-5 lg:px-4 xl:px-5\">\n<div class=\"mx-auto flex flex-1 gap-4 text-base md:gap-5 lg:gap-6 md:max-w-3xl\">\n<div class=\"flex justify-center\"><\/div>\n<\/div>\n<\/div>\n<\/div>\n<\/div>\n<p>&nbsp;<\/p>\n<p>&nbsp;<\/p>\n","protected":false},"excerpt":{"rendered":"<p><strong>El CRKT CEO Compact 7095KX es la combinaci\u00f3n perfecta de elegancia y funcionalidad. Con un perfil m\u00e1s bajo, similar a un bol\u00edgrafo, el cuchillo es pr\u00e1ctico para llevar a diario, pero lo suficientemente resistente para las tareas cotidianas. Es ideal para quienes necesitan una herramienta discreta pero potente que sea adecuada para la oficina, reuniones y tareas cotidianas en un entorno urbano. Gracias a su ligereza, f\u00e1cil apertura y excelente material, el CRKT CEO es una excelente opci\u00f3n para quienes buscan un cuchillo de calidad y con estilo para la vida diaria.   <\/strong><\/p>\n<p>&nbsp;<\/p>\n","protected":false},"featured_media":317978,"comment_status":"open","ping_status":"closed","template":"","meta":[],"pwb-brand":[3765],"product_brand":[],"product_cat":[3730,3726],"product_tag":[3756],"class_list":{"0":"post-317975","1":"product","2":"type-product","3":"status-publish","4":"has-post-thumbnail","6":"pwb-brand-crkt-es","7":"product_cat-cuchillas-de-cierre","8":"product_cat-cuchillos","9":"product_tag-b2b-es","11":"first","12":"instock","13":"taxable","14":"shipping-taxable","15":"purchasable","16":"product-type-simple"},"brands":[{"id":3765,"name":"CRKT","slug":"crkt-es"}],"_links":{"self":[{"href":"https:\/\/www.moskito.cz\/es\/wp-json\/wp\/v2\/product\/317975","targetHints":{"allow":["GET"]}}],"collection":[{"href":"https:\/\/www.moskito.cz\/es\/wp-json\/wp\/v2\/product"}],"about":[{"href":"https:\/\/www.moskito.cz\/es\/wp-json\/wp\/v2\/types\/product"}],"replies":[{"embeddable":true,"href":"https:\/\/www.moskito.cz\/es\/wp-json\/wp\/v2\/comments?post=317975"}],"wp:featuredmedia":[{"embeddable":true,"href":"https:\/\/www.moskito.cz\/es\/wp-json\/wp\/v2\/media\/317978"}],"wp:attachment":[{"href":"https:\/\/www.moskito.cz\/es\/wp-json\/wp\/v2\/media?parent=317975"}],"wp:term":[{"taxonomy":"pwb-brand","embeddable":true,"href":"https:\/\/www.moskito.cz\/es\/wp-json\/wp\/v2\/pwb-brand?post=317975"},{"taxonomy":"product_brand","embeddable":true,"href":"https:\/\/www.moskito.cz\/es\/wp-json\/wp\/v2\/product_brand?post=317975"},{"taxonomy":"product_cat","embeddable":true,"href":"https:\/\/www.moskito.cz\/es\/wp-json\/wp\/v2\/product_cat?post=317975"},{"taxonomy":"product_tag","embeddable":true,"href":"https:\/\/www.moskito.cz\/es\/wp-json\/wp\/v2\/product_tag?post=317975"}],"curies":[{"name":"wp","href":"https:\/\/api.w.org\/{rel}","templated":true}]}}