{"id":318010,"date":"2023-07-02T21:17:18","date_gmt":"2024-03-15T08:02:34","guid":{"rendered":"https:\/\/www.moskito.cz\/produkt\/spyderco-lil-native-wharncliffe-compresion-c230gpwc-cuchillo-plegable\/"},"modified":"2025-11-06T20:24:54","modified_gmt":"2025-11-06T19:24:54","slug":"spyderco-lil-native-wharncliffe-compresion-c230gpwc-cuchillo-plegable","status":"publish","type":"product","link":"https:\/\/www.moskito.cz\/es\/produkt\/spyderco-lil-native-wharncliffe-compresion-c230gpwc-cuchillo-plegable\/","title":{"rendered":"Spyderco Lil&#8217; Native Wharncliffe Compresi\u00f3n C230GPWC Cuchillo plegable"},"content":{"rendered":"<p><strong>Spyderco<\/strong> Lil&#8217; Native Wharncliffe Compresi\u00f3n C230GPWC Cuchillo plegable<\/p>\n<p><strong>Spyderco<\/strong> tiene una larga y orgullosa tradici\u00f3n de fabricar \u00abcuchillos peque\u00f1os y grandes\u00bb: navajas plegables compactas y f\u00e1ciles de transportar que cortan con autoridad mucho m\u00e1s all\u00e1 de su tama\u00f1o. Algunos de sus primeros dise\u00f1os, como Executive y Co-Pilot, fueron pioneros en este concepto, pero el ahora cl\u00e1sico Dragonfly ayud\u00f3 a perfeccionarlo al introducir el dedo \u00edndice 50\/50: el secreto para que el peque\u00f1o cuchillo se ajuste c\u00f3modamente a la mano de todos. tama\u00f1os.<\/p>\n<p>A lo largo de los a\u00f1os, hemos agregado varios otros modelos a la familia de \u00abpeque\u00f1os grandes cuchillos\u00bb, pero pocos han obtenido seguidores tan devotos como el Lil&#8217; Native. Inspirado en la expresi\u00f3n de la quinta generaci\u00f3n del ic\u00f3nico Native, Lil&#8217; Native destila todas las caracter\u00edsticas y beneficios de este dise\u00f1o probado en el tiempo en una herramienta de corte ultracompacta e incre\u00edblemente capaz. Tambi\u00e9n ofrece todas estas cualidades en una forma elegante y refinada, lo que lo convierte en el candidato perfecto para una carpeta de hombre o para llevar en el bolsillo poco profundo de una mujer.<\/p>\n<p>Introducido en 2017, el Lil&#8217; Native estaba disponible originalmente con dos opciones de bloqueo diferentes: un bloqueo trasero, como su predecesor, y el popular bloqueo de compresi\u00f3n de Spyderco. La versi\u00f3n backlock cuenta con un mango sin revestimiento fabricado con b\u00e1sculas G10 con un revestimiento despegable, un delimitador trasero de acero inoxidable y un clip de bolsillo ancho de cuatro posiciones con un orificio para cord\u00f3n.<\/p>\n<p>El bloqueo de compresi\u00f3n del Lil Native se basa en inserciones de acero inoxidable incrustadas en cachas de mango con revestimiento G10 que forman la base del mecanismo de bloqueo del cuchillo. Este bloqueo exclusivo de Spyderco le permite cerrar el cuchillo de forma segura con una mano sin poner los dedos en el camino de la hoja. La versi\u00f3n con cierre de compresi\u00f3n de Lil&#8217; Native tambi\u00e9n proporciona un transporte ultradiscreto con un clip de alambre de bolsillo profundo que es reversible para usarlo plegable hacia el lado izquierdo o derecho.<\/p>\n<p>En 2021, Spyderco agreg\u00f3 una tercera versi\u00f3n de Lil&#8217; Native en un formato desbloqueable. Ideal para jurisdicciones donde no se permite el transporte de cuchillos con hoja cerrada, presenta un mecanismo \u00fanico de \u00abjunta con muesca\u00bb que utiliza presi\u00f3n de resorte y una muesca poco profunda para mantener abierta la hoja del cuchillo. Cuando esta caracter\u00edstica se combina con la capacidad de apertura con una sola mano proporcionada por la apertura redonda caracter\u00edstica de la hoja y las opciones de transporte vers\u00e1tiles de su clip de bolsillo de cuatro posiciones, el resultado es SLIPIT. Esta variedad \u00fanica de cuchillos Spyderco integra todas las caracter\u00edsticas definitorias de su revolucionaria plataforma CLIPIT con los beneficios legales y socialmente amigables de una hoja sin fiador.<\/p>\n<p>Peque\u00f1o nativo de Wharncliffe<\/p>\n<p>De las tres versiones b\u00e1sicas de Lil&#8217; Native, el formato Compression Lock es, en muchos sentidos, el m\u00e1s vers\u00e1til. Gracias a su dise\u00f1o abierto y al hecho de que la cancela no queda al ras de la hoja cuando est\u00e1 cerrada, ofrece m\u00e1s espacio disponible para diferentes formas de hoja.<\/p>\n<p>Esta versi\u00f3n de Lil&#8217; Native aprovecha al m\u00e1ximo esta oportunidad mostrando el perfil cl\u00e1sico de Wharncliffe con bordes rectos. La hoja est\u00e1 hecha de acero inoxidable CPM S30V y presenta un terreno completamente plano para una geometr\u00eda de hoja de baja fricci\u00f3n. Su lomo se curva elegantemente hacia abajo para encontrarse con el borde en una punta afilada, lo que proporciona una precisi\u00f3n similar a la de un bistur\u00ed para realizar cortes detallados. El filo perfectamente recto ofrece un excelente apalancamiento y corta con plena potencia en toda su longitud. Juntas, estas caracter\u00edsticas hacen que la hoja Lil&#8217; Native Wharncliffe sea incre\u00edblemente vers\u00e1til y capaz para su tama\u00f1o. Al mismo tiempo, mide solo 62 mm (2,44 pulgadas) de largo, lo que se encuentra por debajo del l\u00edmite legal de longitud de hoja para jurisdicciones restrictivas como Chicago y Boston.<\/p>\n<p>Todas las dem\u00e1s caracter\u00edsticas del Lil&#8217; Native Wharncliffe est\u00e1n en l\u00ednea con su contraparte de hoja, incluidas las escalas G10 con una capa despegable, un s\u00f3lido mecanismo de bloqueo de compresi\u00f3n y un clip de alambre de bolsillo profundo de doble cara que permite una discreta izquierda. o lado derecho. transporte plegable. Como todos los Lil&#8217; Natives, tambi\u00e9n cuenta con un dedo \u00edndice prominente 50\/50 que proporciona un agarre c\u00f3modo con cuatro dedos incluso para manos grandes.<\/p>\n<p>Los \u00abLittle Big Knives\u00bb <strong>de Spyderco<\/strong> son una incre\u00edble fusi\u00f3n de tama\u00f1o compacto y servicio completo. Lil&#8217; Native Wharncliffe contin\u00faa con orgullo esta tradici\u00f3n al tiempo que establece nuevos est\u00e1ndares de rendimiento y confiabilidad.<\/p>\n<p>Especificaciones<br \/>\nLongitud de la hoja: 6,2 cm<br \/>\nLargo cerrado: 8,8 cm<br \/>\nLongitud total: 14,9 cm<br \/>\nGrosor de la hoja: 0,32 cm.<br \/>\nMaterial de la hoja: CPM-S30V Acero inoxidable<br \/>\nEstilo de hoja: Wharncliffe<br \/>\nRectificado de la hoja: Totalmente plano<br \/>\nTratamiento superficial de la hoja: satinado.<br \/>\nBorde de la hoja: liso<br \/>\nMaterial del mango: G10<br \/>\nColor del mango: Negro<br \/>\nMecanismo de bloqueo: bloqueo de compresi\u00f3n<br \/>\nClip de bolsillo: abatible, uso derecho\/izquierdo<br \/>\nN\u00famero de modelo: C230GPWC<br \/>\nNombre del modelo: Lil&#8217; Native Wharncliffe<br \/>\nPeso: 2,50 onzas. (71g)<br \/>\nHecho en EE.UU<\/p>\n","protected":false},"excerpt":{"rendered":"<p><strong>Spyderco tiene una larga y orgullosa tradici\u00f3n de fabricar \u00abcuchillos peque\u00f1os y grandes\u00bb: navajas plegables compactas y f\u00e1ciles de transportar.<\/strong><\/p>\n","protected":false},"featured_media":318011,"comment_status":"open","ping_status":"closed","template":"","meta":[],"pwb-brand":[3771],"product_brand":[],"product_cat":[3730,3726],"product_tag":[3756],"class_list":{"0":"post-318010","1":"product","2":"type-product","3":"status-publish","4":"has-post-thumbnail","6":"pwb-brand-spyderco-es","7":"product_cat-cuchillas-de-cierre","8":"product_cat-cuchillos","9":"product_tag-b2b-es","11":"first","12":"instock","13":"taxable","14":"shipping-taxable","15":"purchasable","16":"product-type-simple"},"brands":[{"id":3771,"name":"spyderco","slug":"spyderco-es"}],"_links":{"self":[{"href":"https:\/\/www.moskito.cz\/es\/wp-json\/wp\/v2\/product\/318010","targetHints":{"allow":["GET"]}}],"collection":[{"href":"https:\/\/www.moskito.cz\/es\/wp-json\/wp\/v2\/product"}],"about":[{"href":"https:\/\/www.moskito.cz\/es\/wp-json\/wp\/v2\/types\/product"}],"replies":[{"embeddable":true,"href":"https:\/\/www.moskito.cz\/es\/wp-json\/wp\/v2\/comments?post=318010"}],"wp:featuredmedia":[{"embeddable":true,"href":"https:\/\/www.moskito.cz\/es\/wp-json\/wp\/v2\/media\/318011"}],"wp:attachment":[{"href":"https:\/\/www.moskito.cz\/es\/wp-json\/wp\/v2\/media?parent=318010"}],"wp:term":[{"taxonomy":"pwb-brand","embeddable":true,"href":"https:\/\/www.moskito.cz\/es\/wp-json\/wp\/v2\/pwb-brand?post=318010"},{"taxonomy":"product_brand","embeddable":true,"href":"https:\/\/www.moskito.cz\/es\/wp-json\/wp\/v2\/product_brand?post=318010"},{"taxonomy":"product_cat","embeddable":true,"href":"https:\/\/www.moskito.cz\/es\/wp-json\/wp\/v2\/product_cat?post=318010"},{"taxonomy":"product_tag","embeddable":true,"href":"https:\/\/www.moskito.cz\/es\/wp-json\/wp\/v2\/product_tag?post=318010"}],"curies":[{"name":"wp","href":"https:\/\/api.w.org\/{rel}","templated":true}]}}