{"id":318184,"date":"2023-02-16T22:58:58","date_gmt":"2024-03-15T13:42:51","guid":{"rendered":"https:\/\/www.moskito.cz\/produkt\/cuchillo-de-tiro-beltrame-swinguard-cocobolo\/"},"modified":"2025-05-07T11:04:54","modified_gmt":"2025-05-07T10:04:54","slug":"cuchillo-de-tiro-beltrame-swinguard-cocobolo","status":"publish","type":"product","link":"https:\/\/www.moskito.cz\/es\/produkt\/cuchillo-de-tiro-beltrame-swinguard-cocobolo\/","title":{"rendered":"Cuchillo de tiro Beltrame Swinguard Cocobolo"},"content":{"rendered":"<p>Cuchillo de tiro <strong>Beltrame<\/strong> Swinguard Cocobolo<\/p>\n<p>Un stiletto tradicional \u00fanico inspirado en el modelo original de las navajas autom\u00e1ticas de Frank Beltrame Italia. Aqu\u00ed, el fabricante elimin\u00f3 y mejor\u00f3 ciertos defectos de fabricaci\u00f3n, lo que lo convirti\u00f3 en un cuchillo fiable y preciso en t\u00e9rminos de desbloqueo y robustez de la hoja en posici\u00f3n abierta. La funda se fija a la hoja con un peque\u00f1o remache, las inserciones son de lat\u00f3n y la hoja es de acero inoxidable AISI 420 MA5M con una dureza de 56 HRC.<br \/>\nLa apertura se realiza mediante un bot\u00f3n central en la parte frontal del cuchillo, mientras que el desbloqueo de la hoja se encuentra en la parte posterior del mango.<br \/>\nEste producto original est\u00e1 montado y ensamblado a mano por la empresa italiana Frank Beltrame, nunca a m\u00e1quina.<\/p>\n<p>Longitud del cuchillo: 28 cm<br \/>\nLongitud de la hoja: 12 cm<br \/>\nAcero: Acero Inoxidable AISI 420 MA5M HRC 56<br \/>\nMango: madera de cocobolo<br \/>\nTipo de hoja: Bayoneta<br \/>\nSeguridad contra apertura accidental<\/p>\n","protected":false},"excerpt":{"rendered":"<p>Los cuchillos Beltrame se fabrican en Italia desde 1953. La empresa fue fundada por Frank Beltram. El secreto de la elaboraci\u00f3n de estos cuchillos Stiletto forma parte de la historia de Maniago, que se ha transmitido de padres a hijos.<br \/>\n<strong>Hecho en Italia.<\/strong><\/p>\n","protected":false},"featured_media":318185,"comment_status":"open","ping_status":"closed","template":"","meta":[],"pwb-brand":[3781],"product_brand":[],"product_cat":[3726,3729],"product_tag":[3756],"class_list":{"0":"post-318184","1":"product","2":"type-product","3":"status-publish","4":"has-post-thumbnail","6":"pwb-brand-beltrame-es","7":"product_cat-cuchillos","8":"product_cat-cuchillos-de-tiro","9":"product_tag-b2b-es","11":"first","12":"instock","13":"taxable","14":"shipping-taxable","15":"purchasable","16":"product-type-simple"},"brands":[{"id":3781,"name":"Beltram\u00e9","slug":"beltrame-es"}],"_links":{"self":[{"href":"https:\/\/www.moskito.cz\/es\/wp-json\/wp\/v2\/product\/318184","targetHints":{"allow":["GET"]}}],"collection":[{"href":"https:\/\/www.moskito.cz\/es\/wp-json\/wp\/v2\/product"}],"about":[{"href":"https:\/\/www.moskito.cz\/es\/wp-json\/wp\/v2\/types\/product"}],"replies":[{"embeddable":true,"href":"https:\/\/www.moskito.cz\/es\/wp-json\/wp\/v2\/comments?post=318184"}],"wp:featuredmedia":[{"embeddable":true,"href":"https:\/\/www.moskito.cz\/es\/wp-json\/wp\/v2\/media\/318185"}],"wp:attachment":[{"href":"https:\/\/www.moskito.cz\/es\/wp-json\/wp\/v2\/media?parent=318184"}],"wp:term":[{"taxonomy":"pwb-brand","embeddable":true,"href":"https:\/\/www.moskito.cz\/es\/wp-json\/wp\/v2\/pwb-brand?post=318184"},{"taxonomy":"product_brand","embeddable":true,"href":"https:\/\/www.moskito.cz\/es\/wp-json\/wp\/v2\/product_brand?post=318184"},{"taxonomy":"product_cat","embeddable":true,"href":"https:\/\/www.moskito.cz\/es\/wp-json\/wp\/v2\/product_cat?post=318184"},{"taxonomy":"product_tag","embeddable":true,"href":"https:\/\/www.moskito.cz\/es\/wp-json\/wp\/v2\/product_tag?post=318184"}],"curies":[{"name":"wp","href":"https:\/\/api.w.org\/{rel}","templated":true}]}}