{"id":318221,"date":"2023-12-08T21:07:47","date_gmt":"2024-03-15T13:51:16","guid":{"rendered":"https:\/\/www.moskito.cz\/produkt\/cuchillo-de-cierre-microtech-stitch-s-e-ram-lok-lavado-a-la-piedra-169rl-10fl\/"},"modified":"2025-05-07T11:04:56","modified_gmt":"2025-05-07T10:04:56","slug":"cuchillo-de-cierre-microtech-stitch-s-e-ram-lok-lavado-a-la-piedra-169rl-10fl","status":"publish","type":"product","link":"https:\/\/www.moskito.cz\/es\/produkt\/cuchillo-de-cierre-microtech-stitch-s-e-ram-lok-lavado-a-la-piedra-169rl-10fl\/","title":{"rendered":"Cuchillo de cierre Microtech Stitch S\/E Ram-Lok lavado a la piedra 169RL-10FL"},"content":{"rendered":"<p>Cuchillo de cierre <strong>Microtech<\/strong> Stitch S\/E Ram-Lok lavado a la piedra 169RL-10FL<\/p>\n<p>Lanzado en 2023, Stitch RAM-LOK debut\u00f3 con el MSI (edici\u00f3n Microtech Standard) como el primer blade Microtech que presenta la fant\u00e1stica tecnolog\u00eda RAM-LOK. Esta cerradura de barra transversal de aspecto resistente presenta el patr\u00f3n de pasos caracter\u00edstico de Microtech que se hizo famoso por la serie de interruptores de control Ultratech. El gran corte de la hoja proporciona mucho espacio para un movimiento hacia atr\u00e1s con el dedo medio, as\u00ed como para una apertura lenta est\u00e1ndar del pulgar con o sin guantes. Si no se siente c\u00f3modo con ninguno de estos, simplemente tire del RAM-LOK y la hoja se abrir\u00e1 con un simple movimiento de mu\u00f1eca. Los pu\u00f1os G10 son suaves y ligeramente pegajosos y proporcionan un gran potencial de agarre tanto en pu\u00f1os est\u00e1ndar como inversos. Resistente, duradero y fabricado en los EE. UU.; Sabemos que MSI se convertir\u00e1 r\u00e1pidamente en un favorito de los fan\u00e1ticos entre todos los miembros de la comunidad de cuchillos.<\/p>\n<p>Microtech Stitch es una hermosa colaboraci\u00f3n t\u00e1ctica entre Tony Marfione y Sebastijan Berenji, tambi\u00e9n conocido como Borka. Toma el incre\u00edble dise\u00f1o de Stitch de Sebastijan y lo combina con la incre\u00edble mec\u00e1nica de apertura de Tony para crear una de las colaboraciones de producci\u00f3n m\u00e1s sorprendentes de todos los tiempos. La hoja con punta de lanza presenta un rectificado plano y una hendidura en el dedo y el pulgar para una sujeci\u00f3n superior en tareas de corte m\u00e1s finas.<\/p>\n<p>Longitud total: 21,7 cm<br \/>\nLongitud de la hoja: 9,4 cm<br \/>\nGrosor de la hoja: 0,4 cm.<br \/>\nTratamiento superficial de la hoja: Lavado a la piedra<br \/>\nEstilo de borde: liso<br \/>\nMaterial del mango: Aluminio negro moleteado<br \/>\nAcero: M390<br \/>\nRef. del fabricante. #: 169RL-10FL<br \/>\nPa\u00eds de origen: EE.UU.<\/p>\n<p><iframe title=\"Microtech Combat Troodon Torture Test\" width=\"800\" height=\"450\" src=\"https:\/\/www.youtube.com\/embed\/xE9TeOFYEjg?feature=oembed\" frameborder=\"0\" allow=\"accelerometer; autoplay; clipboard-write; encrypted-media; gyroscope; picture-in-picture; web-share\" allowfullscreen><\/iframe><\/p>\n<p>&nbsp;<\/p>\n<p>&nbsp;<\/p>\n","protected":false},"excerpt":{"rendered":"<p><strong>A lo largo de los a\u00f1os, Microtech\u00ae Knives ha llenado los cuchillos con pasi\u00f3n y habilidad para crear casi obras de arte que son el pin\u00e1culo de la funcionalidad. Todas las piezas se fabrican en los EE. UU.<\/strong><br \/>\n<strong>Todos los cuchillos Microtech vienen con una garant\u00eda de por vida.<\/strong><\/p>\n<p><strong>Transporte gratuito.<\/strong><\/p>\n","protected":false},"featured_media":318222,"comment_status":"open","ping_status":"closed","template":"","meta":[],"pwb-brand":[3752],"product_brand":[],"product_cat":[3730,3726],"product_tag":[3756],"class_list":{"0":"post-318221","1":"product","2":"type-product","3":"status-publish","4":"has-post-thumbnail","6":"pwb-brand-microtecnologia","7":"product_cat-cuchillas-de-cierre","8":"product_cat-cuchillos","9":"product_tag-b2b-es","11":"first","12":"outofstock","13":"taxable","14":"shipping-taxable","15":"purchasable","16":"product-type-simple"},"brands":[{"id":3752,"name":"microtecnolog\u00eda","slug":"microtecnologia"}],"_links":{"self":[{"href":"https:\/\/www.moskito.cz\/es\/wp-json\/wp\/v2\/product\/318221","targetHints":{"allow":["GET"]}}],"collection":[{"href":"https:\/\/www.moskito.cz\/es\/wp-json\/wp\/v2\/product"}],"about":[{"href":"https:\/\/www.moskito.cz\/es\/wp-json\/wp\/v2\/types\/product"}],"replies":[{"embeddable":true,"href":"https:\/\/www.moskito.cz\/es\/wp-json\/wp\/v2\/comments?post=318221"}],"wp:featuredmedia":[{"embeddable":true,"href":"https:\/\/www.moskito.cz\/es\/wp-json\/wp\/v2\/media\/318222"}],"wp:attachment":[{"href":"https:\/\/www.moskito.cz\/es\/wp-json\/wp\/v2\/media?parent=318221"}],"wp:term":[{"taxonomy":"pwb-brand","embeddable":true,"href":"https:\/\/www.moskito.cz\/es\/wp-json\/wp\/v2\/pwb-brand?post=318221"},{"taxonomy":"product_brand","embeddable":true,"href":"https:\/\/www.moskito.cz\/es\/wp-json\/wp\/v2\/product_brand?post=318221"},{"taxonomy":"product_cat","embeddable":true,"href":"https:\/\/www.moskito.cz\/es\/wp-json\/wp\/v2\/product_cat?post=318221"},{"taxonomy":"product_tag","embeddable":true,"href":"https:\/\/www.moskito.cz\/es\/wp-json\/wp\/v2\/product_tag?post=318221"}],"curies":[{"name":"wp","href":"https:\/\/api.w.org\/{rel}","templated":true}]}}