{"id":318402,"date":"2024-03-16T10:49:17","date_gmt":"2024-03-16T09:49:59","guid":{"rendered":"https:\/\/www.moskito.cz\/produkt\/cuchillo-de-tiro-microtech-makora-lavado-a-la-piedra-206-12odbis\/"},"modified":"2025-05-07T11:05:01","modified_gmt":"2025-05-07T10:05:01","slug":"cuchillo-de-tiro-microtech-makora-lavado-a-la-piedra-206-12odbis","status":"publish","type":"product","link":"https:\/\/www.moskito.cz\/es\/produkt\/cuchillo-de-tiro-microtech-makora-lavado-a-la-piedra-206-12odbis\/","title":{"rendered":"Cuchillo de tiro Microtech Makora lavado a la piedra 206-12ODBIS"},"content":{"rendered":"<p>Cuchillo de tiro <strong>Microtech<\/strong> Makora lavado a la piedra 206-12ODBIS<\/p>\n<p>Serie <strong>Makora<\/strong><br \/>\n\u00a1Casi 20 a\u00f1os despu\u00e9s de su primer lanzamiento, <strong>Makora<\/strong> regresa! Este cl\u00e1sico cuchillo <strong>Microtech<\/strong> OTF ha sido revivido con un dise\u00f1o actualizado y tecnolog\u00eda mejorada. Aunque parece muy similar al Microtech Ultratech, cuenta con algunas diferencias sutiles (y otras importantes). Es un poco m\u00e1s grueso, un poco m\u00e1s liviano y tiene un mango puntiagudo y un rompevidrios actualizado. Ambos lados del mango con inserto de fibra de carbono y la parte superior e inferior del mango tienen orificios que funcionan con las ranuras en la base de la hoja para hacerla m\u00e1s funcional bajo el agua. La acci\u00f3n del cuchillo se ve reforzada por las partes internas de n\u00edquel y boro que reducen la fricci\u00f3n y mejoran la consistencia. Este nuevo <strong>Makora<\/strong> muestra hasta d\u00f3nde ha llegado <strong>Microtech<\/strong> y demuestra su compromiso con sus ra\u00edces.<\/p>\n<p>Especificaciones<br \/>\nLongitud total: 21,59 cm.<br \/>\nAcero: M390<br \/>\nLongitud de la hoja: 8,25 cm<br \/>\nEstilo de hoja: Daga<br \/>\nAcabado: Lavado a la piedra<br \/>\nTipo de borde: dentado, liso<br \/>\nMaterial del mango: Aluminio<br \/>\nColor verde<br \/>\nPeso: 3,32 onzas<br \/>\nUsuario: mano derecha<br \/>\nClip de bolsillo: inclinado hacia abajo<br \/>\nTipo de cuchillo: OTF autom\u00e1tico de doble acci\u00f3n<br \/>\nAbridor: desliza el pulgar<br \/>\nMarca: Microtech<br \/>\nModelo: Makora<br \/>\nN\u00famero de modelo: 206-12ODBIS<br \/>\nDise\u00f1ador: Microtecnolog\u00eda<br \/>\nPa\u00eds de origen: EE.UU.<br \/>\nMejores usos: transporte diario, t\u00e1ctico<\/p>\n<p><iframe title=\"Microtech Combat Troodon Torture Test\" width=\"800\" height=\"450\" src=\"https:\/\/www.youtube.com\/embed\/xE9TeOFYEjg?feature=oembed\" frameborder=\"0\" allow=\"accelerometer; autoplay; clipboard-write; encrypted-media; gyroscope; picture-in-picture; web-share\" allowfullscreen><\/iframe><\/p>\n<p>&nbsp;<\/p>\n","protected":false},"excerpt":{"rendered":"<p><strong>A lo largo de los a\u00f1os, Microtech\u00ae Knives ha llenado los cuchillos con pasi\u00f3n y habilidad para crear casi obras de arte que son el pin\u00e1culo de la funcionalidad. Todas las piezas se fabrican en los EE. UU.<\/strong><br \/>\n<strong>Todas las cuchillas Microtech est\u00e1n garantizadas de por vida (m\u00edn. 80.000 ciclos, apertura y cierre)<\/strong><\/p>\n<p><strong>Transporte gratuito.<\/strong><\/p>\n","protected":false},"featured_media":318385,"comment_status":"open","ping_status":"closed","template":"","meta":[],"pwb-brand":[3752],"product_brand":[],"product_cat":[3729,3726],"product_tag":[3756],"class_list":{"0":"post-318402","1":"product","2":"type-product","3":"status-publish","4":"has-post-thumbnail","6":"pwb-brand-microtecnologia","7":"product_cat-cuchillos-de-tiro","8":"product_cat-cuchillos","9":"product_tag-b2b-es","11":"first","12":"instock","13":"sale","14":"taxable","15":"shipping-taxable","16":"purchasable","17":"product-type-simple"},"brands":[{"id":3752,"name":"microtecnolog\u00eda","slug":"microtecnologia"}],"_links":{"self":[{"href":"https:\/\/www.moskito.cz\/es\/wp-json\/wp\/v2\/product\/318402","targetHints":{"allow":["GET"]}}],"collection":[{"href":"https:\/\/www.moskito.cz\/es\/wp-json\/wp\/v2\/product"}],"about":[{"href":"https:\/\/www.moskito.cz\/es\/wp-json\/wp\/v2\/types\/product"}],"replies":[{"embeddable":true,"href":"https:\/\/www.moskito.cz\/es\/wp-json\/wp\/v2\/comments?post=318402"}],"wp:featuredmedia":[{"embeddable":true,"href":"https:\/\/www.moskito.cz\/es\/wp-json\/wp\/v2\/media\/318385"}],"wp:attachment":[{"href":"https:\/\/www.moskito.cz\/es\/wp-json\/wp\/v2\/media?parent=318402"}],"wp:term":[{"taxonomy":"pwb-brand","embeddable":true,"href":"https:\/\/www.moskito.cz\/es\/wp-json\/wp\/v2\/pwb-brand?post=318402"},{"taxonomy":"product_brand","embeddable":true,"href":"https:\/\/www.moskito.cz\/es\/wp-json\/wp\/v2\/product_brand?post=318402"},{"taxonomy":"product_cat","embeddable":true,"href":"https:\/\/www.moskito.cz\/es\/wp-json\/wp\/v2\/product_cat?post=318402"},{"taxonomy":"product_tag","embeddable":true,"href":"https:\/\/www.moskito.cz\/es\/wp-json\/wp\/v2\/product_tag?post=318402"}],"curies":[{"name":"wp","href":"https:\/\/api.w.org\/{rel}","templated":true}]}}