{"id":318469,"date":"2022-11-01T22:18:06","date_gmt":"2022-11-01T21:18:06","guid":{"rendered":"https:\/\/www.moskito.cz\/produkt\/cuchillo-solido-cold-steel-cuchillo-canadian-de-correa\/"},"modified":"2024-03-16T11:46:34","modified_gmt":"2024-03-16T10:46:34","slug":"cuchillo-solido-cold-steel-cuchillo-canadian-de-correa","status":"publish","type":"product","link":"https:\/\/www.moskito.cz\/es\/produkt\/cuchillo-solido-cold-steel-cuchillo-canadian-de-correa\/","title":{"rendered":"Cuchillo S\u00f3lido Cold Steel CUCHILLO CANADIAN DE CORREA"},"content":{"rendered":"<p>Cuchillo S\u00f3lido <strong>Cold Steel<\/strong> CUCHILLO CANADIAN DE CORREA.<\/p>\n<p>El cuchillo de cintur\u00f3n canadiense Cold Steel se inspira en un viejo cl\u00e1sico de los a\u00f1os 50. vuelo. Tiene todas las caracter\u00edsticas que hicieron del original un favorito internacional galardonado, adem\u00e1s de algunas mejoras modernas.<br \/>\nNuestra versi\u00f3n actual est\u00e1 hecha de acero inoxidable alem\u00e1n 4116 endurecido bajo cero y est\u00e1 hueca hasta obtener un borde incre\u00edblemente afilado. A diferencia de algunos mangos de madera, nuestro mango de polipropileno duradero es lo suficientemente fuerte como para soportar impactos fuertes sin dejar de ser liviano y c\u00f3modo. Esta hoja s\u00faper liviana de 2 onzas viene con una funda de pol\u00edmero segura y de bajo perfil que facilita su transporte durante todo el d\u00eda o en aventuras m\u00e1s largas de caza o campamento.<\/p>\n<p>PARAMETROS DEL PRODUCTO<br \/>\nColor: Negro\/Plata<br \/>\nTama\u00f1o total: 215,9 mm<br \/>\nLongitud del mango: 114 mm<br \/>\nMaterial de la funda: Funda Secure-Ex\u00ae<br \/>\nMaterial del mango: Polipropileno largo de alto impacto<br \/>\nAcero: Acero inoxidable templado criog\u00e9nico alem\u00e1n 4116<br \/>\nPeso: 62,36 gramos<br \/>\nLongitud de la hoja: 101,6 mm<br \/>\nGrosor de la hoja: 2,5 mm<\/p>\n","protected":false},"excerpt":{"rendered":"<p><strong>El cuchillo de cintur\u00f3n canadiense Cold Steel es un cuchillo s\u00f3lido inspirado en un cl\u00e1sico de los a\u00f1os 50.<\/strong><\/p>\n","protected":false},"featured_media":318470,"comment_status":"open","ping_status":"closed","template":"","meta":[],"pwb-brand":[3790],"product_brand":[],"product_cat":[3727,3726],"product_tag":[3756],"class_list":{"0":"post-318469","1":"product","2":"type-product","3":"status-publish","4":"has-post-thumbnail","6":"pwb-brand-arma-blanca","7":"product_cat-cuchillos-macizos","8":"product_cat-cuchillos","9":"product_tag-b2b-es","11":"first","12":"instock","13":"taxable","14":"shipping-taxable","15":"purchasable","16":"product-type-simple"},"brands":[{"id":3790,"name":"Arma blanca","slug":"arma-blanca"}],"_links":{"self":[{"href":"https:\/\/www.moskito.cz\/es\/wp-json\/wp\/v2\/product\/318469","targetHints":{"allow":["GET"]}}],"collection":[{"href":"https:\/\/www.moskito.cz\/es\/wp-json\/wp\/v2\/product"}],"about":[{"href":"https:\/\/www.moskito.cz\/es\/wp-json\/wp\/v2\/types\/product"}],"replies":[{"embeddable":true,"href":"https:\/\/www.moskito.cz\/es\/wp-json\/wp\/v2\/comments?post=318469"}],"wp:featuredmedia":[{"embeddable":true,"href":"https:\/\/www.moskito.cz\/es\/wp-json\/wp\/v2\/media\/318470"}],"wp:attachment":[{"href":"https:\/\/www.moskito.cz\/es\/wp-json\/wp\/v2\/media?parent=318469"}],"wp:term":[{"taxonomy":"pwb-brand","embeddable":true,"href":"https:\/\/www.moskito.cz\/es\/wp-json\/wp\/v2\/pwb-brand?post=318469"},{"taxonomy":"product_brand","embeddable":true,"href":"https:\/\/www.moskito.cz\/es\/wp-json\/wp\/v2\/product_brand?post=318469"},{"taxonomy":"product_cat","embeddable":true,"href":"https:\/\/www.moskito.cz\/es\/wp-json\/wp\/v2\/product_cat?post=318469"},{"taxonomy":"product_tag","embeddable":true,"href":"https:\/\/www.moskito.cz\/es\/wp-json\/wp\/v2\/product_tag?post=318469"}],"curies":[{"name":"wp","href":"https:\/\/api.w.org\/{rel}","templated":true}]}}