{"id":318562,"date":"2022-04-09T10:20:35","date_gmt":"2024-03-17T18:13:07","guid":{"rendered":"https:\/\/www.moskito.cz\/produkt\/cuchillo-de-tiro-microtech-combat-troodon-satin-142-4bl\/"},"modified":"2025-05-07T11:05:09","modified_gmt":"2025-05-07T10:05:09","slug":"cuchillo-de-tiro-microtech-combat-troodon-satin-142-4bl","status":"publish","type":"product","link":"https:\/\/www.moskito.cz\/es\/produkt\/cuchillo-de-tiro-microtech-combat-troodon-satin-142-4bl\/","title":{"rendered":"Cuchillo de tiro Microtech Combat Troodon Satin 142-4BL"},"content":{"rendered":"<p>Cuchillo de tiro <strong>Microtech<\/strong> Combat Troodon Satin 142-4BL<\/p>\n<p><strong>El Combat Troodon<\/strong> es un cuchillo frontal t\u00e1ctico fabricado con precisi\u00f3n. Es un 25% m\u00e1s grande que nuestro buque insignia, el Troodon. Ofrece un mango delgado, una forma contorneada, elementos de dise\u00f1o radicales y un sofisticado mecanismo interno que mejora la funcionalidad operativa y la confiabilidad a mayor escala. El Combat Troodon est\u00e1 dise\u00f1ado para una amplia gama de aplicaciones de utilidad y de combate cuerpo a cuerpo.<\/p>\n<p>Longitud total: 19,2 cm<br \/>\nLongitud de la hoja: 7,5 cm<br \/>\nMaterial de la hoja: 204P<br \/>\nEstilo de hoja: Daga<br \/>\nInserciones: planas<br \/>\nTipo de borde: liso<br \/>\nLongitud del mango: 10,63 cm<br \/>\nGrosor del mango: 1,12 cm.<br \/>\nMaterial del mango: aluminio<br \/>\nPeso: 3,00 onzas.<br \/>\nUsuario: mano derecha<br \/>\nClip de bolsillo: inclinado hacia abajo<br \/>\nTipo de cuchillo: Autom\u00e1tico<br \/>\nAbridor: Diapositiva del pulgar<br \/>\nMarca: Microtech<br \/>\nModelo: Troodon<\/p>\n<p>Acero: M390<br \/>\nPa\u00eds de origen: EE.UU.<br \/>\nMejor uso: t\u00e1ctico<br \/>\nHecho en EE.UU<\/p>\n<p><iframe title=\"Microtech Combat Troodon Torture Test\" width=\"800\" height=\"450\" src=\"https:\/\/www.youtube.com\/embed\/xE9TeOFYEjg?feature=oembed\" frameborder=\"0\" allow=\"accelerometer; autoplay; clipboard-write; encrypted-media; gyroscope; picture-in-picture; web-share\" allowfullscreen><\/iframe><\/p>\n<p>El <strong>Combat Troodon<\/strong> es un cuchillo t\u00e1ctico innovador fabricado con precisi\u00f3n. Es un 25% m\u00e1s grande que nuestro buque insignia, el Troodon. Ofrece un mango delgado, una forma contorneada, elementos de dise\u00f1o radicales y un sofisticado mecanismo interno que mejora la funcionalidad operativa y la confiabilidad a mayor escala. El Combat Troodon est\u00e1 dise\u00f1ado para un amplio espectro de aplicaciones de utilidad y combate cuerpo a cuerpo.<\/p>\n<p>Especificaciones<br \/>\nTroodon &#8211; \u00abdiente herido\u00bb<br \/>\nAcci\u00f3n: Disparo y retracci\u00f3n autom\u00e1ticos de doble acci\u00f3n<br \/>\nLongitud de la hoja: 3,75&#8243;<br \/>\nGrosor de la hoja: 0,095&#8243;<br \/>\nRotura de vidrio: rotura de vidrio con punta de tungsteno<br \/>\nMango: Aluminio 6061-T6 Mil Spec Revestimiento duro anodizado azul<br \/>\nGrosor del mango: C\u00f3nico esculpido M\u00edn. 0,304&#8243; M\u00e1x. 435&#8243;<br \/>\nLongitud abierta: 9.10&#8243;<br \/>\nLongitud cerrado: 5.20&#8243;<br \/>\nClip de bolsillo: 301 templado con resorte, ambidiestro<br \/>\nPeso: 5,3 onzas.<br \/>\nTenga en cuenta que el acero de la hoja no se puede especificar ya que puede cambiar seg\u00fan la disponibilidad (informaci\u00f3n de Microtech)<br \/>\nHecho en los EE.UU.<\/p>\n","protected":false},"excerpt":{"rendered":"<p><strong>A lo largo de los a\u00f1os, Microtech\u00ae Knives ha llenado los cuchillos con pasi\u00f3n y habilidad para crear casi obras de arte que son el pin\u00e1culo de la funcionalidad. Todas las piezas se fabrican en los EE. UU.<\/strong><br \/>\n<strong>Todos los cuchillos Microtech vienen con una garant\u00eda de por vida.<\/strong><\/p>\n<p><strong>Transporte gratuito.<\/strong><\/p>\n","protected":false},"featured_media":318563,"comment_status":"open","ping_status":"closed","template":"","meta":[],"pwb-brand":[3752],"product_brand":[],"product_cat":[3726,3729],"product_tag":[3756],"class_list":{"0":"post-318562","1":"product","2":"type-product","3":"status-publish","4":"has-post-thumbnail","6":"pwb-brand-microtecnologia","7":"product_cat-cuchillos","8":"product_cat-cuchillos-de-tiro","9":"product_tag-b2b-es","11":"first","12":"instock","13":"taxable","14":"shipping-taxable","15":"purchasable","16":"product-type-simple"},"brands":[{"id":3752,"name":"microtecnolog\u00eda","slug":"microtecnologia"}],"_links":{"self":[{"href":"https:\/\/www.moskito.cz\/es\/wp-json\/wp\/v2\/product\/318562","targetHints":{"allow":["GET"]}}],"collection":[{"href":"https:\/\/www.moskito.cz\/es\/wp-json\/wp\/v2\/product"}],"about":[{"href":"https:\/\/www.moskito.cz\/es\/wp-json\/wp\/v2\/types\/product"}],"replies":[{"embeddable":true,"href":"https:\/\/www.moskito.cz\/es\/wp-json\/wp\/v2\/comments?post=318562"}],"wp:featuredmedia":[{"embeddable":true,"href":"https:\/\/www.moskito.cz\/es\/wp-json\/wp\/v2\/media\/318563"}],"wp:attachment":[{"href":"https:\/\/www.moskito.cz\/es\/wp-json\/wp\/v2\/media?parent=318562"}],"wp:term":[{"taxonomy":"pwb-brand","embeddable":true,"href":"https:\/\/www.moskito.cz\/es\/wp-json\/wp\/v2\/pwb-brand?post=318562"},{"taxonomy":"product_brand","embeddable":true,"href":"https:\/\/www.moskito.cz\/es\/wp-json\/wp\/v2\/product_brand?post=318562"},{"taxonomy":"product_cat","embeddable":true,"href":"https:\/\/www.moskito.cz\/es\/wp-json\/wp\/v2\/product_cat?post=318562"},{"taxonomy":"product_tag","embeddable":true,"href":"https:\/\/www.moskito.cz\/es\/wp-json\/wp\/v2\/product_tag?post=318562"}],"curies":[{"name":"wp","href":"https:\/\/api.w.org\/{rel}","templated":true}]}}