{"id":318579,"date":"2023-07-03T18:35:30","date_gmt":"2024-03-18T12:17:15","guid":{"rendered":"https:\/\/www.moskito.cz\/produkt\/cuchillo-de-tiro-microtech-borka-stitch-artic-camo-full-serrado-169-3acs\/"},"modified":"2025-05-07T11:05:09","modified_gmt":"2025-05-07T10:05:09","slug":"cuchillo-de-tiro-microtech-borka-stitch-artic-camo-full-serrado-169-3acs","status":"publish","type":"product","link":"https:\/\/www.moskito.cz\/es\/produkt\/cuchillo-de-tiro-microtech-borka-stitch-artic-camo-full-serrado-169-3acs\/","title":{"rendered":"Cuchillo de tiro Microtech Borka Stitch Artic Camo Full Serrado 169-3ACS"},"content":{"rendered":"<p>Cuchillo de tiro <strong>Microtech<\/strong> Borka Stitch Artic Camo Full Serrado 169-3ACS<\/p>\n<p>Automatic Stitch es una hermosa colaboraci\u00f3n t\u00e1ctica entre Tony Marfione y Sebastijan Berenji, tambi\u00e9n conocido como Borka. Toma el incre\u00edble dise\u00f1o de Stitch de Sebastijan y lo combina con la incre\u00edble apertura autom\u00e1tica de Tony para crear una de las colaboraciones de producci\u00f3n m\u00e1s sorprendentes de 2017. La hoja con punta de lanza de 3.625&#8243; presenta un rectificado plano, un acabado de camuflaje urbano y bandas para los dedos y el pulgar. para una excelente compra en operaciones de corte m\u00e1s fino. El mango es de aluminio muy fresado con un acabado anodizado Mil-Spec Hardcoat de camuflaje \u00e1rtico y un espaciador trasero de aluminio. Se dispara como un cohete y se bloquea s\u00f3lidamente, lo cual es una haza\u00f1a impresionante considerando que es un AUTO. Este es el modelo de producci\u00f3n tan esperado de la famosa costumbre, que le brinda la oportunidad de poseer un <strong>cuchillo Borka por una fracci\u00f3n del precio<\/strong> .<\/p>\n<p>Especificaciones<br \/>\nLongitud de la hoja: 9 cm<br \/>\nLongitud del mango: 12,5 cm<br \/>\nLongitud total: 21,25 cm.<br \/>\nAcero: M390<br \/>\nGrosor de la hoja: 0,190&#8243;<br \/>\nEstilo de hoja: punta de lanza<br \/>\nRectificado de la hoja: Plano<br \/>\nAcabado de la hoja: Camuflaje \u00c1rtico<br \/>\nMaterial del mango: Aluminio fresado, anodizado con revestimiento duro Urban Camo Mil-Spec<br \/>\nGrosor del mango: 0,62&#8243;<br \/>\nMecanismo de bloqueo: Bot\u00f3n<br \/>\nClip de bolsillo: Acero inoxidable (desplegable, para uso en la mano derecha)<br \/>\nPeso: 6,3 onzas.<br \/>\nDise\u00f1adores: Sebastijan Berenji y Tony Marfione<br \/>\nHecho en EE.UU<\/p>\n<p><iframe title=\"Microtech Combat Troodon Torture Test\" width=\"800\" height=\"450\" src=\"https:\/\/www.youtube.com\/embed\/xE9TeOFYEjg?feature=oembed\" frameborder=\"0\" allow=\"accelerometer; autoplay; clipboard-write; encrypted-media; gyroscope; picture-in-picture; web-share\" allowfullscreen><\/iframe><\/p>\n<p>&nbsp;<\/p>\n","protected":false},"excerpt":{"rendered":"<p>A lo largo de los a\u00f1os, Microtech\u00ae Knives ha llenado los cuchillos con pasi\u00f3n y habilidad para crear casi obras de arte que son el pin\u00e1culo de la funcionalidad. Todas las piezas se fabrican en los EE. UU.<br \/>\n<strong>Todos los cuchillos Microtech vienen con una garant\u00eda de por vida.<\/strong><\/p>\n<p><strong>Transporte gratuito.<\/strong><\/p>\n","protected":false},"featured_media":318580,"comment_status":"open","ping_status":"closed","template":"","meta":[],"pwb-brand":[3752],"product_brand":[],"product_cat":[3726,3729],"product_tag":[3756],"class_list":{"0":"post-318579","1":"product","2":"type-product","3":"status-publish","4":"has-post-thumbnail","6":"pwb-brand-microtecnologia","7":"product_cat-cuchillos","8":"product_cat-cuchillos-de-tiro","9":"product_tag-b2b-es","11":"first","12":"instock","13":"taxable","14":"shipping-taxable","15":"purchasable","16":"product-type-simple"},"brands":[{"id":3752,"name":"microtecnolog\u00eda","slug":"microtecnologia"}],"_links":{"self":[{"href":"https:\/\/www.moskito.cz\/es\/wp-json\/wp\/v2\/product\/318579","targetHints":{"allow":["GET"]}}],"collection":[{"href":"https:\/\/www.moskito.cz\/es\/wp-json\/wp\/v2\/product"}],"about":[{"href":"https:\/\/www.moskito.cz\/es\/wp-json\/wp\/v2\/types\/product"}],"replies":[{"embeddable":true,"href":"https:\/\/www.moskito.cz\/es\/wp-json\/wp\/v2\/comments?post=318579"}],"wp:featuredmedia":[{"embeddable":true,"href":"https:\/\/www.moskito.cz\/es\/wp-json\/wp\/v2\/media\/318580"}],"wp:attachment":[{"href":"https:\/\/www.moskito.cz\/es\/wp-json\/wp\/v2\/media?parent=318579"}],"wp:term":[{"taxonomy":"pwb-brand","embeddable":true,"href":"https:\/\/www.moskito.cz\/es\/wp-json\/wp\/v2\/pwb-brand?post=318579"},{"taxonomy":"product_brand","embeddable":true,"href":"https:\/\/www.moskito.cz\/es\/wp-json\/wp\/v2\/product_brand?post=318579"},{"taxonomy":"product_cat","embeddable":true,"href":"https:\/\/www.moskito.cz\/es\/wp-json\/wp\/v2\/product_cat?post=318579"},{"taxonomy":"product_tag","embeddable":true,"href":"https:\/\/www.moskito.cz\/es\/wp-json\/wp\/v2\/product_tag?post=318579"}],"curies":[{"name":"wp","href":"https:\/\/api.w.org\/{rel}","templated":true}]}}