{"id":318609,"date":"2022-01-08T07:03:59","date_gmt":"2024-03-18T12:18:23","guid":{"rendered":"https:\/\/www.moskito.cz\/produkt\/cuchillo-de-tiro-microtech-stitch-borka-blades-wharncliffe-stonewash-169-12\/"},"modified":"2025-05-07T11:05:11","modified_gmt":"2025-05-07T10:05:11","slug":"cuchillo-de-tiro-microtech-stitch-borka-blades-wharncliffe-stonewash-169-12","status":"publish","type":"product","link":"https:\/\/www.moskito.cz\/es\/produkt\/cuchillo-de-tiro-microtech-stitch-borka-blades-wharncliffe-stonewash-169-12\/","title":{"rendered":"Cuchillo de tiro Microtech Stitch Borka Blades WHARNCLIFFE STONEWASH 169-12"},"content":{"rendered":"<p>Cuchillo de tiro <strong>Microtech<\/strong> Stitch Borka Blades WHARNCLIFFE STONEWASH 169-12<\/p>\n<p>Este Stitch autom\u00e1tico es una hermosa colaboraci\u00f3n t\u00e1ctica entre Tony <strong>Marfione<\/strong> y Sebastijan Berenji, tambi\u00e9n conocido como Borka. El incre\u00edble dise\u00f1o de Sebastijan Stitch con el incre\u00edble mecanismo de apertura autom\u00e1tica de Tony lo convierte en una de las mejores colaboraciones de producci\u00f3n de 2017. La hoja de 8,5 cm presenta una superficie plana y apocal\u00edptica. El mango es de aluminio altamente fresado con un acabado anodizado negro Mil-Spec Hardcoat y un espaciador posterior de aluminio. La hoja se dispara como un cohete y se bloquea s\u00f3lidamente, lo cual es una haza\u00f1a impresionante considerando que es AUTOM\u00c1TICO. Este es un modelo de producci\u00f3n muy esperado de la famosa costumbre, por lo que tienes la oportunidad de tener un cuchillo Borka a una fracci\u00f3n del precio.<\/p>\n<p>Dise\u00f1o Borka<br \/>\nTorx<br \/>\nEspaciador de aluminio texturizado<br \/>\nEspecificaciones<br \/>\nLongitud de la hoja: 8,5 cm<br \/>\nLongitud del mango: 12,5 cm<br \/>\nLongitud total: 21 cm<br \/>\nAcero: M390<br \/>\nEstilo de hoja: punta de lanza<br \/>\nRectificado de la hoja: Plano<br \/>\nTratamiento superficial de la hoja: Stonewash<br \/>\nMaterial del mango: aluminio fresado, revestimiento duro Mil-Spec, anodizado<br \/>\nMecanismo de bloqueo: Bot\u00f3n<br \/>\nClip de bolsillo: acero inoxidable (plegable, derecho)<br \/>\nPeso: 6,3 onzas.<br \/>\nDise\u00f1adores: Sebastijan Berenji y Tony Marfione<br \/>\nHecho en EE.UU<\/p>\n<p><iframe title=\"Microtech Combat Troodon Torture Test\" width=\"800\" height=\"450\" src=\"https:\/\/www.youtube.com\/embed\/xE9TeOFYEjg?feature=oembed\" frameborder=\"0\" allow=\"accelerometer; autoplay; clipboard-write; encrypted-media; gyroscope; picture-in-picture; web-share\" allowfullscreen><\/iframe><\/p>\n","protected":false},"excerpt":{"rendered":"<p>A lo largo de los a\u00f1os, Microtech\u00ae Knives ha llenado los cuchillos con pasi\u00f3n y habilidad para crear casi obras de arte que son el pin\u00e1culo de la funcionalidad. Todas las piezas se fabrican en los EE. UU.<br \/>\n<strong>Todos los cuchillos Microtech vienen con una garant\u00eda de por vida.<\/strong><\/p>\n<p><strong>Transporte gratuito.<\/strong><\/p>\n","protected":false},"featured_media":318613,"comment_status":"open","ping_status":"closed","template":"","meta":[],"pwb-brand":[3752],"product_brand":[],"product_cat":[3726,3729],"product_tag":[3756],"class_list":{"0":"post-318609","1":"product","2":"type-product","3":"status-publish","4":"has-post-thumbnail","6":"pwb-brand-microtecnologia","7":"product_cat-cuchillos","8":"product_cat-cuchillos-de-tiro","9":"product_tag-b2b-es","11":"first","12":"instock","13":"featured","14":"taxable","15":"shipping-taxable","16":"purchasable","17":"product-type-simple"},"brands":[{"id":3752,"name":"microtecnolog\u00eda","slug":"microtecnologia"}],"_links":{"self":[{"href":"https:\/\/www.moskito.cz\/es\/wp-json\/wp\/v2\/product\/318609","targetHints":{"allow":["GET"]}}],"collection":[{"href":"https:\/\/www.moskito.cz\/es\/wp-json\/wp\/v2\/product"}],"about":[{"href":"https:\/\/www.moskito.cz\/es\/wp-json\/wp\/v2\/types\/product"}],"replies":[{"embeddable":true,"href":"https:\/\/www.moskito.cz\/es\/wp-json\/wp\/v2\/comments?post=318609"}],"wp:featuredmedia":[{"embeddable":true,"href":"https:\/\/www.moskito.cz\/es\/wp-json\/wp\/v2\/media\/318613"}],"wp:attachment":[{"href":"https:\/\/www.moskito.cz\/es\/wp-json\/wp\/v2\/media?parent=318609"}],"wp:term":[{"taxonomy":"pwb-brand","embeddable":true,"href":"https:\/\/www.moskito.cz\/es\/wp-json\/wp\/v2\/pwb-brand?post=318609"},{"taxonomy":"product_brand","embeddable":true,"href":"https:\/\/www.moskito.cz\/es\/wp-json\/wp\/v2\/product_brand?post=318609"},{"taxonomy":"product_cat","embeddable":true,"href":"https:\/\/www.moskito.cz\/es\/wp-json\/wp\/v2\/product_cat?post=318609"},{"taxonomy":"product_tag","embeddable":true,"href":"https:\/\/www.moskito.cz\/es\/wp-json\/wp\/v2\/product_tag?post=318609"}],"curies":[{"name":"wp","href":"https:\/\/api.w.org\/{rel}","templated":true}]}}