{"id":318610,"date":"2023-07-07T13:41:32","date_gmt":"2024-03-18T12:18:23","guid":{"rendered":"https:\/\/www.moskito.cz\/produkt\/cuchillo-fijo-microtech-borka-apocalyptic-stonewash-blade-201-12ap\/"},"modified":"2025-05-07T11:05:11","modified_gmt":"2025-05-07T10:05:11","slug":"cuchillo-fijo-microtech-borka-apocalyptic-stonewash-blade-201-12ap","status":"publish","type":"product","link":"https:\/\/www.moskito.cz\/es\/produkt\/cuchillo-fijo-microtech-borka-apocalyptic-stonewash-blade-201-12ap\/","title":{"rendered":"Cuchillo fijo Microtech\/Borka Apocalyptic Stonewash Blade 201-12AP"},"content":{"rendered":"<p>Cuchillo Fijo <strong>Microtech<\/strong> \/ Hoja Borka Apocalyptic Stonewash 201-12AP<\/p>\n<p>La hoja fija SBD es una pieza amenazadora del fabricante de cuchillos personalizados Sebastjan Berenji (Borka Blades) basada en su propio dise\u00f1o SBD, una versi\u00f3n de su famoso cuchillo SBK con forma de hoja persa hacia arriba. Tiene una punta cuadrada con un surco para sangre y agujeros. El mango SBD est\u00e1 fabricado con G10, est\u00e9ticamente agradable, fresado a la perfecci\u00f3n para lograr una ergonom\u00eda de agarre. Viene con una funda de kydex.<\/p>\n<p>Dise\u00f1ador: Sebastijan Berenji-Borka Blades<br \/>\nLongitud total: 22,5 cm.<br \/>\nHoja: 11 cm de doble filo, Apocalyptic Stonewash, dentada<br \/>\nMango: <span id=\"cwos\" class=\"qv3Wpe\">11,25<\/span> cm G10 negro (fresado)<br \/>\nFunda: Kydex<br \/>\nPeso: 6,5 onzas<br \/>\nPeso con chaqueta: 10,1 oz<br \/>\nHecho en EE.UU<br \/>\nModelo: 201-12AP<\/p>\n<p><iframe title=\"Microtech Combat Troodon Torture Test\" width=\"800\" height=\"450\" src=\"https:\/\/www.youtube.com\/embed\/xE9TeOFYEjg?feature=oembed\" frameborder=\"0\" allow=\"accelerometer; autoplay; clipboard-write; encrypted-media; gyroscope; picture-in-picture; web-share\" allowfullscreen><\/iframe><\/p>\n<p>&nbsp;<\/p>\n","protected":false},"excerpt":{"rendered":"<div class=\"elementor-element elementor-element-bbb542b elementor-widget elementor-widget-woocommerce-product-short-description\" data-id=\"bbb542b\" data-element_type=\"widget\" data-widget_type=\"woocommerce-product-short-description.default\">\n<div class=\"elementor-widget-container\">\n<div class=\"woocommerce-product-details__short-description\">\n<p><strong>A lo largo de los a\u00f1os, Microtech\u00ae Knives ha llenado los cuchillos con pasi\u00f3n y habilidad para crear casi obras de arte que son el pin\u00e1culo de la funcionalidad. Todas las piezas se fabrican en los EE. UU.<\/strong><br \/>\n<strong>Todos los cuchillos Microtech vienen con una garant\u00eda de por vida.<\/strong><\/p>\n<p><strong>Transporte gratuito.<\/strong><\/p>\n<\/div>\n<\/div>\n<\/div>\n","protected":false},"featured_media":318615,"comment_status":"open","ping_status":"closed","template":"","meta":[],"pwb-brand":[3752],"product_brand":[],"product_cat":[3726,3727],"product_tag":[3756],"class_list":{"0":"post-318610","1":"product","2":"type-product","3":"status-publish","4":"has-post-thumbnail","6":"pwb-brand-microtecnologia","7":"product_cat-cuchillos","8":"product_cat-cuchillos-macizos","9":"product_tag-b2b-es","11":"first","12":"instock","13":"taxable","14":"shipping-taxable","15":"purchasable","16":"product-type-simple"},"brands":[{"id":3752,"name":"microtecnolog\u00eda","slug":"microtecnologia"}],"_links":{"self":[{"href":"https:\/\/www.moskito.cz\/es\/wp-json\/wp\/v2\/product\/318610","targetHints":{"allow":["GET"]}}],"collection":[{"href":"https:\/\/www.moskito.cz\/es\/wp-json\/wp\/v2\/product"}],"about":[{"href":"https:\/\/www.moskito.cz\/es\/wp-json\/wp\/v2\/types\/product"}],"replies":[{"embeddable":true,"href":"https:\/\/www.moskito.cz\/es\/wp-json\/wp\/v2\/comments?post=318610"}],"wp:featuredmedia":[{"embeddable":true,"href":"https:\/\/www.moskito.cz\/es\/wp-json\/wp\/v2\/media\/318615"}],"wp:attachment":[{"href":"https:\/\/www.moskito.cz\/es\/wp-json\/wp\/v2\/media?parent=318610"}],"wp:term":[{"taxonomy":"pwb-brand","embeddable":true,"href":"https:\/\/www.moskito.cz\/es\/wp-json\/wp\/v2\/pwb-brand?post=318610"},{"taxonomy":"product_brand","embeddable":true,"href":"https:\/\/www.moskito.cz\/es\/wp-json\/wp\/v2\/product_brand?post=318610"},{"taxonomy":"product_cat","embeddable":true,"href":"https:\/\/www.moskito.cz\/es\/wp-json\/wp\/v2\/product_cat?post=318610"},{"taxonomy":"product_tag","embeddable":true,"href":"https:\/\/www.moskito.cz\/es\/wp-json\/wp\/v2\/product_tag?post=318610"}],"curies":[{"name":"wp","href":"https:\/\/api.w.org\/{rel}","templated":true}]}}