{"id":318611,"date":"2023-05-08T18:27:28","date_gmt":"2024-03-18T12:18:23","guid":{"rendered":"https:\/\/www.moskito.cz\/produkt\/cuchillo-fijo-con-hojas-microtech-borka-lavadas-a-la-piedra-201-11-sbd\/"},"modified":"2025-05-07T11:05:11","modified_gmt":"2025-05-07T10:05:11","slug":"cuchillo-fijo-con-hojas-microtech-borka-lavadas-a-la-piedra-201-11-sbd","status":"publish","type":"product","link":"https:\/\/www.moskito.cz\/es\/produkt\/cuchillo-fijo-con-hojas-microtech-borka-lavadas-a-la-piedra-201-11-sbd\/","title":{"rendered":"Cuchillo fijo con hojas Microtech\/Borka lavadas a la piedra 201-11 SBD"},"content":{"rendered":"<p>Cuchillo Fijo <strong>Microtech<\/strong> \/Hojas Borka Lavadas a la Piedra 201-11 SBD<\/p>\n<p>La hoja fija SBD es una pieza amenazadora del fabricante de cuchillos personalizados Sebastjan Berenji, tambi\u00e9n conocido como Bork, basada en su dise\u00f1o SBK. Es una evoluci\u00f3n del SBK que ten\u00eda la forma elevada de la hoja persa y la reemplaz\u00f3 por una daga ancha de doble filo, de ah\u00ed la D en el nombre. Cuenta con cuatro preciosos biseles que culminan en un dedo perfecto, una bonita protecci\u00f3n para el dedo y un surco ensangrentado con agujeros aligerantes. El mango est\u00e1 fabricado en G10 bellamente fresado para un agarre ergon\u00f3mico agradable y crea una armon\u00eda perfecta entre el usuario y la herramienta. Tiene la forma en los lugares correctos para permitirle indexar el cuchillo en m\u00faltiples agarres. El SBD compacto irradia destreza t\u00e1ctica con el estilo que es la piedra angular de las hojas Borka y viene con una superficie de deslizamiento por fricci\u00f3n de fibra de carbono Kydex con un clip s\u00f3lido para cintur\u00f3n. Fabricado en Estados Unidos por Microtech Knives.<\/p>\n<p>Especificaciones<br \/>\nLongitud de la hoja: 11 cm<br \/>\nLongitud total: 23 cm<br \/>\nMaterial de la hoja: El acero de la hoja para este a\u00f1o ser\u00e1 M390; hasta agotar existencias, las hojas tambi\u00e9n pueden ser Elmax o CTS-240P.<br \/>\nEstilo de hoja: Daga de doble filo<br \/>\nRectificado de la hoja: Plano<br \/>\nTratamiento superficial de la hoja: Stonewash<br \/>\nMaterial del mango: G10 negro fresado<br \/>\nMaterial de la funda: Fibra de carbono Acabado Kydex<br \/>\nPeso: 6,4 onzas.<br \/>\nPeso con estuche: 10,1 oz.<br \/>\nDise\u00f1ador: Sebasti\u00e1n Berenji<br \/>\nHecho en EE.UU<\/p>\n<p><iframe title=\"Microtech Combat Troodon Torture Test\" width=\"800\" height=\"450\" src=\"https:\/\/www.youtube.com\/embed\/xE9TeOFYEjg?feature=oembed\" frameborder=\"0\" allow=\"accelerometer; autoplay; clipboard-write; encrypted-media; gyroscope; picture-in-picture; web-share\" allowfullscreen><\/iframe><\/p>\n<p>&nbsp;<\/p>\n","protected":false},"excerpt":{"rendered":"<p>A lo largo de los a\u00f1os, Microtech\u00ae Knives ha llenado los cuchillos con pasi\u00f3n y habilidad para crear casi obras de arte que son el pin\u00e1culo de la funcionalidad. Todas las piezas se fabrican en los EE. UU.<br \/>\n<strong>Todos los cuchillos Microtech vienen con una garant\u00eda de por vida.<\/strong><\/p>\n<p><strong>Transporte gratuito.<\/strong><\/p>\n","protected":false},"featured_media":318618,"comment_status":"open","ping_status":"closed","template":"","meta":[],"pwb-brand":[3752],"product_brand":[],"product_cat":[3726,3727],"product_tag":[3756],"class_list":{"0":"post-318611","1":"product","2":"type-product","3":"status-publish","4":"has-post-thumbnail","6":"pwb-brand-microtecnologia","7":"product_cat-cuchillos","8":"product_cat-cuchillos-macizos","9":"product_tag-b2b-es","11":"first","12":"outofstock","13":"taxable","14":"shipping-taxable","15":"purchasable","16":"product-type-simple"},"brands":[{"id":3752,"name":"microtecnolog\u00eda","slug":"microtecnologia"}],"_links":{"self":[{"href":"https:\/\/www.moskito.cz\/es\/wp-json\/wp\/v2\/product\/318611","targetHints":{"allow":["GET"]}}],"collection":[{"href":"https:\/\/www.moskito.cz\/es\/wp-json\/wp\/v2\/product"}],"about":[{"href":"https:\/\/www.moskito.cz\/es\/wp-json\/wp\/v2\/types\/product"}],"replies":[{"embeddable":true,"href":"https:\/\/www.moskito.cz\/es\/wp-json\/wp\/v2\/comments?post=318611"}],"wp:featuredmedia":[{"embeddable":true,"href":"https:\/\/www.moskito.cz\/es\/wp-json\/wp\/v2\/media\/318618"}],"wp:attachment":[{"href":"https:\/\/www.moskito.cz\/es\/wp-json\/wp\/v2\/media?parent=318611"}],"wp:term":[{"taxonomy":"pwb-brand","embeddable":true,"href":"https:\/\/www.moskito.cz\/es\/wp-json\/wp\/v2\/pwb-brand?post=318611"},{"taxonomy":"product_brand","embeddable":true,"href":"https:\/\/www.moskito.cz\/es\/wp-json\/wp\/v2\/product_brand?post=318611"},{"taxonomy":"product_cat","embeddable":true,"href":"https:\/\/www.moskito.cz\/es\/wp-json\/wp\/v2\/product_cat?post=318611"},{"taxonomy":"product_tag","embeddable":true,"href":"https:\/\/www.moskito.cz\/es\/wp-json\/wp\/v2\/product_tag?post=318611"}],"curies":[{"name":"wp","href":"https:\/\/api.w.org\/{rel}","templated":true}]}}