{"id":318641,"date":"2021-09-22T13:42:30","date_gmt":"2024-03-18T12:18:25","guid":{"rendered":"https:\/\/www.moskito.cz\/produkt\/cuchillo-fijo-microtech-borka-hojas-lavadas-a-la-piedra-lisas-derradas-201-12\/"},"modified":"2025-08-08T09:36:05","modified_gmt":"2025-08-08T08:36:05","slug":"cuchillo-fijo-microtech-borka-hojas-lavadas-a-la-piedra-lisas-derradas-201-12","status":"publish","type":"product","link":"https:\/\/www.moskito.cz\/es\/produkt\/cuchillo-fijo-microtech-borka-hojas-lavadas-a-la-piedra-lisas-derradas-201-12\/","title":{"rendered":"Cuchillo Fijo Microtech Borka Hojas Lavadas A La Piedra Lisas\/Derradas 201-12"},"content":{"rendered":"<p>Cuchillo Fijo <strong>Microtech<\/strong> Hojas Borka Lavadas a la Piedra Lisas\/Derradas 201-12.<\/p>\n<p>La hoja fija SBD es una pieza amenazadora del fabricante de cuchillos Sebastjan Berenji, tambi\u00e9n conocido como Borka, basada en su dise\u00f1o SBK. Es una evoluci\u00f3n del SBK que ten\u00eda la forma alta de la hoja persa y la reemplaz\u00f3 con una forma ancha de daga de doble filo, de ah\u00ed la D en el nombre. Cuenta con cuatro hermosos biseles que culminan en una punta perfecta, un bonito protector para los dedos y un surco ensangrentado con agujeros para aligerar. El mango est\u00e1 fabricado en G10 bellamente fresado para un agarre ergon\u00f3mico agradable, creando una armon\u00eda perfecta entre el usuario y la herramienta. Tiene forma en los lugares correctos, lo que le permite indexar el cuchillo en m\u00faltiples agarres. El SBD compacto irradia destreza t\u00e1ctica con el estilo que es un elemento b\u00e1sico de Borka Blades y viene en un acabado de fricci\u00f3n de fibra de carbono recubierto de Kydex con Tek-Lok. Fabricado en Estados Unidos por Microtech Knives.<br \/>\nEspecificaciones<\/p>\n<p>Longitud de la hoja: 11 cm<br \/>\nLongitud total: 22,5 cm.<br \/>\nMaterial de la hoja: M390<br \/>\nEstilo de hoja: Daga de doble filo<br \/>\nRectificado de la hoja: Plano<br \/>\nTratamiento superficial de la hoja: Stonewash<br \/>\nMaterial del mango: G10 negro fresado<br \/>\nMaterial de la funda: Fibra de carbono Kydex<br \/>\nPeso: 6,4 onzas.<br \/>\nPeso con funda: 10,1 oz.<br \/>\nDise\u00f1ador: Sebasti\u00e1n Berenji<br \/>\nHecho en EE.UU<\/p>\n<p><iframe title=\"Microtech Combat Troodon Torture Test\" width=\"800\" height=\"450\" src=\"https:\/\/www.youtube.com\/embed\/xE9TeOFYEjg?feature=oembed\" frameborder=\"0\" allow=\"accelerometer; autoplay; clipboard-write; encrypted-media; gyroscope; picture-in-picture; web-share\" allowfullscreen><\/iframe><\/p>\n<p>&nbsp;<\/p>\n<p>Borka Blades SBD Hoja fija de doble filo, lavado a la piedra<br \/>\nmicrotecnolog\u00eda<\/p>\n<p>La hoja fija SBD es una pieza amenazadora del fabricante de cuchillos personalizados Sebastijan Berenji, tambi\u00e9n conocido como Borka, basada en su dise\u00f1o SBK. Es una evoluci\u00f3n del SBK, que ten\u00eda una forma de hoja persa arqueada hacia arriba, reemplaz\u00e1ndola por una forma de daga ancha de doble filo, de ah\u00ed la D en el nombre. Cuenta con cuatro magn\u00edficos biseles que culminan en una punta perfecta, un bonito protector para los dedos y un surco para sangre con orificios para aclarar. El mango est\u00e1 hecho de G10 bellamente fresado para un agarre ergon\u00f3mico agradable, creando la armon\u00eda perfecta entre el usuario y el instrumento. Est\u00e1 contorneado en los lugares correctos para permitirle indexar el cuchillo en m\u00faltiples agarres. El SBD compacto emana destreza t\u00e1ctica con el estilo que es un elemento b\u00e1sico de Borka Blades y viene en una funda Kydex con acabado de fibra de carbono con ajuste de fricci\u00f3n y Tek-Lok. Fabricado en Estados Unidos por Microtech Knives.<br \/>\nEspecificaciones<\/p>\n<p>Longitud de la hoja: 4.375&#8243;<br \/>\nFilo: 4,25&#8243;<br \/>\nLongitud del mango: 4.50&#8243;<br \/>\nLongitud total: 9.0&#8243;<br \/>\nMaterial de la hoja: El acero de la hoja para este a\u00f1o ser\u00e1 M390; hasta agotar existencias de metal, las hojas tambi\u00e9n pueden ser Elmax o CTS-240P.<br \/>\nGrosor de la hoja: 0,195&#8243;<br \/>\nEstilo de hoja: Daga de doble filo<br \/>\nRectificado de la hoja: Plano<br \/>\nAcabado de la hoja: Lavado a la piedra<br \/>\nMaterial del mango: G10 negro fresado<br \/>\nGrosor del mango: 0,68&#8243;<br \/>\nMaterial de la funda: Fibra de carbono Acabado Kydex<br \/>\nPeso: 6,4 onzas.<br \/>\nPeso con funda: 10,1 oz.<br \/>\nDise\u00f1ador: Sebasti\u00e1n Berenji<br \/>\nHecho en los EE.UU.<\/p>\n<p>&nbsp;<\/p>\n","protected":false},"excerpt":{"rendered":"<div class=\"elementor-element elementor-element-bbb542b elementor-widget elementor-widget-woocommerce-product-short-description\" data-id=\"bbb542b\" data-element_type=\"widget\" data-widget_type=\"woocommerce-product-short-description.default\">\n<div class=\"elementor-widget-container\">\n<div class=\"woocommerce-product-details__short-description\">\n<p>A lo largo de los a\u00f1os <strong>, Microtech\u00ae Knives<\/strong> ha llenado los cuchillos con pasi\u00f3n y habilidad para crear casi obras de arte que son el pin\u00e1culo de la funcionalidad. Todas las piezas se fabrican en los EE. UU.<br \/>\n<strong>Todos los cuchillos Microtech vienen con una garant\u00eda de por vida.<\/strong><\/p>\n<p><strong>Transporte gratuito.<\/strong><\/p>\n<\/div>\n<\/div>\n<\/div>\n<p>&nbsp;<\/p>\n<p>&nbsp;<\/p>\n","protected":false},"featured_media":318648,"comment_status":"open","ping_status":"closed","template":"","meta":[],"pwb-brand":[3752],"product_brand":[],"product_cat":[3727,3726],"product_tag":[3756],"class_list":{"0":"post-318641","1":"product","2":"type-product","3":"status-publish","4":"has-post-thumbnail","6":"pwb-brand-microtecnologia","7":"product_cat-cuchillos-macizos","8":"product_cat-cuchillos","9":"product_tag-b2b-es","11":"first","12":"instock","13":"taxable","14":"shipping-taxable","15":"purchasable","16":"product-type-simple"},"brands":[{"id":3752,"name":"microtecnolog\u00eda","slug":"microtecnologia"}],"_links":{"self":[{"href":"https:\/\/www.moskito.cz\/es\/wp-json\/wp\/v2\/product\/318641","targetHints":{"allow":["GET"]}}],"collection":[{"href":"https:\/\/www.moskito.cz\/es\/wp-json\/wp\/v2\/product"}],"about":[{"href":"https:\/\/www.moskito.cz\/es\/wp-json\/wp\/v2\/types\/product"}],"replies":[{"embeddable":true,"href":"https:\/\/www.moskito.cz\/es\/wp-json\/wp\/v2\/comments?post=318641"}],"wp:featuredmedia":[{"embeddable":true,"href":"https:\/\/www.moskito.cz\/es\/wp-json\/wp\/v2\/media\/318648"}],"wp:attachment":[{"href":"https:\/\/www.moskito.cz\/es\/wp-json\/wp\/v2\/media?parent=318641"}],"wp:term":[{"taxonomy":"pwb-brand","embeddable":true,"href":"https:\/\/www.moskito.cz\/es\/wp-json\/wp\/v2\/pwb-brand?post=318641"},{"taxonomy":"product_brand","embeddable":true,"href":"https:\/\/www.moskito.cz\/es\/wp-json\/wp\/v2\/product_brand?post=318641"},{"taxonomy":"product_cat","embeddable":true,"href":"https:\/\/www.moskito.cz\/es\/wp-json\/wp\/v2\/product_cat?post=318641"},{"taxonomy":"product_tag","embeddable":true,"href":"https:\/\/www.moskito.cz\/es\/wp-json\/wp\/v2\/product_tag?post=318641"}],"curies":[{"name":"wp","href":"https:\/\/api.w.org\/{rel}","templated":true}]}}