{"id":318758,"date":"2024-03-18T13:34:09","date_gmt":"2024-03-18T12:37:19","guid":{"rendered":"https:\/\/www.moskito.cz\/produkt\/cuchillo-de-tiro-microtech-borka-blades-puntada-tactica-169-2t\/"},"modified":"2025-05-07T11:05:14","modified_gmt":"2025-05-07T10:05:14","slug":"cuchillo-de-tiro-microtech-borka-blades-puntada-tactica-169-2t","status":"publish","type":"product","link":"https:\/\/www.moskito.cz\/es\/produkt\/cuchillo-de-tiro-microtech-borka-blades-puntada-tactica-169-2t\/","title":{"rendered":"Cuchillo de tiro Microtech\/Borka Blades Puntada t\u00e1ctica 169-2T"},"content":{"rendered":"<p>Cuchillo de tiro <strong>Microtech\/Borka<\/strong> Blades Tactical Stitch 169-2T.<\/p>\n<p>Una hermosa colaboraci\u00f3n t\u00e1ctica entre Tony Marfione y Sebastijan Berenji, tambi\u00e9n conocido como Borka. Toma el incre\u00edble dise\u00f1o de Stitch de Sebastijan y lo combina con la incre\u00edble apertura autom\u00e1tica de Tony para crear una de las colaboraciones de producci\u00f3n m\u00e1s sorprendentes de 2017. La hoja de punta de lanza de 3.625&#8243; presenta un rectificado plano, un acabado apocal\u00edptico y moleteado en los dedos y la rampa del pulgar. una compra excelente para operaciones de corte m\u00e1s finas. El mango es de aluminio muy fresado con un acabado anodizado negro Mil-Spec Hardcoat y un espaciador posterior de aluminio. Se dispara como un cohete y se bloquea firmemente, lo cual es una haza\u00f1a impresionante considerando que es un AUTO. Este es el modelo de producci\u00f3n tan esperado de la famosa costumbre, que le brinda la oportunidad de poseer un cuchillo Borka por una fracci\u00f3n del precio.<\/p>\n<p>Especificaciones:<\/p>\n<p>Longitud de la hoja: 8,5 cm<br \/>\nLongitud del mango: 12,5 cm<br \/>\nLongitud total: 21 cm<br \/>\nAcero: M390<br \/>\nEstilo de hoja: punta de lanza<br \/>\nRectificado de la hoja: Plano<br \/>\nAcabado de la hoja: DLC negro<br \/>\nMaterial del mango: Aluminio fresado, revestimiento duro anodizado Mil-Spec<br \/>\nMecanismo de bloqueo: Bot\u00f3n<br \/>\nClip de bolsillo: Acero inoxidable (desplegable, para uso en la mano derecha)<br \/>\nPeso: 6,3 onzas.<br \/>\nDise\u00f1adores: Sebastijan Berenji y Tony Marfione<br \/>\nHecho en EE.UU<\/p>\n<p><iframe title=\"Microtech Combat Troodon Torture Test\" width=\"800\" height=\"450\" src=\"https:\/\/www.youtube.com\/embed\/xE9TeOFYEjg?feature=oembed\" frameborder=\"0\" allow=\"accelerometer; autoplay; clipboard-write; encrypted-media; gyroscope; picture-in-picture; web-share\" allowfullscreen><\/iframe><\/p>\n<p>&nbsp;<\/p>\n","protected":false},"excerpt":{"rendered":"<div class=\"elementor-element elementor-element-bbb542b elementor-widget elementor-widget-woocommerce-product-short-description\" data-id=\"bbb542b\" data-element_type=\"widget\" data-widget_type=\"woocommerce-product-short-description.default\">\n<div class=\"elementor-widget-container\">\n<div class=\"woocommerce-product-details__short-description\">\n<p><strong>A lo largo de los a\u00f1os, Microtech\u00ae Knives ha llenado los cuchillos con pasi\u00f3n y habilidad para crear casi obras de arte que son el pin\u00e1culo de la funcionalidad. Todas las piezas se fabrican en los EE. UU.<\/strong><br \/>\n<strong>Todos los cuchillos Microtech vienen con una garant\u00eda de por vida.<\/strong><\/p>\n<p><strong>Transporte gratuito.<\/strong><\/p>\n<\/div>\n<\/div>\n<\/div>\n","protected":false},"featured_media":318714,"comment_status":"open","ping_status":"closed","template":"","meta":[],"pwb-brand":[3752],"product_brand":[],"product_cat":[3729,3726],"product_tag":[3756],"class_list":{"0":"post-318758","1":"product","2":"type-product","3":"status-publish","4":"has-post-thumbnail","6":"pwb-brand-microtecnologia","7":"product_cat-cuchillos-de-tiro","8":"product_cat-cuchillos","9":"product_tag-b2b-es","11":"first","12":"outofstock","13":"taxable","14":"shipping-taxable","15":"purchasable","16":"product-type-simple"},"brands":[{"id":3752,"name":"microtecnolog\u00eda","slug":"microtecnologia"}],"_links":{"self":[{"href":"https:\/\/www.moskito.cz\/es\/wp-json\/wp\/v2\/product\/318758","targetHints":{"allow":["GET"]}}],"collection":[{"href":"https:\/\/www.moskito.cz\/es\/wp-json\/wp\/v2\/product"}],"about":[{"href":"https:\/\/www.moskito.cz\/es\/wp-json\/wp\/v2\/types\/product"}],"replies":[{"embeddable":true,"href":"https:\/\/www.moskito.cz\/es\/wp-json\/wp\/v2\/comments?post=318758"}],"wp:featuredmedia":[{"embeddable":true,"href":"https:\/\/www.moskito.cz\/es\/wp-json\/wp\/v2\/media\/318714"}],"wp:attachment":[{"href":"https:\/\/www.moskito.cz\/es\/wp-json\/wp\/v2\/media?parent=318758"}],"wp:term":[{"taxonomy":"pwb-brand","embeddable":true,"href":"https:\/\/www.moskito.cz\/es\/wp-json\/wp\/v2\/pwb-brand?post=318758"},{"taxonomy":"product_brand","embeddable":true,"href":"https:\/\/www.moskito.cz\/es\/wp-json\/wp\/v2\/product_brand?post=318758"},{"taxonomy":"product_cat","embeddable":true,"href":"https:\/\/www.moskito.cz\/es\/wp-json\/wp\/v2\/product_cat?post=318758"},{"taxonomy":"product_tag","embeddable":true,"href":"https:\/\/www.moskito.cz\/es\/wp-json\/wp\/v2\/product_tag?post=318758"}],"curies":[{"name":"wp","href":"https:\/\/api.w.org\/{rel}","templated":true}]}}