{"id":318787,"date":"2022-10-08T11:56:42","date_gmt":"2024-03-18T12:48:38","guid":{"rendered":"https:\/\/www.moskito.cz\/produkt\/cuchillo-fijo-microtech-bastinelli-creations-signature-series-215-1-dlcs\/"},"modified":"2025-05-07T11:05:15","modified_gmt":"2025-05-07T10:05:15","slug":"cuchillo-fijo-microtech-bastinelli-creations-signature-series-215-1-dlcs","status":"publish","type":"product","link":"https:\/\/www.moskito.cz\/es\/produkt\/cuchillo-fijo-microtech-bastinelli-creations-signature-series-215-1-dlcs\/","title":{"rendered":"Cuchillo fijo Microtech\/Bastinelli Creations Signature Series 215-1 DLCS"},"content":{"rendered":"<p>Cuchillo fijo <strong>Microtech\/Bastinelli<\/strong> Creations Signature Series 215-1 DLCS.<\/p>\n<p>El Feather es el tipo de cuchillo que simplemente hace el trabajo. Sin lujos, campanas ni silbatos, es una pieza mecanizada de acero para herramientas D2 con una hoja de halc\u00f3n devastadora, un anillo me\u00f1ique y una textura excelente en el mango. Esta hoja fija de una sola pieza est\u00e1 dise\u00f1ada para sacarse de la funda en un instante y estar lista para funcionar de inmediato. La funda Kydex con corte por fricci\u00f3n incluida cuenta con un clip de transporte discreto (IWB) que mantiene el cuchillo a mano y listo para atacar. Brilla en un escenario t\u00e1ctico de \u00faltimo recurso, pero funciona tan bien como una hoja fija para el transporte diario.<\/p>\n<p>Especificaciones<br \/>\nLongitud de la hoja: 7,5 cm<br \/>\nFilo: 7,18 cm.<br \/>\nLongitud del mango: 12,5 cm<br \/>\nLongitud total: 20 cm<br \/>\nMaterial de la hoja: Acero para herramientas D2<br \/>\nGrosor de la hoja: 0,36 cm.<br \/>\nEstilo de hoja: Hawkbill<br \/>\nRectificado de la hoja: Plano<br \/>\nAcabado de la hoja: DLC negro<br \/>\nMaterial del mango: Acero para herramientas D2<br \/>\nMaterial de la funda: Kydex con clip IWB<br \/>\nPeso: 2,4 onzas.<br \/>\nPeso con estuche: 3,7 oz.<br \/>\nHecho en EE.UU<\/p>\n<p><iframe title=\"Microtech Combat Troodon Torture Test\" width=\"800\" height=\"450\" src=\"https:\/\/www.youtube.com\/embed\/xE9TeOFYEjg?feature=oembed\" frameborder=\"0\" allow=\"accelerometer; autoplay; clipboard-write; encrypted-media; gyroscope; picture-in-picture; web-share\" allowfullscreen><\/iframe><\/p>\n<p>&nbsp;<\/p>\n<p>&nbsp;<\/p>\n","protected":false},"excerpt":{"rendered":"<p><strong>A lo largo de los a\u00f1os, Microtech\u00ae Knives ha llenado los cuchillos con pasi\u00f3n y habilidad para crear casi obras de arte que son el pin\u00e1culo de la funcionalidad. Todas las piezas se fabrican en los EE. UU.<\/strong><br \/>\n<strong>Todos los cuchillos Microtech vienen con una garant\u00eda de por vida.<\/strong><\/p>\n<p><strong>Transporte gratuito.<\/strong><\/p>\n","protected":false},"featured_media":318788,"comment_status":"open","ping_status":"closed","template":"","meta":[],"pwb-brand":[3752],"product_brand":[],"product_cat":[3726,3727],"product_tag":[3756],"class_list":{"0":"post-318787","1":"product","2":"type-product","3":"status-publish","4":"has-post-thumbnail","6":"pwb-brand-microtecnologia","7":"product_cat-cuchillos","8":"product_cat-cuchillos-macizos","9":"product_tag-b2b-es","11":"first","12":"outofstock","13":"taxable","14":"shipping-taxable","15":"purchasable","16":"product-type-simple"},"brands":[{"id":3752,"name":"microtecnolog\u00eda","slug":"microtecnologia"}],"_links":{"self":[{"href":"https:\/\/www.moskito.cz\/es\/wp-json\/wp\/v2\/product\/318787","targetHints":{"allow":["GET"]}}],"collection":[{"href":"https:\/\/www.moskito.cz\/es\/wp-json\/wp\/v2\/product"}],"about":[{"href":"https:\/\/www.moskito.cz\/es\/wp-json\/wp\/v2\/types\/product"}],"replies":[{"embeddable":true,"href":"https:\/\/www.moskito.cz\/es\/wp-json\/wp\/v2\/comments?post=318787"}],"wp:featuredmedia":[{"embeddable":true,"href":"https:\/\/www.moskito.cz\/es\/wp-json\/wp\/v2\/media\/318788"}],"wp:attachment":[{"href":"https:\/\/www.moskito.cz\/es\/wp-json\/wp\/v2\/media?parent=318787"}],"wp:term":[{"taxonomy":"pwb-brand","embeddable":true,"href":"https:\/\/www.moskito.cz\/es\/wp-json\/wp\/v2\/pwb-brand?post=318787"},{"taxonomy":"product_brand","embeddable":true,"href":"https:\/\/www.moskito.cz\/es\/wp-json\/wp\/v2\/product_brand?post=318787"},{"taxonomy":"product_cat","embeddable":true,"href":"https:\/\/www.moskito.cz\/es\/wp-json\/wp\/v2\/product_cat?post=318787"},{"taxonomy":"product_tag","embeddable":true,"href":"https:\/\/www.moskito.cz\/es\/wp-json\/wp\/v2\/product_tag?post=318787"}],"curies":[{"name":"wp","href":"https:\/\/api.w.org\/{rel}","templated":true}]}}