{"id":318796,"date":"2024-03-14T17:14:52","date_gmt":"2024-03-18T13:02:39","guid":{"rendered":"https:\/\/www.moskito.cz\/produkt\/cuchillo-de-cierre-emerson-combat-systems-fighter\/"},"modified":"2025-05-07T11:05:16","modified_gmt":"2025-05-07T10:05:16","slug":"cuchillo-de-cierre-emerson-combat-systems-fighter","status":"publish","type":"product","link":"https:\/\/www.moskito.cz\/es\/produkt\/cuchillo-de-cierre-emerson-combat-systems-fighter\/","title":{"rendered":"Cuchillo de cierre Emerson Combat Systems Fighter"},"content":{"rendered":"<p>Cuchillo de cierre <strong>Emerson<\/strong> Combat Systems Fighter<\/p>\n<p>El sistema de combate de Emerson se basa en principios y atributos. Los principios son las cosas que funcionan en un entorno de combate, y los atributos son el conjunto de habilidades y la actitud que un individuo aporta al combate. Como instructor y miembro del Sal\u00f3n de la Fama del Cintur\u00f3n Negro <strong>, Ernest Emerson<\/strong> ha ense\u00f1ado su sistema a militares, fuerzas del orden y civiles de todo el mundo. Como dise\u00f1ador de cuchillos, ha creado algunas de las armas blancas m\u00e1s reconocidas y buscadas del mundo. Ernest Emerson conoce \u00edntimamente cu\u00e1les son estos principios y atributos. Dos de estos principios, econom\u00eda de movimiento y eficiencia de acci\u00f3n, se expresan dram\u00e1ticamente en perfecto equilibrio en el Emerson Combat Systems Fighter. ECS Fighter es simple, brutal y elegante. En t\u00e9rminos de actitud, es puro <strong>Emerson<\/strong> . T\u00fa decides por ti mismo.<\/p>\n<p>Tallos: G-10<br \/>\nHoja de acero: 154 cm.<br \/>\nAcabado: Lavado a la piedra o revestimiento negro<br \/>\nLongitud total: 22,25 cm.<br \/>\nLongitud de la hoja: 9,5 cm<br \/>\nGrosor de la hoja 0,125 pulgadas.<br \/>\nDureza 57-59RC<\/p>\n<p>&nbsp;<\/p>\n","protected":false},"excerpt":{"rendered":"<p><strong>LOS CUCHILLOS EMERSON SON BUSCADOS POR MILITARES DE \u00c9LITE Y APLICACIONES DE LA LEY<\/strong><br \/>\n<strong>POR TROPAS DE TODO EL MUNDO Y ESTABLECE EL EST\u00c1NDAR POR EL CUAL SE JUZGAN TODOS LOS DEM\u00c1S CUCHILLOS T\u00c1CTICOS.<\/strong><\/p>\n<p>Transporte gratuito.<\/p>\n","protected":false},"featured_media":316546,"comment_status":"open","ping_status":"closed","template":"","meta":[],"pwb-brand":[3782],"product_brand":[],"product_cat":[3730,3726],"product_tag":[],"class_list":{"0":"post-318796","1":"product","2":"type-product","3":"status-publish","4":"has-post-thumbnail","6":"pwb-brand-emerson-es","7":"product_cat-cuchillas-de-cierre","8":"product_cat-cuchillos","10":"first","11":"outofstock","12":"taxable","13":"shipping-taxable","14":"purchasable","15":"product-type-simple"},"brands":[{"id":3782,"name":"emerson","slug":"emerson-es"}],"_links":{"self":[{"href":"https:\/\/www.moskito.cz\/es\/wp-json\/wp\/v2\/product\/318796","targetHints":{"allow":["GET"]}}],"collection":[{"href":"https:\/\/www.moskito.cz\/es\/wp-json\/wp\/v2\/product"}],"about":[{"href":"https:\/\/www.moskito.cz\/es\/wp-json\/wp\/v2\/types\/product"}],"replies":[{"embeddable":true,"href":"https:\/\/www.moskito.cz\/es\/wp-json\/wp\/v2\/comments?post=318796"}],"wp:featuredmedia":[{"embeddable":true,"href":"https:\/\/www.moskito.cz\/es\/wp-json\/wp\/v2\/media\/316546"}],"wp:attachment":[{"href":"https:\/\/www.moskito.cz\/es\/wp-json\/wp\/v2\/media?parent=318796"}],"wp:term":[{"taxonomy":"pwb-brand","embeddable":true,"href":"https:\/\/www.moskito.cz\/es\/wp-json\/wp\/v2\/pwb-brand?post=318796"},{"taxonomy":"product_brand","embeddable":true,"href":"https:\/\/www.moskito.cz\/es\/wp-json\/wp\/v2\/product_brand?post=318796"},{"taxonomy":"product_cat","embeddable":true,"href":"https:\/\/www.moskito.cz\/es\/wp-json\/wp\/v2\/product_cat?post=318796"},{"taxonomy":"product_tag","embeddable":true,"href":"https:\/\/www.moskito.cz\/es\/wp-json\/wp\/v2\/product_tag?post=318796"}],"curies":[{"name":"wp","href":"https:\/\/api.w.org\/{rel}","templated":true}]}}