{"id":318839,"date":"2019-04-14T16:47:41","date_gmt":"2024-03-18T13:13:04","guid":{"rendered":"https:\/\/www.moskito.cz\/produkt\/navaja-damasco-plegable-boker-leopard-damast-iii-110239dam\/"},"modified":"2025-07-11T07:48:28","modified_gmt":"2025-07-11T06:48:28","slug":"navaja-damasco-plegable-boker-leopard-damast-iii-110239dam","status":"publish","type":"product","link":"https:\/\/www.moskito.cz\/es\/produkt\/navaja-damasco-plegable-boker-leopard-damast-iii-110239dam\/","title":{"rendered":"Navaja damasco plegable B\u00f6ker Leopard-Damast III 110239DAM"},"content":{"rendered":"<p>Navaja damasco plegable B\u00f6ker <strong>Leopard-Damast III<\/strong> 110239DAM.<\/p>\n<p>Muchos clientes de Boker les han pedido que ofrezcan la edici\u00f3n Boker Leopard Damascus III Collection con aletas y perilla para el pulgar. Este cuchillo de colecci\u00f3n tiene una hermosa incrustaci\u00f3n de Damasco de 180 capas de acero inoxidable, h\u00e1bilmente colocada a mano en la escala del mango. Esto le da a la navaja de bolsillo un nuevo atractivo, ya que el inserto de damasco con su elegante patr\u00f3n combina muy bien con la hoja Leopard Damascus forjada a mano. El legendario acero para hojas Boker ha sido uno de los favoritos en la comunidad de cuchillos durante muchos a\u00f1os. Est\u00e1 fabricado a partir del ca\u00f1\u00f3n de un tanque Leopard, tiene 300 capas y una dureza de 61 a 63 HRC. Con clip de bolsillo de doble cara (plegar\/plegar). Viene con estuche de marco, certificado de autenticidad y n\u00famero de serie individual.<br \/>\nacero de damasco<\/p>\n<p>El acero de Damasco es el nombre de un tipo de acero que fue muy popular en la Edad Media y principios de la Edad Moderna. Debe su nombre a la ciudad siria de Damasco, antiguo centro comercial de cuchillos y espadas con este tipo de hoja. El acero de Damasco no se usa tan ampliamente hoy en d\u00eda como el acero inoxidable o el acero al carbono, pero todav\u00eda se valora por su apariencia decorativa.<\/p>\n<p>El acero de Damasco es un acero compuesto, es decir, un acero formado por dos o m\u00e1s bases de acero con diferentes propiedades. El producto terminado tiene una textura claramente visible de capas alternas de materiales base. Para fabricar un compuesto, se utilizan dos o m\u00e1s tipos de acero para lograr un producto terminado que combine sus fortalezas. El acero de Damasco se desarroll\u00f3 para compensar las desventajas del acero como material para fabricar espadas, cuchillos y otras armas. El uso de acero duro o blando para fabricar hojas tuvo ventajas y desventajas espec\u00edficas: las hojas de acero duro son muy fuertes y mantienen su filo durante mucho tiempo, pero tambi\u00e9n son quebradizas y se rompen r\u00e1pidamente. Las hojas de acero dulce, por el contrario, no se rompen, sino que se doblan r\u00e1pidamente y pierden su filo.<\/p>\n<p>La combinaci\u00f3n de acero duro y blando t\u00edpica de Damasco da como resultado un producto terminado que no se rompe (como el acero dulce) y al mismo tiempo ofrece una buena retenci\u00f3n de los bordes (como el acero duro). Los materiales b\u00e1sicos del acero de Damasco suelen estar soldados entre s\u00ed. Las capas de acero se sueldan mediante forjado seg\u00fan el principio b\u00e1sico: las capas de acero m\u00e1s finas se unen mejor y m\u00e1s f\u00e1cilmente. No es raro soldar varios cientos de capas en una sola hoja.<\/p>\n<p>El acero de Damasco ya no juega un papel en la fabricaci\u00f3n de hojas hoy en d\u00eda debido a la disponibilidad de productos monoacero (hechos de un tipo de acero) que ofrecen las mismas propiedades que se logran en el acero de Damasco al combinar dos o m\u00e1s tipos de acero. El acero de Damasco todav\u00eda se valora por su exterior decorativo y su larga historia.<\/p>\n<p>Longitud total: 22,5 cm.<br \/>\nLongitud de la hoja: 9,7 cm<br \/>\nGrosor de la hoja: 3,5 mm<br \/>\nPeso: 156 gramos<br \/>\nMaterial de la hoja: acero de Damasco<\/p>\n","protected":false},"excerpt":{"rendered":"<p>B\u00f6ker Solingen Manufaktur contin\u00faa la tradici\u00f3n alemana de cuchillos famosos desde 1869.<br \/>\nTransporte gratuito.<\/p>\n","protected":false},"featured_media":318803,"comment_status":"open","ping_status":"closed","template":"","meta":[],"pwb-brand":[3800],"product_brand":[],"product_cat":[3726,3764],"product_tag":[],"class_list":{"0":"post-318839","1":"product","2":"type-product","3":"status-publish","4":"has-post-thumbnail","6":"pwb-brand-boker-es","7":"product_cat-cuchillos","8":"product_cat-cuchillos-damasquinados","10":"first","11":"instock","12":"taxable","13":"shipping-taxable","14":"purchasable","15":"product-type-simple"},"brands":[{"id":3800,"name":"B\u00f3ker","slug":"boker-es"}],"_links":{"self":[{"href":"https:\/\/www.moskito.cz\/es\/wp-json\/wp\/v2\/product\/318839","targetHints":{"allow":["GET"]}}],"collection":[{"href":"https:\/\/www.moskito.cz\/es\/wp-json\/wp\/v2\/product"}],"about":[{"href":"https:\/\/www.moskito.cz\/es\/wp-json\/wp\/v2\/types\/product"}],"replies":[{"embeddable":true,"href":"https:\/\/www.moskito.cz\/es\/wp-json\/wp\/v2\/comments?post=318839"}],"wp:featuredmedia":[{"embeddable":true,"href":"https:\/\/www.moskito.cz\/es\/wp-json\/wp\/v2\/media\/318803"}],"wp:attachment":[{"href":"https:\/\/www.moskito.cz\/es\/wp-json\/wp\/v2\/media?parent=318839"}],"wp:term":[{"taxonomy":"pwb-brand","embeddable":true,"href":"https:\/\/www.moskito.cz\/es\/wp-json\/wp\/v2\/pwb-brand?post=318839"},{"taxonomy":"product_brand","embeddable":true,"href":"https:\/\/www.moskito.cz\/es\/wp-json\/wp\/v2\/product_brand?post=318839"},{"taxonomy":"product_cat","embeddable":true,"href":"https:\/\/www.moskito.cz\/es\/wp-json\/wp\/v2\/product_cat?post=318839"},{"taxonomy":"product_tag","embeddable":true,"href":"https:\/\/www.moskito.cz\/es\/wp-json\/wp\/v2\/product_tag?post=318839"}],"curies":[{"name":"wp","href":"https:\/\/api.w.org\/{rel}","templated":true}]}}