{"id":319084,"date":"2022-09-19T21:27:12","date_gmt":"2022-09-19T20:27:12","guid":{"rendered":"https:\/\/www.moskito.cz\/produkt\/cuchillo-fijo-extrema-ratio-nk3-a-la-piedra\/"},"modified":"2025-05-07T11:05:22","modified_gmt":"2025-05-07T10:05:22","slug":"cuchillo-fijo-extrema-ratio-nk3-a-la-piedra","status":"publish","type":"product","link":"https:\/\/www.moskito.cz\/es\/produkt\/cuchillo-fijo-extrema-ratio-nk3-a-la-piedra\/","title":{"rendered":"Cuchillo Fijo Extrema Ratio NK3 A LA PIEDRA"},"content":{"rendered":"<p>Cuchillo Fijo <strong>Extrema Ratio<\/strong> NK3 A LA PIEDRA.<\/p>\n<p>Fabricado en acero N690, con ranura para sangre en la hoja y anilla en la parte posterior del mango. Gracias a la funda de kydex, se puede llevar colgado del cuello o, ensamblado con otros accesorios especiales (deben adquirirse por separado), se puede fijar a un cintur\u00f3n o a la funda del sistema Extrema Ratio cordura MOLLE. Viene en versiones negro, piedra y desierto. Disponible pero no incluido: CLIP PARA CINTUR\u00d3N (para sujetar la funda al cintur\u00f3n), SISTEMA DEBAJO DE LA CAMISA de pol\u00edmero (para transporte oculto)<\/p>\n<p>PESO G: 95<br \/>\nPESO ONZAS: 3.35<br \/>\nLONGITUD DE LA HOJA (MM): 70<br \/>\nLARGO DE LA HOJA (PULGADAS): 2,75<br \/>\nLONGITUD TOTAL (MM): 172<br \/>\nLONGITUD TOTAL (H): 6,77<br \/>\nGROSOR DE LA HOJA (MM): 6,3<br \/>\nGROSOR DE LA HOJA (PULGADAS): 0,24<br \/>\nMATERIAL DE LA HOJA: ACERO B\u00d6HLER N690 (58HRC)<br \/>\nTRATAMIENTO DE LA SUPERFICIE DE LA HOJA: LAVADO A LA PIEDRA<br \/>\nREJILLA PRINCIPAL: PLANA<br \/>\nMATERIAL MANGO: ACERO B\u00d6HLER N690 (58HRC)<\/p>\n","protected":false},"excerpt":{"rendered":"<p>Con sede en Prato, Italia <strong>, Extrema Ratio<\/strong> ha estado dise\u00f1ando y fabricando cuchillos t\u00e1cticos, militares, de cocina, de cocina y de combate de alto rendimiento desde 1997 y tiene una reputaci\u00f3n de calidad superior insuperable en la industria de cuchillos militares y t\u00e1cticos. <strong>Transporte gratuito.<\/strong><\/p>\n","protected":false},"featured_media":319090,"comment_status":"open","ping_status":"closed","template":"","meta":[],"pwb-brand":[3766],"product_brand":[],"product_cat":[3727,3726],"product_tag":[3756],"class_list":{"0":"post-319084","1":"product","2":"type-product","3":"status-publish","4":"has-post-thumbnail","6":"pwb-brand-relacion-extrema","7":"product_cat-cuchillos-macizos","8":"product_cat-cuchillos","9":"product_tag-b2b-es","11":"first","12":"outofstock","13":"taxable","14":"shipping-taxable","15":"purchasable","16":"product-type-simple"},"brands":[{"id":3766,"name":"Relaci\u00f3n extrema","slug":"relacion-extrema"}],"_links":{"self":[{"href":"https:\/\/www.moskito.cz\/es\/wp-json\/wp\/v2\/product\/319084","targetHints":{"allow":["GET"]}}],"collection":[{"href":"https:\/\/www.moskito.cz\/es\/wp-json\/wp\/v2\/product"}],"about":[{"href":"https:\/\/www.moskito.cz\/es\/wp-json\/wp\/v2\/types\/product"}],"replies":[{"embeddable":true,"href":"https:\/\/www.moskito.cz\/es\/wp-json\/wp\/v2\/comments?post=319084"}],"wp:featuredmedia":[{"embeddable":true,"href":"https:\/\/www.moskito.cz\/es\/wp-json\/wp\/v2\/media\/319090"}],"wp:attachment":[{"href":"https:\/\/www.moskito.cz\/es\/wp-json\/wp\/v2\/media?parent=319084"}],"wp:term":[{"taxonomy":"pwb-brand","embeddable":true,"href":"https:\/\/www.moskito.cz\/es\/wp-json\/wp\/v2\/pwb-brand?post=319084"},{"taxonomy":"product_brand","embeddable":true,"href":"https:\/\/www.moskito.cz\/es\/wp-json\/wp\/v2\/product_brand?post=319084"},{"taxonomy":"product_cat","embeddable":true,"href":"https:\/\/www.moskito.cz\/es\/wp-json\/wp\/v2\/product_cat?post=319084"},{"taxonomy":"product_tag","embeddable":true,"href":"https:\/\/www.moskito.cz\/es\/wp-json\/wp\/v2\/product_tag?post=319084"}],"curies":[{"name":"wp","href":"https:\/\/api.w.org\/{rel}","templated":true}]}}