{"id":319085,"date":"2022-12-01T21:14:21","date_gmt":"2024-03-18T13:58:08","guid":{"rendered":"https:\/\/www.moskito.cz\/produkt\/cuchillo-fijo-extrema-ratio-nk3-a-negro\/"},"modified":"2025-05-07T11:05:22","modified_gmt":"2025-05-07T10:05:22","slug":"cuchillo-fijo-extrema-ratio-nk3-a-negro","status":"publish","type":"product","link":"https:\/\/www.moskito.cz\/es\/produkt\/cuchillo-fijo-extrema-ratio-nk3-a-negro\/","title":{"rendered":"Cuchillo Fijo Extrema Ratio NK3 A negro"},"content":{"rendered":"<p>Cuchillo Fijo <strong>Extrema Ratio<\/strong> NK3 A negro<\/p>\n<p>Este cuchillo ampl\u00eda nuestra serie de cuchillos de cuello. Viene con una hoja tanto de acero N690, una ranura para sangre en la hoja y un anillo en la parte posterior del mango. Gracias a su funda de kydex, se puede llevar colgado del cuello o, ensamblado con otros accesorios especiales (deben adquirirse por separado), se puede fijar a un cintur\u00f3n o a la funda del sistema Extrema Ratio cordura MOLLE. Viene en versiones negro, piedra y desierto. Disponibles pero no incluidos: BELT-CLIP (para sujetar la funda al cintur\u00f3n), pol\u00edmero DEBAJO DE LA CAMISA (para llevar oculto).<\/p>\n<p>PESO G: 95<br \/>\nPESO ONZAS: 3.35<br \/>\nLONGITUD DE LA HOJA (MM): 70<br \/>\nLARGO DE LA HOJA (PULGADAS): 2,75<br \/>\nLONGITUD TOTAL (MM): 172<br \/>\nLONGITUD TOTAL (H): 6,77<br \/>\nGROSOR DE LA HOJA (MM): 6,3<br \/>\nGROSOR DE LA HOJA (PULGADAS): 0,24<br \/>\nMATERIAL DE LA HOJA: ACERO B\u00d6HLER N690 (58HRC)<br \/>\nACABADO DE LA HOJA: NEGRO<br \/>\nREJILLA PRINCIPAL: PLANA<br \/>\nMATERIAL MANGO: ACERO B\u00d6HLER N690 (58HRC)<\/p>\n","protected":false},"excerpt":{"rendered":"<p>Con sede en Prato, Italia <strong>, Extrema Ratio<\/strong> ha estado dise\u00f1ando y fabricando cuchillos t\u00e1cticos, militares, de cocina, de cocina y de combate de alto rendimiento desde 1997 y tiene una reputaci\u00f3n de calidad superior insuperable en la industria de cuchillos militares y t\u00e1cticos. <strong>Transporte gratuito.<\/strong><\/p>\n","protected":false},"featured_media":319096,"comment_status":"open","ping_status":"closed","template":"","meta":[],"pwb-brand":[3766],"product_brand":[],"product_cat":[3726,3727],"product_tag":[3756],"class_list":{"0":"post-319085","1":"product","2":"type-product","3":"status-publish","4":"has-post-thumbnail","6":"pwb-brand-relacion-extrema","7":"product_cat-cuchillos","8":"product_cat-cuchillos-macizos","9":"product_tag-b2b-es","11":"first","12":"instock","13":"taxable","14":"shipping-taxable","15":"purchasable","16":"product-type-simple"},"brands":[{"id":3766,"name":"Relaci\u00f3n extrema","slug":"relacion-extrema"}],"_links":{"self":[{"href":"https:\/\/www.moskito.cz\/es\/wp-json\/wp\/v2\/product\/319085","targetHints":{"allow":["GET"]}}],"collection":[{"href":"https:\/\/www.moskito.cz\/es\/wp-json\/wp\/v2\/product"}],"about":[{"href":"https:\/\/www.moskito.cz\/es\/wp-json\/wp\/v2\/types\/product"}],"replies":[{"embeddable":true,"href":"https:\/\/www.moskito.cz\/es\/wp-json\/wp\/v2\/comments?post=319085"}],"wp:featuredmedia":[{"embeddable":true,"href":"https:\/\/www.moskito.cz\/es\/wp-json\/wp\/v2\/media\/319096"}],"wp:attachment":[{"href":"https:\/\/www.moskito.cz\/es\/wp-json\/wp\/v2\/media?parent=319085"}],"wp:term":[{"taxonomy":"pwb-brand","embeddable":true,"href":"https:\/\/www.moskito.cz\/es\/wp-json\/wp\/v2\/pwb-brand?post=319085"},{"taxonomy":"product_brand","embeddable":true,"href":"https:\/\/www.moskito.cz\/es\/wp-json\/wp\/v2\/product_brand?post=319085"},{"taxonomy":"product_cat","embeddable":true,"href":"https:\/\/www.moskito.cz\/es\/wp-json\/wp\/v2\/product_cat?post=319085"},{"taxonomy":"product_tag","embeddable":true,"href":"https:\/\/www.moskito.cz\/es\/wp-json\/wp\/v2\/product_tag?post=319085"}],"curies":[{"name":"wp","href":"https:\/\/api.w.org\/{rel}","templated":true}]}}