{"id":319129,"date":"2022-11-09T22:47:14","date_gmt":"2024-03-18T14:04:38","guid":{"rendered":"https:\/\/www.moskito.cz\/produkt\/navaja-fija-extrema-ratio-defender-2-negro\/"},"modified":"2025-05-07T11:05:24","modified_gmt":"2025-05-07T10:05:24","slug":"navaja-fija-extrema-ratio-defender-2-negro","status":"publish","type":"product","link":"https:\/\/www.moskito.cz\/es\/produkt\/navaja-fija-extrema-ratio-defender-2-negro\/","title":{"rendered":"Navaja Fija Extrema Ratio DEFENDER 2 NEGRO"},"content":{"rendered":"<p>Navaja Fija <strong>Extrema Ratio<\/strong> DEFENDER 2 NEGRO.<\/p>\n<p>Variante de combate del modelo Scout 2 con dise\u00f1o ultraplano. La hoja de 118 mm tiene una estructura m\u00e1s ligera gracias al flujo sangu\u00edneo. Se produce en dos versiones: con protecci\u00f3n \u00fanica y asa superior o en la versi\u00f3n DG con protecci\u00f3n doble para un agarre m\u00e1s seguro durante las estocadas. Viene con una funda de kydex negra con un sistema de fijaci\u00f3n MOLLE Disponible en dos versiones NEGRO y LAVADO A PIEDRA<\/p>\n<p>PESO G: 135<br \/>\nPESO EN OZ: 4.76<br \/>\nLONGITUD DE LA HOJA (MM): 118<br \/>\nLONGITUD DE LA HOJA (PULG): 4,64<br \/>\nLONGITUD TOTAL (MM): 232<br \/>\nLONGITUD TOTAL (H): 9,13<br \/>\nGROSOR DE LA HOJA (MM): 5<br \/>\nGROSOR DE LA HOJA (V): 0,19<br \/>\nMATERIAL DE LA HOJA: ACERO B\u00d6HLER N690 (58HRC)<br \/>\nACABADO DEL CUCHILLO: BRULIDO MIL-C-13924<br \/>\nFLECHA DE HOJA: ALAMBRE PLANO<br \/>\nMATERIAL DEL MANGO: FORPRENE<\/p>\n<p>&nbsp;<\/p>\n","protected":false},"excerpt":{"rendered":"<p>Con sede en Prato, Italia, Extrema Ratio ha estado dise\u00f1ando y fabricando cuchillos t\u00e1cticos, militares, de cocina, de cocina y de combate de alto rendimiento desde 1997 y tiene una reputaci\u00f3n de calidad superior insuperable en la industria de cuchillos militares y t\u00e1cticos. <strong>Transporte gratuito.<\/strong><\/p>\n","protected":false},"featured_media":319130,"comment_status":"open","ping_status":"closed","template":"","meta":[],"pwb-brand":[3766],"product_brand":[],"product_cat":[3726,3727],"product_tag":[3756],"class_list":{"0":"post-319129","1":"product","2":"type-product","3":"status-publish","4":"has-post-thumbnail","6":"pwb-brand-relacion-extrema","7":"product_cat-cuchillos","8":"product_cat-cuchillos-macizos","9":"product_tag-b2b-es","11":"first","12":"instock","13":"taxable","14":"shipping-taxable","15":"purchasable","16":"product-type-simple"},"brands":[{"id":3766,"name":"Relaci\u00f3n extrema","slug":"relacion-extrema"}],"_links":{"self":[{"href":"https:\/\/www.moskito.cz\/es\/wp-json\/wp\/v2\/product\/319129","targetHints":{"allow":["GET"]}}],"collection":[{"href":"https:\/\/www.moskito.cz\/es\/wp-json\/wp\/v2\/product"}],"about":[{"href":"https:\/\/www.moskito.cz\/es\/wp-json\/wp\/v2\/types\/product"}],"replies":[{"embeddable":true,"href":"https:\/\/www.moskito.cz\/es\/wp-json\/wp\/v2\/comments?post=319129"}],"wp:featuredmedia":[{"embeddable":true,"href":"https:\/\/www.moskito.cz\/es\/wp-json\/wp\/v2\/media\/319130"}],"wp:attachment":[{"href":"https:\/\/www.moskito.cz\/es\/wp-json\/wp\/v2\/media?parent=319129"}],"wp:term":[{"taxonomy":"pwb-brand","embeddable":true,"href":"https:\/\/www.moskito.cz\/es\/wp-json\/wp\/v2\/pwb-brand?post=319129"},{"taxonomy":"product_brand","embeddable":true,"href":"https:\/\/www.moskito.cz\/es\/wp-json\/wp\/v2\/product_brand?post=319129"},{"taxonomy":"product_cat","embeddable":true,"href":"https:\/\/www.moskito.cz\/es\/wp-json\/wp\/v2\/product_cat?post=319129"},{"taxonomy":"product_tag","embeddable":true,"href":"https:\/\/www.moskito.cz\/es\/wp-json\/wp\/v2\/product_tag?post=319129"}],"curies":[{"name":"wp","href":"https:\/\/api.w.org\/{rel}","templated":true}]}}